{"id":41890,"date":"2020-04-14T14:12:49","date_gmt":"2020-04-14T12:12:49","guid":{"rendered":"http:\/\/52.31.238.78\/?page_id=41890"},"modified":"2023-04-27T12:28:58","modified_gmt":"2023-04-27T10:28:58","slug":"t2open","status":"publish","type":"page","link":"https:\/\/www.t2o.com\/en\/t2open\/","title":{"rendered":"T2\u00f3pen"},"content":{"rendered":"[vc_row type=&#8221;in_container&#8221; full_screen_row_position=&#8221;middle&#8221; column_margin=&#8221;default&#8221; scene_position=&#8221;center&#8221; text_color=&#8221;dark&#8221; text_align=&#8221;left&#8221; overlay_strength=&#8221;0.3&#8243; shape_divider_position=&#8221;bottom&#8221; bg_image_animation=&#8221;none&#8221;][vc_column column_padding=&#8221;no-extra-padding&#8221; column_padding_position=&#8221;all&#8221; background_color_opacity=&#8221;1&#8243; background_hover_color_opacity=&#8221;1&#8243; column_link_target=&#8221;_self&#8221; column_shadow=&#8221;none&#8221; column_border_radius=&#8221;none&#8221; width=&#8221;1\/1&#8243; tablet_width_inherit=&#8221;default&#8221; tablet_text_alignment=&#8221;default&#8221; phone_text_alignment=&#8221;default&#8221; overlay_strength=&#8221;0.3&#8243; column_border_width=&#8221;none&#8221; column_border_style=&#8221;solid&#8221; bg_image_animation=&#8221;none&#8221;][vc_row_inner column_margin=&#8221;default&#8221; top_padding=&#8221;6%&#8221; text_align=&#8221;left&#8221;][vc_column_inner column_padding=&#8221;no-extra-padding&#8221; column_padding_position=&#8221;all&#8221; background_color_opacity=&#8221;1&#8243; background_hover_color_opacity=&#8221;1&#8243; column_shadow=&#8221;none&#8221; column_border_radius=&#8221;none&#8221; column_link_target=&#8221;_self&#8221; width=&#8221;1\/1&#8243; tablet_width_inherit=&#8221;default&#8221; overlay_strength=&#8221;0.3&#8243; column_border_width=&#8221;none&#8221; column_border_style=&#8221;solid&#8221; bg_image_animation=&#8221;none&#8221;][vc_custom_heading text=&#8221;Insights, events<br \/>\nand press.&#8221; font_container=&#8221;tag:h1|font_size:120px|text_align:left|line_height:120px&#8221; use_theme_fonts=&#8221;yes&#8221;][\/vc_column_inner][\/vc_row_inner][vc_row_inner column_margin=&#8221;default&#8221; bottom_padding=&#8221;12%&#8221; text_align=&#8221;left&#8221;][vc_column_inner column_padding=&#8221;no-extra-padding&#8221; column_padding_position=&#8221;top&#8221; background_color_opacity=&#8221;1&#8243; background_hover_color_opacity=&#8221;1&#8243; column_shadow=&#8221;none&#8221; column_border_radius=&#8221;none&#8221; column_link_target=&#8221;_self&#8221; width=&#8221;2\/3&#8243; tablet_width_inherit=&#8221;default&#8221; overlay_strength=&#8221;0.3&#8243; column_border_width=&#8221;none&#8221; column_border_style=&#8221;solid&#8221; bg_image_animation=&#8221;none&#8221;][vc_raw_html]JTNDYSUyMGNsYXNzJTNEJTIycG9wbWFrZS0zMTc4ODQlMjBuZWN0YXItYnV0dG9uJTIwbi1zYy1idXR0b24lMjBqdW1ibyUyMHNlZS10aHJvdWdoJTIwaGFzLWljb24lMjIlMjBzdHlsZSUzRCUyMnZpc2liaWxpdHklM0ElMjB2aXNpYmxlJTNCJTIwY29sb3IlM0ElMjAlMjM0Yjg2ZmUlM0IlMjBib3JkZXItY29sb3IlM0ElMjByZ2JhJTI4NzUlMkMlMjAxMzQlMkMlMjAyNTQlMkMlMjAwLjc1JTI5JTNCJTIyJTIwaHJlZiUzRCUyMiUyMyUyMiUyMGRhdGEtY29sb3Itb3ZlcnJpZGUlM0QlMjIlMjM0Yjg2ZmUlMjIlMjBkYXRhLWhvdmVyLWNvbG9yLW92ZXJyaWRlJTNEJTIyZmFsc2UlMjIlMjBkYXRhLWhvdmVyLXRleHQtY29sb3Itb3ZlcnJpZGUlM0QlMjIlMjM0Yjg2ZmUlMjIlM0UlM0NzcGFuJTNFU2lnbiUyMHVwJTIwdG8lMjByZWNlaXZlJTIwdDIlQzMlQjMlMjBuZXdzJTIwJTI2JTIwaW5zaWdodHMlM0MlMkZzcGFuJTNFJTNDaSUyMGNsYXNzJTNEJTIyaWNvbi1idXR0b24tYXJyb3clMjIlMjBzdHlsZSUzRCUyMmNvbG9yJTNBJTIwJTIzNGI4NmZlJTNCJTIyJTNFJTNDJTJGaSUzRSUzQyUyRmElM0U=[\/vc_raw_html][\/vc_column_inner][vc_column_inner column_padding=&#8221;no-extra-padding&#8221; column_padding_position=&#8221;all&#8221; background_color_opacity=&#8221;1&#8243; background_hover_color_opacity=&#8221;1&#8243; column_shadow=&#8221;none&#8221; column_border_radius=&#8221;none&#8221; column_link_target=&#8221;_self&#8221; width=&#8221;1\/3&#8243; tablet_width_inherit=&#8221;default&#8221; overlay_strength=&#8221;0.3&#8243; column_border_width=&#8221;none&#8221; column_border_style=&#8221;solid&#8221; bg_image_animation=&#8221;none&#8221;][vc_widget_sidebar sidebar_id=&#8221;blog-sidebar&#8221;][\/vc_column_inner][\/vc_row_inner][vc_row_inner column_margin=&#8221;default&#8221; text_align=&#8221;left&#8221;][vc_column_inner column_padding=&#8221;padding-10-percent&#8221; column_padding_position=&#8221;left-right&#8221; background_color_opacity=&#8221;1&#8243; background_hover_color_opacity=&#8221;1&#8243; column_shadow=&#8221;none&#8221; column_border_radius=&#8221;none&#8221; column_link_target=&#8221;_self&#8221; width=&#8221;1\/1&#8243; tablet_width_inherit=&#8221;default&#8221; overlay_strength=&#8221;0.3&#8243; column_border_width=&#8221;none&#8221; column_border_style=&#8221;solid&#8221; bg_image_animation=&#8221;none&#8221;][\/vc_column_inner][\/vc_row_inner][\/vc_column][\/vc_row][vc_row type=&#8221;in_container&#8221; full_screen_row_position=&#8221;middle&#8221; column_margin=&#8221;default&#8221; scene_position=&#8221;center&#8221; text_color=&#8221;dark&#8221; text_align=&#8221;left&#8221; overlay_strength=&#8221;0.3&#8243; shape_divider_position=&#8221;bottom&#8221; bg_image_animation=&#8221;none&#8221;][vc_column column_padding=&#8221;no-extra-padding&#8221; column_padding_position=&#8221;all&#8221; background_color_opacity=&#8221;1&#8243; background_hover_color_opacity=&#8221;1&#8243; column_link_target=&#8221;_self&#8221; column_shadow=&#8221;none&#8221; column_border_radius=&#8221;none&#8221; width=&#8221;1\/1&#8243; tablet_width_inherit=&#8221;default&#8221; tablet_text_alignment=&#8221;default&#8221; phone_text_alignment=&#8221;default&#8221; overlay_strength=&#8221;0.3&#8243; column_border_width=&#8221;none&#8221; column_border_style=&#8221;solid&#8221; bg_image_animation=&#8221;none&#8221;][vc_row_inner column_margin=&#8221;default&#8221; text_align=&#8221;left&#8221;][vc_column_inner column_padding=&#8221;padding-8-percent&#8221; column_padding_position=&#8221;left-right&#8221; background_color_opacity=&#8221;1&#8243; background_hover_color_opacity=&#8221;1&#8243; column_shadow=&#8221;none&#8221; column_border_radius=&#8221;none&#8221; column_link_target=&#8221;_self&#8221; width=&#8221;1\/1&#8243; tablet_width_inherit=&#8221;default&#8221; overlay_strength=&#8221;0.3&#8243; column_border_width=&#8221;none&#8221; column_border_style=&#8221;solid&#8221; bg_image_animation=&#8221;none&#8221;][nectar_blog layout=&#8221;masonry-blog-fullwidth&#8221; blog_masonry_style=&#8221;classic_enhanced&#8221; category=&#8221;all&#8221; enable_pagination=&#8221;true&#8221; pagination_type=&#8221;infinite_scroll&#8221; load_in_animation=&#8221;fade_in_from_bottom&#8221; order=&#8221;DESC&#8221; orderby=&#8221;date&#8221; posts_per_page=&#8221;10&#8243;][\/vc_column_inner][\/vc_row_inner][\/vc_column][\/vc_row]\n","protected":false},"excerpt":{"rendered":"<p>[vc_row type=&#8221;in_container&#8221; full_screen_row_position=&#8221;middle&#8221; column_margin=&#8221;default&#8221; scene_position=&#8221;center&#8221; text_color=&#8221;dark&#8221; text_align=&#8221;left&#8221; overlay_strength=&#8221;0.3&#8243; shape_divider_position=&#8221;bottom&#8221; bg_image_animation=&#8221;none&#8221;][vc_column column_padding=&#8221;no-extra-padding&#8221; column_padding_position=&#8221;all&#8221; background_color_opacity=&#8221;1&#8243; background_hover_color_opacity=&#8221;1&#8243; column_link_target=&#8221;_self&#8221; column_shadow=&#8221;none&#8221; column_border_radius=&#8221;none&#8221; width=&#8221;1\/1&#8243; tablet_width_inherit=&#8221;default&#8221; tablet_text_alignment=&#8221;default&#8221; phone_text_alignment=&#8221;default&#8221; overlay_strength=&#8221;0.3&#8243; column_border_width=&#8221;none&#8221; column_border_style=&#8221;solid&#8221; bg_image_animation=&#8221;none&#8221;][vc_row_inner column_margin=&#8221;default&#8221;&#8230;<\/p>\n","protected":false},"author":143,"featured_media":0,"parent":0,"menu_order":4,"comment_status":"closed","ping_status":"closed","template":"","meta":{"_acf_changed":false,"inline_featured_image":false,"footnotes":""},"acf":[],"yoast_head":"<!-- This site is optimized with the Yoast SEO plugin v22.2 - https:\/\/yoast.com\/wordpress\/plugins\/seo\/ -->\n<title>Every novelty in sector, gathered together. t2\u00f3<\/title>\n<meta name=\"description\" content=\"In t2\u00f3pen, you will be aware of any news of relevance in digital marketing, and you will not miss any of our events.\" \/>\n<meta name=\"robots\" content=\"index, follow, max-snippet:-1, max-image-preview:large, max-video-preview:-1\" \/>\n<link rel=\"canonical\" href=\"https:\/\/www.t2o.com\/en\/t2open\/\" \/>\n<meta property=\"og:locale\" content=\"en_US\" \/>\n<meta property=\"og:type\" content=\"article\" \/>\n<meta property=\"og:title\" content=\"Every novelty in sector, gathered together. t2\u00f3\" \/>\n<meta property=\"og:description\" content=\"In t2\u00f3pen, you will be aware of any news of relevance in digital marketing, and you will not miss any of our events.\" \/>\n<meta property=\"og:url\" content=\"https:\/\/www.t2o.com\/en\/t2open\/\" \/>\n<meta property=\"og:site_name\" content=\"t2\u00f3\" \/>\n<meta property=\"article:modified_time\" content=\"2023-04-27T10:28:58+00:00\" \/>\n<meta name=\"twitter:card\" content=\"summary_large_image\" \/>\n<meta name=\"twitter:label1\" content=\"Est. reading time\" \/>\n\t<meta name=\"twitter:data1\" content=\"1 minute\" \/>\n<script type=\"application\/ld+json\" class=\"yoast-schema-graph\">{\"@context\":\"https:\/\/schema.org\",\"@graph\":[{\"@type\":\"WebPage\",\"@id\":\"https:\/\/www.t2o.com\/en\/t2open\/\",\"url\":\"https:\/\/www.t2o.com\/en\/t2open\/\",\"name\":\"Every novelty in sector, gathered together. t2\u00f3\",\"isPartOf\":{\"@id\":\"https:\/\/www.t2o.com\/en\/#website\"},\"datePublished\":\"2020-04-14T12:12:49+00:00\",\"dateModified\":\"2023-04-27T10:28:58+00:00\",\"description\":\"In t2\u00f3pen, you will be aware of any news of relevance in digital marketing, and you will not miss any of our events.\",\"breadcrumb\":{\"@id\":\"https:\/\/www.t2o.com\/en\/t2open\/#breadcrumb\"},\"inLanguage\":\"en-US\",\"potentialAction\":[{\"@type\":\"ReadAction\",\"target\":[\"https:\/\/www.t2o.com\/en\/t2open\/\"]}]},{\"@type\":\"BreadcrumbList\",\"@id\":\"https:\/\/www.t2o.com\/en\/t2open\/#breadcrumb\",\"itemListElement\":[{\"@type\":\"ListItem\",\"position\":1,\"name\":\"Portada\",\"item\":\"https:\/\/www.t2o.com\/en\/\"},{\"@type\":\"ListItem\",\"position\":2,\"name\":\"T2\u00f3pen\"}]},{\"@type\":\"WebSite\",\"@id\":\"https:\/\/www.t2o.com\/en\/#website\",\"url\":\"https:\/\/www.t2o.com\/en\/\",\"name\":\"t2\u00f3\",\"description\":\"t2\u00f3 media agencia de medios digital independiente que dise\u00f1a y gestiona estrategias integrales de comunicaci\u00f3n y publicidad orientadas a resultados\",\"potentialAction\":[{\"@type\":\"SearchAction\",\"target\":{\"@type\":\"EntryPoint\",\"urlTemplate\":\"https:\/\/www.t2o.com\/en\/?s={search_term_string}\"},\"query-input\":\"required name=search_term_string\"}],\"inLanguage\":\"en-US\"}]}<\/script>\n<!-- \/ Yoast SEO plugin. -->","yoast_head_json":{"title":"Every novelty in sector, gathered together. t2\u00f3","description":"In t2\u00f3pen, you will be aware of any news of relevance in digital marketing, and you will not miss any of our events.","robots":{"index":"index","follow":"follow","max-snippet":"max-snippet:-1","max-image-preview":"max-image-preview:large","max-video-preview":"max-video-preview:-1"},"canonical":"https:\/\/www.t2o.com\/en\/t2open\/","og_locale":"en_US","og_type":"article","og_title":"Every novelty in sector, gathered together. t2\u00f3","og_description":"In t2\u00f3pen, you will be aware of any news of relevance in digital marketing, and you will not miss any of our events.","og_url":"https:\/\/www.t2o.com\/en\/t2open\/","og_site_name":"t2\u00f3","article_modified_time":"2023-04-27T10:28:58+00:00","twitter_card":"summary_large_image","twitter_misc":{"Est. reading time":"1 minute"},"schema":{"@context":"https:\/\/schema.org","@graph":[{"@type":"WebPage","@id":"https:\/\/www.t2o.com\/en\/t2open\/","url":"https:\/\/www.t2o.com\/en\/t2open\/","name":"Every novelty in sector, gathered together. t2\u00f3","isPartOf":{"@id":"https:\/\/www.t2o.com\/en\/#website"},"datePublished":"2020-04-14T12:12:49+00:00","dateModified":"2023-04-27T10:28:58+00:00","description":"In t2\u00f3pen, you will be aware of any news of relevance in digital marketing, and you will not miss any of our events.","breadcrumb":{"@id":"https:\/\/www.t2o.com\/en\/t2open\/#breadcrumb"},"inLanguage":"en-US","potentialAction":[{"@type":"ReadAction","target":["https:\/\/www.t2o.com\/en\/t2open\/"]}]},{"@type":"BreadcrumbList","@id":"https:\/\/www.t2o.com\/en\/t2open\/#breadcrumb","itemListElement":[{"@type":"ListItem","position":1,"name":"Portada","item":"https:\/\/www.t2o.com\/en\/"},{"@type":"ListItem","position":2,"name":"T2\u00f3pen"}]},{"@type":"WebSite","@id":"https:\/\/www.t2o.com\/en\/#website","url":"https:\/\/www.t2o.com\/en\/","name":"t2\u00f3","description":"t2\u00f3 media agencia de medios digital independiente que dise\u00f1a y gestiona estrategias integrales de comunicaci\u00f3n y publicidad orientadas a resultados","potentialAction":[{"@type":"SearchAction","target":{"@type":"EntryPoint","urlTemplate":"https:\/\/www.t2o.com\/en\/?s={search_term_string}"},"query-input":"required name=search_term_string"}],"inLanguage":"en-US"}]}},"_links":{"self":[{"href":"https:\/\/www.t2o.com\/en\/wp-json\/wp\/v2\/pages\/41890"}],"collection":[{"href":"https:\/\/www.t2o.com\/en\/wp-json\/wp\/v2\/pages"}],"about":[{"href":"https:\/\/www.t2o.com\/en\/wp-json\/wp\/v2\/types\/page"}],"author":[{"embeddable":true,"href":"https:\/\/www.t2o.com\/en\/wp-json\/wp\/v2\/users\/143"}],"replies":[{"embeddable":true,"href":"https:\/\/www.t2o.com\/en\/wp-json\/wp\/v2\/comments?post=41890"}],"version-history":[{"count":7,"href":"https:\/\/www.t2o.com\/en\/wp-json\/wp\/v2\/pages\/41890\/revisions"}],"predecessor-version":[{"id":317894,"href":"https:\/\/www.t2o.com\/en\/wp-json\/wp\/v2\/pages\/41890\/revisions\/317894"}],"wp:attachment":[{"href":"https:\/\/www.t2o.com\/en\/wp-json\/wp\/v2\/media?parent=41890"}],"curies":[{"name":"wp","href":"https:\/\/api.w.org\/{rel}","templated":true}]}}