{"id":41900,"date":"2017-02-07T15:05:55","date_gmt":"2017-02-07T13:05:55","guid":{"rendered":"http:\/\/52.31.238.78\/?page_id=41900"},"modified":"2023-06-12T12:42:31","modified_gmt":"2023-06-12T10:42:31","slug":"contact","status":"publish","type":"page","link":"https:\/\/www.t2o.com\/en\/contact\/","title":{"rendered":"Contact"},"content":{"rendered":"[vc_row type=&#8221;full_width_background&#8221; full_screen_row_position=&#8221;middle&#8221; column_margin=&#8221;default&#8221; scene_position=&#8221;center&#8221; text_color=&#8221;dark&#8221; text_align=&#8221;left&#8221; overlay_strength=&#8221;0.3&#8243; shape_divider_position=&#8221;bottom&#8221; bg_image_animation=&#8221;none&#8221; shape_type=&#8221;&#8221;][vc_column column_padding=&#8221;no-extra-padding&#8221; column_padding_position=&#8221;all&#8221; background_color_opacity=&#8221;1&#8243; background_hover_color_opacity=&#8221;1&#8243; column_link_target=&#8221;_self&#8221; column_shadow=&#8221;none&#8221; column_border_radius=&#8221;none&#8221; width=&#8221;1\/1&#8243; tablet_width_inherit=&#8221;default&#8221; tablet_text_alignment=&#8221;default&#8221; phone_text_alignment=&#8221;default&#8221; overlay_strength=&#8221;0.3&#8243; column_border_width=&#8221;none&#8221; column_border_style=&#8221;solid&#8221; bg_image_animation=&#8221;none&#8221;][vc_row_inner column_margin=&#8221;default&#8221; text_align=&#8221;left&#8221;][vc_column_inner column_padding=&#8221;no-extra-padding&#8221; column_padding_position=&#8221;all&#8221; background_color_opacity=&#8221;1&#8243; background_hover_color_opacity=&#8221;1&#8243; column_shadow=&#8221;none&#8221; column_border_radius=&#8221;none&#8221; top_margin=&#8221;100&#8243; bottom_margin=&#8221;160&#8243; column_link_target=&#8221;_self&#8221; width=&#8221;1\/1&#8243; tablet_width_inherit=&#8221;default&#8221; overlay_strength=&#8221;0.3&#8243; column_border_width=&#8221;none&#8221; column_border_style=&#8221;solid&#8221; bg_image_animation=&#8221;none&#8221;][vc_custom_heading text=&#8221;Say hello.&#8221; font_container=&#8221;tag:h1|font_size:120px|text_align:left|color:%23111619|line_height:120px&#8221; use_theme_fonts=&#8221;yes&#8221;][\/vc_column_inner][\/vc_row_inner][\/vc_column][\/vc_row][vc_row type=&#8221;full_width_background&#8221; full_screen_row_position=&#8221;middle&#8221; column_margin=&#8221;default&#8221; scene_position=&#8221;center&#8221; text_color=&#8221;dark&#8221; text_align=&#8221;left&#8221; overlay_strength=&#8221;0.3&#8243; shape_divider_position=&#8221;bottom&#8221; bg_image_animation=&#8221;none&#8221; shape_type=&#8221;&#8221;][vc_column column_padding=&#8221;no-extra-padding&#8221; column_padding_position=&#8221;all&#8221; background_color_opacity=&#8221;1&#8243; background_hover_color_opacity=&#8221;1&#8243; column_link_target=&#8221;_self&#8221; column_shadow=&#8221;none&#8221; column_border_radius=&#8221;none&#8221; width=&#8221;1\/1&#8243; tablet_width_inherit=&#8221;default&#8221; tablet_text_alignment=&#8221;default&#8221; phone_text_alignment=&#8221;default&#8221; overlay_strength=&#8221;0.3&#8243; column_border_width=&#8221;none&#8221; column_border_style=&#8221;solid&#8221; bg_image_animation=&#8221;none&#8221;][vc_row_inner column_margin=&#8221;default&#8221; text_align=&#8221;left&#8221;][vc_column_inner column_padding=&#8221;no-extra-padding&#8221; column_padding_position=&#8221;all&#8221; background_color_opacity=&#8221;1&#8243; background_hover_color_opacity=&#8221;1&#8243; column_shadow=&#8221;none&#8221; column_border_radius=&#8221;none&#8221; column_link_target=&#8221;_self&#8221; el_class=&#8221;content-padding_form&#8221; width=&#8221;1\/1&#8243; tablet_width_inherit=&#8221;default&#8221; overlay_strength=&#8221;0.3&#8243; column_border_width=&#8221;none&#8221; column_border_style=&#8221;solid&#8221; bg_image_animation=&#8221;none&#8221;][vc_custom_heading text=&#8221;If you want to grow your business through the digital ecosystem or you are interested in any of our services, tell us a little more about yourself.&#8221; font_container=&#8221;tag:h2|font_size:40px|text_align:left|line_height:48px&#8221; use_theme_fonts=&#8221;yes&#8221;][vc_raw_html css=&#8221;.vc_custom_1686566543792{margin-top: 100px !important;margin-bottom: 100px !important;}&#8221;]JTNDc2NyaXB0JTIwY2hhcnNldCUzRCUyMnV0Zi04JTIyJTIwdHlwZSUzRCUyMnRleHQlMkZqYXZhc2NyaXB0JTIyJTIwc3JjJTNEJTIyJTJGJTJGanMtZXUxLmhzZm9ybXMubmV0JTJGZm9ybXMlMkZlbWJlZCUyRnYyLmpzJTIyJTNFJTNDJTJGc2NyaXB0JTNFJTBBJTNDc2NyaXB0JTNFJTBBJTIwJTIwaGJzcHQuZm9ybXMuY3JlYXRlJTI4JTdCJTBBJTIwJTIwJTIwJTIwcmVnaW9uJTNBJTIwJTIyZXUxJTIyJTJDJTBBJTIwJTIwJTIwJTIwcG9ydGFsSWQlM0ElMjAlMjIyNjY1NzE5NiUyMiUyQyUwQSUyMCUyMCUyMCUyMGZvcm1JZCUzQSUyMCUyMjZlOGRhMTkzLWI5OWEtNGNhZS1hMTFkLWRiMTdhMzA5NTc4NyUyMiUwQSUyMCUyMCU3RCUyOSUzQiUwQSUzQyUyRnNjcmlwdCUzRSUwQQ==[\/vc_raw_html][\/vc_column_inner][\/vc_row_inner][\/vc_column][\/vc_row][vc_row type=&#8221;full_width_background&#8221; full_screen_row_position=&#8221;middle&#8221; column_margin=&#8221;default&#8221; bg_color=&#8221;#111619&#8243; scene_position=&#8221;center&#8221; text_color=&#8221;light&#8221; text_align=&#8221;left&#8221; top_padding=&#8221;10%&#8221; bottom_padding=&#8221;10%&#8221; overlay_strength=&#8221;0.3&#8243; shape_divider_position=&#8221;bottom&#8221; bg_image_animation=&#8221;none&#8221; shape_type=&#8221;&#8221;][vc_column column_padding=&#8221;no-extra-padding&#8221; column_padding_position=&#8221;all&#8221; background_color_opacity=&#8221;1&#8243; background_hover_color_opacity=&#8221;1&#8243; column_link_target=&#8221;_self&#8221; column_shadow=&#8221;none&#8221; column_border_radius=&#8221;none&#8221; width=&#8221;1\/1&#8243; tablet_width_inherit=&#8221;default&#8221; tablet_text_alignment=&#8221;default&#8221; phone_text_alignment=&#8221;default&#8221; overlay_strength=&#8221;0.3&#8243; column_border_width=&#8221;none&#8221; column_border_style=&#8221;solid&#8221; bg_image_animation=&#8221;none&#8221;][vc_row_inner column_margin=&#8221;default&#8221; text_align=&#8221;left&#8221;][vc_column_inner column_padding=&#8221;padding-8-percent&#8221; column_padding_position=&#8221;top&#8221; background_color_opacity=&#8221;1&#8243; background_hover_color_opacity=&#8221;1&#8243; column_shadow=&#8221;none&#8221; column_border_radius=&#8221;none&#8221; column_link_target=&#8221;_self&#8221; width=&#8221;1\/1&#8243; tablet_width_inherit=&#8221;default&#8221; overlay_strength=&#8221;0.3&#8243; column_border_width=&#8221;none&#8221; column_border_style=&#8221;solid&#8221; bg_image_animation=&#8221;none&#8221;][vc_custom_heading text=&#8221;Our Offices&#8221; font_container=&#8221;tag:h6|text_align:left&#8221; use_theme_fonts=&#8221;yes&#8221;][divider line_type=&#8221;Full Width Line&#8221; line_thickness=&#8221;1&#8243; divider_color=&#8221;default&#8221;][\/vc_column_inner][\/vc_row_inner][\/vc_column][\/vc_row][vc_row type=&#8221;full_width_background&#8221; full_screen_row_position=&#8221;middle&#8221; column_margin=&#8221;default&#8221; bg_color=&#8221;#111619&#8243; scene_position=&#8221;center&#8221; text_color=&#8221;light&#8221; text_align=&#8221;left&#8221; bottom_padding=&#8221;16%&#8221; overlay_strength=&#8221;0.3&#8243; shape_divider_position=&#8221;bottom&#8221; bg_image_animation=&#8221;none&#8221; shape_type=&#8221;&#8221;][vc_column column_padding=&#8221;no-extra-padding&#8221; column_padding_position=&#8221;all&#8221; background_color_opacity=&#8221;1&#8243; background_hover_color_opacity=&#8221;1&#8243; column_link_target=&#8221;_self&#8221; column_shadow=&#8221;none&#8221; column_border_radius=&#8221;none&#8221; el_class=&#8221;content-padding&#8221; width=&#8221;1\/1&#8243; tablet_width_inherit=&#8221;small_desktop&#8221; tablet_text_alignment=&#8221;default&#8221; phone_text_alignment=&#8221;default&#8221; overlay_strength=&#8221;0.3&#8243; column_border_width=&#8221;none&#8221; column_border_style=&#8221;solid&#8221; bg_image_animation=&#8221;none&#8221;][vc_row_inner column_margin=&#8221;default&#8221; bottom_padding=&#8221;6%&#8221; text_align=&#8221;left&#8221;][vc_column_inner column_padding=&#8221;padding-1-percent&#8221; column_padding_position=&#8221;right&#8221; background_color_opacity=&#8221;1&#8243; background_hover_color_opacity=&#8221;1&#8243; column_shadow=&#8221;none&#8221; column_border_radius=&#8221;none&#8221; column_link_target=&#8221;_self&#8221; width=&#8221;1\/2&#8243; tablet_width_inherit=&#8221;small_desktop&#8221; overlay_strength=&#8221;0.3&#8243; column_border_width=&#8221;none&#8221; column_border_style=&#8221;solid&#8221; bg_image_animation=&#8221;none&#8221;][image_with_animation image_url=&#8221;40930&#8243; alignment=&#8221;center&#8221; animation=&#8221;None&#8221; hover_animation=&#8221;none&#8221; border_radius=&#8221;none&#8221; box_shadow=&#8221;none&#8221; image_loading=&#8221;default&#8221; max_width=&#8221;100%&#8221; max_width_mobile=&#8221;default&#8221;][vc_column_text]\n<div class=\"direction\">\n<div class=\"place\">\n<div class=\"place-city\">\n<h3>Madrid<\/h3>\n<\/div>\n<div class=\"place-map\"><a class=\"nectar-button n-sc-button jumbo see-through has-icon\"  href=\"https:\/\/goo.gl\/maps\/zYRW6s7t6g2yzuPN9\" data-color-override=\"#4b86fe\" data-hover-color-override=\"false\" data-hover-text-color-override=\"#4b86fe\"><span>Map<\/span><i class=\"icon-button-arrow\"><\/i><\/a><\/div>\n<\/div>\n<div class=\"contact-site\">Edificio Eurocentro<br \/>\nPoeta Joan Maragall 1,<br \/>\n4\u00aa planta<br \/>\n28020 Madrid (Espa\u00f1a)<br \/>\n<a href=\"tel:+34 91 535 80 66\" target=\"_blank\" rel=\"noopener noreferrer\">+34 91 535 80 66<\/a><br \/>\n<a href=\"mailto:info-web@t2o.com\">info-web@t2o.com<\/a><\/div>\n<\/div>\n[\/vc_column_text][\/vc_column_inner][vc_column_inner column_padding=&#8221;padding-1-percent&#8221; column_padding_position=&#8221;left&#8221; background_color_opacity=&#8221;1&#8243; background_hover_color_opacity=&#8221;1&#8243; column_shadow=&#8221;none&#8221; column_border_radius=&#8221;none&#8221; column_link_target=&#8221;_self&#8221; width=&#8221;1\/2&#8243; tablet_width_inherit=&#8221;small_desktop&#8221; overlay_strength=&#8221;0.3&#8243; column_border_width=&#8221;none&#8221; column_border_style=&#8221;solid&#8221; bg_image_animation=&#8221;none&#8221;][image_with_animation image_url=&#8221;40927&#8243; alignment=&#8221;center&#8221; animation=&#8221;None&#8221; hover_animation=&#8221;none&#8221; border_radius=&#8221;none&#8221; box_shadow=&#8221;none&#8221; image_loading=&#8221;default&#8221; max_width=&#8221;100%&#8221; max_width_mobile=&#8221;default&#8221;][vc_column_text]\n<div class=\"direction\">\n<div class=\"place\">\n<div class=\"place-city\">\n<h3>Barcelona<\/h3>\n<\/div>\n<div class=\"place-map\"><a class=\"nectar-button n-sc-button jumbo see-through has-icon\"  href=\"https:\/\/goo.gl\/maps\/w5fG76bub5XtgrSz6\" data-color-override=\"#4b86fe\" data-hover-color-override=\"false\" data-hover-text-color-override=\"#4b86fe\"><span>Map<\/span><i class=\"icon-button-arrow\"><\/i><\/a><\/div>\n<\/div>\n<div class=\"contact-site\">Barcelona Tech City,<br \/>\nPier 01. Palau de Mar<br \/>\nPla\u00e7a Pau Vila 1<br \/>\n08003 Barcelona (Espa\u00f1a)<br \/>\n<a href=\"mailto:info-web@t2o.com\">info-web@t2o.com<\/a><\/div>\n<\/div>\n[\/vc_column_text][\/vc_column_inner][\/vc_row_inner][vc_row_inner column_margin=&#8221;default&#8221; bottom_padding=&#8221;6%&#8221; text_align=&#8221;left&#8221;][vc_column_inner column_padding=&#8221;padding-1-percent&#8221; column_padding_position=&#8221;right&#8221; background_color_opacity=&#8221;1&#8243; background_hover_color_opacity=&#8221;1&#8243; column_shadow=&#8221;none&#8221; column_border_radius=&#8221;none&#8221; column_link_target=&#8221;_self&#8221; width=&#8221;1\/2&#8243; tablet_width_inherit=&#8221;small_desktop&#8221; overlay_strength=&#8221;0.3&#8243; column_border_width=&#8221;none&#8221; column_border_style=&#8221;solid&#8221; bg_image_animation=&#8221;none&#8221;][image_with_animation image_url=&#8221;40928&#8243; alignment=&#8221;center&#8221; animation=&#8221;None&#8221; hover_animation=&#8221;none&#8221; border_radius=&#8221;none&#8221; box_shadow=&#8221;none&#8221; image_loading=&#8221;default&#8221; max_width=&#8221;100%&#8221; max_width_mobile=&#8221;default&#8221;][vc_column_text]\n<div class=\"direction\">\n<div class=\"place\">\n<div class=\"place-city\">\n<h3>Ciudad de M\u00e9xico<\/h3>\n<\/div>\n<div class=\"place-map\"><a class=\"nectar-button n-sc-button jumbo see-through has-icon\"  href=\"https:\/\/goo.gl\/maps\/ejykLw2KP9fh3wyC8\" data-color-override=\"#4b86fe\" data-hover-color-override=\"false\" data-hover-text-color-override=\"#4b86fe\"><span>Map<\/span><i class=\"icon-button-arrow\"><\/i><\/a><\/div>\n<\/div>\n<div class=\"contact-site\">Ej\u00e9rcito Nacional #904<br \/>\nPiso 16 Col. Polanco<br \/>\n11560, Ciudad de M\u00e9xico<br \/>\n41616047<br \/>\n<a href=\"tel:+34 91 535 80 66\" target=\"_blank\" rel=\"noopener noreferrer\">+34 91 535 80 66<\/a><br \/>\n<a href=\"mailto:info.mexico@t2o.com\">info.mexico@t2o.com<\/a><\/div>\n<\/div>\n[\/vc_column_text][\/vc_column_inner][vc_column_inner column_padding=&#8221;padding-1-percent&#8221; column_padding_position=&#8221;left&#8221; background_color_opacity=&#8221;1&#8243; background_hover_color_opacity=&#8221;1&#8243; column_shadow=&#8221;none&#8221; column_border_radius=&#8221;none&#8221; column_link_target=&#8221;_self&#8221; width=&#8221;1\/2&#8243; tablet_width_inherit=&#8221;small_desktop&#8221; overlay_strength=&#8221;0.3&#8243; column_border_width=&#8221;none&#8221; column_border_style=&#8221;solid&#8221; bg_image_animation=&#8221;none&#8221;][image_with_animation image_url=&#8221;40929&#8243; alignment=&#8221;center&#8221; animation=&#8221;None&#8221; hover_animation=&#8221;none&#8221; border_radius=&#8221;none&#8221; box_shadow=&#8221;none&#8221; image_loading=&#8221;default&#8221; max_width=&#8221;100%&#8221; max_width_mobile=&#8221;default&#8221;][vc_column_text]\n<div class=\"direction\">\n<div class=\"place\">\n<div class=\"place-city\">\n<h3>Houston<\/h3>\n<\/div>\n<div class=\"place-map\"><a class=\"nectar-button n-sc-button jumbo see-through has-icon\"  href=\"https:\/\/g.page\/T2OmediaUSA?share\" data-color-override=\"#4b86fe\" data-hover-color-override=\"false\" data-hover-text-color-override=\"#4b86fe\"><span>Map<\/span><i class=\"icon-button-arrow\"><\/i><\/a><\/div>\n<\/div>\n<div class=\"contact-site\">3302 Canal Street<br \/>\nHouston, TX 77003<br \/>\n+1 (713) 559-2430<br \/>\n<a href=\"tel:+34 91 535 80 66\" target=\"_blank\" rel=\"noopener noreferrer\">+34 91 535 80 66<\/a><br \/>\n<a href=\"mailto:houston@t2o.com\">houston@t2o.com<\/a><\/div>\n<\/div>\n[\/vc_column_text][\/vc_column_inner][\/vc_row_inner][vc_row_inner column_margin=&#8221;default&#8221; bottom_padding=&#8221;6%&#8221; text_align=&#8221;left&#8221;][vc_column_inner column_padding=&#8221;padding-1-percent&#8221; column_padding_position=&#8221;right&#8221; background_color_opacity=&#8221;1&#8243; background_hover_color_opacity=&#8221;1&#8243; column_shadow=&#8221;none&#8221; column_border_radius=&#8221;none&#8221; column_link_target=&#8221;_self&#8221; width=&#8221;1\/2&#8243; tablet_width_inherit=&#8221;small_desktop&#8221; overlay_strength=&#8221;0.3&#8243; column_border_width=&#8221;none&#8221; column_border_style=&#8221;solid&#8221; bg_image_animation=&#8221;none&#8221;][image_with_animation image_url=&#8221;40932&#8243; alignment=&#8221;center&#8221; animation=&#8221;None&#8221; hover_animation=&#8221;none&#8221; border_radius=&#8221;none&#8221; box_shadow=&#8221;none&#8221; image_loading=&#8221;default&#8221; max_width=&#8221;100%&#8221; max_width_mobile=&#8221;default&#8221;][vc_column_text]\n<div class=\"direction\">\n<div class=\"place\">\n<div class=\"place-city\">\n<h3>Trento<\/h3>\n<\/div>\n<div class=\"place-map\"><a class=\"nectar-button n-sc-button jumbo see-through has-icon\"  href=\"https:\/\/goo.gl\/maps\/TKFLMjUVPAThzvXv9\" data-color-override=\"#4b86fe\" data-hover-color-override=\"false\" data-hover-text-color-override=\"#4b86fe\"><span>Map<\/span><i class=\"icon-button-arrow\"><\/i><\/a><\/div>\n<\/div>\n<div class=\"contact-site\">Via del Brennero 316<br \/>\nTorre A Sud<br \/>\n38121 Trento (Italia)<br \/>\n+39 0461 421817<br \/>\n<a href=\"mailto:info-italia@t2o.com\">info-italia@t2o.com<\/a><\/div>\n<\/div>\n[\/vc_column_text][\/vc_column_inner][vc_column_inner column_padding=&#8221;padding-1-percent&#8221; column_padding_position=&#8221;left&#8221; background_color_opacity=&#8221;1&#8243; background_hover_color_opacity=&#8221;1&#8243; column_shadow=&#8221;none&#8221; column_border_radius=&#8221;none&#8221; column_link_target=&#8221;_self&#8221; width=&#8221;1\/2&#8243; tablet_width_inherit=&#8221;small_desktop&#8221; overlay_strength=&#8221;0.3&#8243; column_border_width=&#8221;none&#8221; column_border_style=&#8221;solid&#8221; bg_image_animation=&#8221;none&#8221;][image_with_animation image_url=&#8221;40931&#8243; alignment=&#8221;center&#8221; animation=&#8221;None&#8221; hover_animation=&#8221;none&#8221; border_radius=&#8221;none&#8221; box_shadow=&#8221;none&#8221; image_loading=&#8221;default&#8221; max_width=&#8221;100%&#8221; max_width_mobile=&#8221;default&#8221;][vc_column_text]\n<div class=\"direction\">\n<div class=\"place\">\n<div class=\"place-city\">\n<h3>Milan<\/h3>\n<\/div>\n<div class=\"place-map\"><a class=\"nectar-button n-sc-button jumbo see-through has-icon\"  href=\"https:\/\/goo.gl\/maps\/CGaFAbEWyDrTq4m77\" data-color-override=\"#4b86fe\" data-hover-color-override=\"false\" data-hover-text-color-override=\"#4b86fe\"><span>Map<\/span><i class=\"icon-button-arrow\"><\/i><\/a><\/div>\n<\/div>\n<div class=\"contact-site\">Viale Coni Zugna 5\/A<br \/>\n20144 Milano (Italia)<br \/>\n+39 02 68856163<br \/>\n<a href=\"mailto:info-italia@t2o.com\">info-talia@t2o.com<\/a><\/div>\n<\/div>\n[\/vc_column_text][\/vc_column_inner][\/vc_row_inner][\/vc_column][\/vc_row]\n","protected":false},"excerpt":{"rendered":"<p>[vc_row type=&#8221;full_width_background&#8221; full_screen_row_position=&#8221;middle&#8221; column_margin=&#8221;default&#8221; scene_position=&#8221;center&#8221; text_color=&#8221;dark&#8221; text_align=&#8221;left&#8221; overlay_strength=&#8221;0.3&#8243; shape_divider_position=&#8221;bottom&#8221; bg_image_animation=&#8221;none&#8221; shape_type=&#8221;&#8221;][vc_column column_padding=&#8221;no-extra-padding&#8221; column_padding_position=&#8221;all&#8221; background_color_opacity=&#8221;1&#8243; background_hover_color_opacity=&#8221;1&#8243; column_link_target=&#8221;_self&#8221; column_shadow=&#8221;none&#8221; column_border_radius=&#8221;none&#8221; width=&#8221;1\/1&#8243; tablet_width_inherit=&#8221;default&#8221; tablet_text_alignment=&#8221;default&#8221; phone_text_alignment=&#8221;default&#8221; overlay_strength=&#8221;0.3&#8243; column_border_width=&#8221;none&#8221; column_border_style=&#8221;solid&#8221; bg_image_animation=&#8221;none&#8221;][vc_row_inner&#8230;<\/p>\n","protected":false},"author":144,"featured_media":0,"parent":0,"menu_order":6,"comment_status":"closed","ping_status":"closed","template":"","meta":{"_acf_changed":false,"inline_featured_image":false,"footnotes":""},"acf":[],"yoast_head":"<!-- This site is optimized with the Yoast SEO plugin v22.2 - https:\/\/yoast.com\/wordpress\/plugins\/seo\/ -->\n<title>Let&#039;s talk. t2\u00f3<\/title>\n<meta name=\"description\" content=\"Just let&#039;s begin by getting to know each other so we can grow together. With t2\u00f3 your business will evolve thanks to our digital sector knowledge and expertise\" \/>\n<meta name=\"robots\" content=\"index, follow, max-snippet:-1, max-image-preview:large, max-video-preview:-1\" \/>\n<link rel=\"canonical\" href=\"https:\/\/www.t2o.com\/en\/contact\/\" \/>\n<meta property=\"og:locale\" content=\"en_US\" \/>\n<meta property=\"og:type\" content=\"article\" \/>\n<meta property=\"og:title\" content=\"Let&#039;s talk. t2\u00f3\" \/>\n<meta property=\"og:description\" content=\"Just let&#039;s begin by getting to know each other so we can grow together. With t2\u00f3 your business will evolve thanks to our digital sector knowledge and expertise\" \/>\n<meta property=\"og:url\" content=\"https:\/\/www.t2o.com\/en\/contact\/\" \/>\n<meta property=\"og:site_name\" content=\"t2\u00f3\" \/>\n<meta property=\"article:modified_time\" content=\"2023-06-12T10:42:31+00:00\" \/>\n<meta name=\"twitter:card\" content=\"summary_large_image\" \/>\n<meta name=\"twitter:label1\" content=\"Est. reading time\" \/>\n\t<meta name=\"twitter:data1\" content=\"3 minutes\" \/>\n<script type=\"application\/ld+json\" class=\"yoast-schema-graph\">{\"@context\":\"https:\/\/schema.org\",\"@graph\":[{\"@type\":\"WebPage\",\"@id\":\"https:\/\/www.t2o.com\/en\/contact\/\",\"url\":\"https:\/\/www.t2o.com\/en\/contact\/\",\"name\":\"Let's talk. t2\u00f3\",\"isPartOf\":{\"@id\":\"https:\/\/www.t2o.com\/en\/#website\"},\"datePublished\":\"2017-02-07T13:05:55+00:00\",\"dateModified\":\"2023-06-12T10:42:31+00:00\",\"description\":\"Just let's begin by getting to know each other so we can grow together. With t2\u00f3 your business will evolve thanks to our digital sector knowledge and expertise\",\"breadcrumb\":{\"@id\":\"https:\/\/www.t2o.com\/en\/contact\/#breadcrumb\"},\"inLanguage\":\"en-US\",\"potentialAction\":[{\"@type\":\"ReadAction\",\"target\":[\"https:\/\/www.t2o.com\/en\/contact\/\"]}]},{\"@type\":\"BreadcrumbList\",\"@id\":\"https:\/\/www.t2o.com\/en\/contact\/#breadcrumb\",\"itemListElement\":[{\"@type\":\"ListItem\",\"position\":1,\"name\":\"Portada\",\"item\":\"https:\/\/www.t2o.com\/en\/\"},{\"@type\":\"ListItem\",\"position\":2,\"name\":\"Contact\"}]},{\"@type\":\"WebSite\",\"@id\":\"https:\/\/www.t2o.com\/en\/#website\",\"url\":\"https:\/\/www.t2o.com\/en\/\",\"name\":\"t2\u00f3\",\"description\":\"t2\u00f3 media agencia de medios digital independiente que dise\u00f1a y gestiona estrategias integrales de comunicaci\u00f3n y publicidad orientadas a resultados\",\"potentialAction\":[{\"@type\":\"SearchAction\",\"target\":{\"@type\":\"EntryPoint\",\"urlTemplate\":\"https:\/\/www.t2o.com\/en\/?s={search_term_string}\"},\"query-input\":\"required name=search_term_string\"}],\"inLanguage\":\"en-US\"}]}<\/script>\n<!-- \/ Yoast SEO plugin. -->","yoast_head_json":{"title":"Let's talk. t2\u00f3","description":"Just let's begin by getting to know each other so we can grow together. With t2\u00f3 your business will evolve thanks to our digital sector knowledge and expertise","robots":{"index":"index","follow":"follow","max-snippet":"max-snippet:-1","max-image-preview":"max-image-preview:large","max-video-preview":"max-video-preview:-1"},"canonical":"https:\/\/www.t2o.com\/en\/contact\/","og_locale":"en_US","og_type":"article","og_title":"Let's talk. t2\u00f3","og_description":"Just let's begin by getting to know each other so we can grow together. With t2\u00f3 your business will evolve thanks to our digital sector knowledge and expertise","og_url":"https:\/\/www.t2o.com\/en\/contact\/","og_site_name":"t2\u00f3","article_modified_time":"2023-06-12T10:42:31+00:00","twitter_card":"summary_large_image","twitter_misc":{"Est. reading time":"3 minutes"},"schema":{"@context":"https:\/\/schema.org","@graph":[{"@type":"WebPage","@id":"https:\/\/www.t2o.com\/en\/contact\/","url":"https:\/\/www.t2o.com\/en\/contact\/","name":"Let's talk. t2\u00f3","isPartOf":{"@id":"https:\/\/www.t2o.com\/en\/#website"},"datePublished":"2017-02-07T13:05:55+00:00","dateModified":"2023-06-12T10:42:31+00:00","description":"Just let's begin by getting to know each other so we can grow together. With t2\u00f3 your business will evolve thanks to our digital sector knowledge and expertise","breadcrumb":{"@id":"https:\/\/www.t2o.com\/en\/contact\/#breadcrumb"},"inLanguage":"en-US","potentialAction":[{"@type":"ReadAction","target":["https:\/\/www.t2o.com\/en\/contact\/"]}]},{"@type":"BreadcrumbList","@id":"https:\/\/www.t2o.com\/en\/contact\/#breadcrumb","itemListElement":[{"@type":"ListItem","position":1,"name":"Portada","item":"https:\/\/www.t2o.com\/en\/"},{"@type":"ListItem","position":2,"name":"Contact"}]},{"@type":"WebSite","@id":"https:\/\/www.t2o.com\/en\/#website","url":"https:\/\/www.t2o.com\/en\/","name":"t2\u00f3","description":"t2\u00f3 media agencia de medios digital independiente que dise\u00f1a y gestiona estrategias integrales de comunicaci\u00f3n y publicidad orientadas a resultados","potentialAction":[{"@type":"SearchAction","target":{"@type":"EntryPoint","urlTemplate":"https:\/\/www.t2o.com\/en\/?s={search_term_string}"},"query-input":"required name=search_term_string"}],"inLanguage":"en-US"}]}},"_links":{"self":[{"href":"https:\/\/www.t2o.com\/en\/wp-json\/wp\/v2\/pages\/41900"}],"collection":[{"href":"https:\/\/www.t2o.com\/en\/wp-json\/wp\/v2\/pages"}],"about":[{"href":"https:\/\/www.t2o.com\/en\/wp-json\/wp\/v2\/types\/page"}],"author":[{"embeddable":true,"href":"https:\/\/www.t2o.com\/en\/wp-json\/wp\/v2\/users\/144"}],"replies":[{"embeddable":true,"href":"https:\/\/www.t2o.com\/en\/wp-json\/wp\/v2\/comments?post=41900"}],"version-history":[{"count":19,"href":"https:\/\/www.t2o.com\/en\/wp-json\/wp\/v2\/pages\/41900\/revisions"}],"predecessor-version":[{"id":324955,"href":"https:\/\/www.t2o.com\/en\/wp-json\/wp\/v2\/pages\/41900\/revisions\/324955"}],"wp:attachment":[{"href":"https:\/\/www.t2o.com\/en\/wp-json\/wp\/v2\/media?parent=41900"}],"curies":[{"name":"wp","href":"https:\/\/api.w.org\/{rel}","templated":true}]}}