{"id":41909,"date":"2020-04-14T17:05:27","date_gmt":"2020-04-14T15:05:27","guid":{"rendered":"http:\/\/52.31.238.78\/?page_id=41909"},"modified":"2020-04-23T19:47:28","modified_gmt":"2020-04-23T17:47:28","slug":"privacy-policy","status":"publish","type":"page","link":"https:\/\/www.t2o.com\/en\/privacy-policy\/","title":{"rendered":"Privacy Policy"},"content":{"rendered":"[vc_row type=&#8221;in_container&#8221; full_screen_row_position=&#8221;middle&#8221; column_margin=&#8221;default&#8221; scene_position=&#8221;center&#8221; text_color=&#8221;dark&#8221; text_align=&#8221;left&#8221; overlay_strength=&#8221;0.3&#8243; shape_divider_position=&#8221;bottom&#8221; bg_image_animation=&#8221;none&#8221;][vc_column column_padding=&#8221;no-extra-padding&#8221; column_padding_position=&#8221;all&#8221; background_color_opacity=&#8221;1&#8243; background_hover_color_opacity=&#8221;1&#8243; column_link_target=&#8221;_self&#8221; column_shadow=&#8221;none&#8221; column_border_radius=&#8221;none&#8221; width=&#8221;1\/1&#8243; tablet_width_inherit=&#8221;default&#8221; tablet_text_alignment=&#8221;default&#8221; phone_text_alignment=&#8221;default&#8221; overlay_strength=&#8221;0.3&#8243; column_border_width=&#8221;none&#8221; column_border_style=&#8221;solid&#8221; bg_image_animation=&#8221;none&#8221;][vc_row_inner column_margin=&#8221;default&#8221; text_align=&#8221;left&#8221;][vc_column_inner column_padding=&#8221;no-extra-padding&#8221; column_padding_position=&#8221;all&#8221; background_color_opacity=&#8221;1&#8243; background_hover_color_opacity=&#8221;1&#8243; column_shadow=&#8221;none&#8221; column_border_radius=&#8221;none&#8221; column_link_target=&#8221;_self&#8221; width=&#8221;2\/3&#8243; tablet_width_inherit=&#8221;default&#8221; overlay_strength=&#8221;0.3&#8243; column_border_width=&#8221;none&#8221; column_border_style=&#8221;solid&#8221; bg_image_animation=&#8221;none&#8221;][vc_custom_heading text=&#8221;Privacy<br \/>\nPolicy.&#8221; font_container=&#8221;tag:h1|font_size:120px|text_align:left|line_height:132px&#8221; use_theme_fonts=&#8221;yes&#8221; css_animation=&#8221;none&#8221;][\/vc_column_inner][vc_column_inner column_padding=&#8221;no-extra-padding&#8221; column_padding_position=&#8221;all&#8221; background_color_opacity=&#8221;1&#8243; background_hover_color_opacity=&#8221;1&#8243; column_shadow=&#8221;none&#8221; column_border_radius=&#8221;none&#8221; column_link_target=&#8221;_self&#8221; width=&#8221;1\/3&#8243; tablet_width_inherit=&#8221;default&#8221; overlay_strength=&#8221;0.3&#8243; column_border_width=&#8221;none&#8221; column_border_style=&#8221;solid&#8221; bg_image_animation=&#8221;none&#8221;][\/vc_column_inner][\/vc_row_inner][\/vc_column][\/vc_row][vc_row type=&#8221;in_container&#8221; full_screen_row_position=&#8221;middle&#8221; column_margin=&#8221;default&#8221; scene_position=&#8221;center&#8221; text_color=&#8221;dark&#8221; text_align=&#8221;left&#8221; top_padding=&#8221;8%&#8221; bottom_padding=&#8221;8%&#8221; overlay_strength=&#8221;0.3&#8243; shape_divider_position=&#8221;bottom&#8221; bg_image_animation=&#8221;none&#8221; shape_type=&#8221;&#8221;][vc_column column_padding=&#8221;no-extra-padding&#8221; column_padding_position=&#8221;all&#8221; background_color_opacity=&#8221;1&#8243; background_hover_color_opacity=&#8221;1&#8243; column_link_target=&#8221;_self&#8221; column_shadow=&#8221;none&#8221; column_border_radius=&#8221;none&#8221; el_class=&#8221;legales-menu&#8221; width=&#8221;1\/2&#8243; tablet_width_inherit=&#8221;default&#8221; tablet_text_alignment=&#8221;default&#8221; phone_text_alignment=&#8221;default&#8221; overlay_strength=&#8221;0.3&#8243; column_border_width=&#8221;none&#8221; column_border_style=&#8221;solid&#8221; bg_image_animation=&#8221;none&#8221;][vc_widget_sidebar enable_sticky=&#8221;true&#8221; sidebar_id=&#8221;page-sidebar&#8221; el_class=&#8221;legal-menu&#8221;][\/vc_column][vc_column column_padding=&#8221;no-extra-padding&#8221; column_padding_position=&#8221;all&#8221; background_color_opacity=&#8221;1&#8243; background_hover_color_opacity=&#8221;1&#8243; column_link_target=&#8221;_self&#8221; column_shadow=&#8221;none&#8221; column_border_radius=&#8221;none&#8221; width=&#8221;1\/2&#8243; tablet_width_inherit=&#8221;default&#8221; tablet_text_alignment=&#8221;default&#8221; phone_text_alignment=&#8221;default&#8221; overlay_strength=&#8221;0.3&#8243; column_border_width=&#8221;none&#8221; column_border_style=&#8221;solid&#8221; bg_image_animation=&#8221;none&#8221;][vc_column_text]\n<div class=\"legal-page\">\n<h3 id=\"legal-responsible\" class=\"legal-title\">Which is the company responsible for your data treatment?<\/h3>\n<p class=\"legal-text\">The company responsible for the treatment of your data is t2\u00f3 AdMedia Services, S.L. (hereinafter, t2\u00f3), with CIF B-83859850 and with registered office at Calle del Poeta Joan Maragall 1, 28020 Madrid, and registered in the Mercantile Registry of Madrid, Volume 19.627, Folio 1, Section 8, Sheet M-345.040 This data protection policy regulates access and use of the website service (hereinafter, the Website) that t2\u00f3 makes available to Users interested in the services offered by t2\u00f3.<\/p>\n<h3 id=\"legal-recomendations\" class=\"legal-title\">Recomendations<\/h3>\n<p class=\"legal-text\">Please read carefully and follow the recommendations:<\/p>\n<p class=\"legal-text\">Use passwords with a minimum length of 8 characters, alphanumeric and with upper and lower case. Keep installed and duly updated antivirus software on your computer, which guarantees that your computer is free of malicious software, as well as spyware applications that put your Internet browsing at risk, and endanger the information hosted on the computer. Review and read the legal texts that t2\u00f3 makes available to you on the Website.<\/p>\n<h3 id=\"legal-legit\" class=\"legal-title\">Why is t2\u00f3 legitimized to carry out the processing of your data?<\/h3>\n<p class=\"legal-text\">t2\u00f3 has legitimacy for the treatment of your data for the provision of the Services offered on the Website.<\/p>\n<p class=\"legal-text\">The communication of personal data by the User to t2\u00f3 is a necessary requirement for the provision of the Services offered on the Website, for what, the omission of the information will make the provision of the Services by t2\u00f3 impossible.<\/p>\n<h3 id=\"legal-veracity\" class=\"legal-title\">Mandatory or optional nature of the information provided by the User and veracity of the data<\/h3>\n<p class=\"legal-text\">The User guarantees that the personal data provided is true and is responsible for communicating to t2\u00f3 any modification thereof. The User will be responsible, in any case, for the veracity of the data provided, t2\u00f3 reserving the right to exclude from the registered services any User who has provided false data, without prejudice to other actions that may be in Law.<\/p>\n<h4 class=\"legal-subtitle\">Processing of personal data by t2\u00f3.<\/h4>\n<p class=\"legal-text\">Your personal data collected by t2\u00f3 may be used for the following purposes:<\/p>\n<ul class=\"legal-list\">\n<li>Allow the provision of the services offered through the Website.<\/li>\n<li>Identify yourself in the case of registration as a user.<\/li>\n<li>Send you Newsletters and commercial information about t2\u00f3 products and services.<\/li>\n<\/ul>\n<p class=\"legal-text\">Specifically, your personal data will be used to send you Newsletters and commercial and promotional communications related to t2\u00f3 services by letter, telephone, email, SMS \/ MMS, or by other equivalent electronic means of communication and this under the provisions of the applicable regulations regarding privacy and commercial communications by electronic means.<\/p>\n<p class=\"legal-text\">The data collected by t2\u00f3 will be kept as long as the deletion of said data by the Data Subject is not requested.<\/p>\n<p class=\"legal-text\">We inform you that you can object at all times to your data being treated for the purpose of advertising and commercial prospecting and that you can request more information about the treatment of your personal data by sending an email to <a href=\"mailto:protecciondatos@t2o.com\">protecciondatos@t2o.com<\/a> or using the specific means recognized in the commercial communications themselves.<\/p>\n<p class=\"legal-text\">In accordance with the Principle of Limitation of the Purpose of the Data contained in Regulation (EU) 2016\/679 of the European Parliament and of the Council, of April 27, 2016, regarding the protection of natural persons with regard to the treatment of personal data and the free circulation of these data (hereinafter, RGPD), the User is informed that their data will be collected only for the purposes set out in the preceding paragraphs and will not be treated inconsistently with said purposes.<\/p>\n<h4 class=\"legal-subtitle\">Data processing for statistical and segmentation purposes.<\/h4>\n<p class=\"legal-text\">In the same way, we inform you that the User consents to the processing of their data for the preparation of profiles, as well as for the segmentation of their data. The aforementioned treatments may have as their purpose both the analysis and the realization of statistics to know the traffic and the use of the Website by the Users, as well as the determination of their tastes and modifications to send information according to their interests.<\/p>\n<p class=\"legal-text\">Acceptance of this Privacy Policy, the User agrees that their data may be associated with online identifiers provided by their devices, applications, tools and protocols, such as Internet protocol addresses, session identifiers in the form of &#8220;cookies&#8221; or other identifiers. This can leave traces that, in particular, can be combined with unique identifiers and other data received by servers, can be used to create profiles.<\/p>\n<p class=\"legal-text\">In this sense, the User explicitly consents that their data may be used for profiling and segmentation tasks.<\/p>\n<h3 id=\"legal-notallowed\" class=\"legal-title\">Practices not allowed<\/h3>\n<p class=\"legal-text\">t2\u00f3 will cancel the registration or comments of users that: (i) include or promote illegal, immoral, obscene or harmful material; (ii) promote any type of discrimination; (iii) Forward \u201cbulk (junk mail), junk (spam), or spam e-mail (spam)\u201d or \u201cnewsgroup communications\u201d when not requested; (iv) breach any intellectual or industrial property rights of third parties. Likewise, the user agrees to refrain from using and collecting data from distribution lists that can be accessed through the information and services contained on the Website for the performance of activities for promotional or advertising purposes as well as send commercial communications of any kind and through any support not requested or previously consented to by t2\u00f3 and \/ or the users of the Website.<\/p>\n<h3 id=\"legal-rights\" class=\"legal-title\">User rights<\/h3>\n<p class=\"legal-text\">The User has the right to (i) access their personal data, as well as (ii) request the rectification of inaccurate or incomplete data or, where appropriate, (iii) request its deletion, (iv) request the limitation of treatment of your data, (v) oppose the processing of your data (vi) exercise the right to be forgotten and (vii) request its portability.You can exercise your rights at any time at the email address <a href=\"mailto:protecciondatos@t2o.com\">protecciondatos@t2o.com<\/a> or either by ordinary mail addressed to the address provided in section 1 of this Privacy Policy. To exercise these rights it will be necessary to attach a photocopy of your National Identity Document or any other valid means in Law.<\/p>\n<p class=\"legal-text\">In certain circumstances, Users may request the limitation of the processing of their data, in which case they will only be kept for the exercise or defense of claims.<\/p>\n<p class=\"legal-text\">Users may withdraw the consent given for the use of their data for the purpose of sending Newsletters or commercial information at any time.<\/p>\n<p class=\"legal-text\">Without prejudice to any other administrative remedy or legal action, Users will have the right to file a claim with a Control Authority, in User in the Member State where they have their habitual residence, place of work or place of the alleged infringement, in in case you consider that the treatment of your personal data is not adequate to the regulations, as well as in the case of not seeing the exercise of your rights satisfied. The supervisory authority to which the claim has been submitted will inform the claimant about the course and result of the claim.<\/p>\n<h3 id=\"legal-security\" class=\"legal-title\">Security dispositions<\/h3>\n<p class=\"legal-text\">t2\u00f3 maintains the personal data protection security levels in accordance with the applicable data protection regulations and has established all the technical means at its disposal to prevent the loss, misuse, alteration, unauthorized access and theft of data. That the User provides through the website, without prejudice to informing him that the security measures on the Internet are not impregnable.<\/p>\n<p class=\"legal-text\">t2\u00f3 undertakes to comply with the duty of secrecy and confidentiality regarding the personal data contained in the automated file in accordance with the applicable legislation, as well as to confer on them a safe treatment in the assignments that, where appropriate, may occur.<\/p>\n<h3 id=\"legal-questions\" class=\"legal-title\">Modifications and questions<\/h3>\n<p class=\"legal-text\">t2\u00f3 reserves the right to modify its Privacy Policy at the time it deems appropriate. For this reason, please check this privacy statement regularly to read the latest version of the t2\u00f3 Privacy Policy.<\/p>\n<p class=\"legal-text\">If you have any questions about this Privacy Policy or the treatment of your data, please contact us. with us by email addressed to the Data Protection Officer at the following email address: <a href=\"mailto:dpo@t2o.com\">dpo@t2o.com<\/a><\/p>\n<h3 id=\"legal-consent\" class=\"legal-title\">Acceptance and Consent<\/h3>\n<p class=\"legal-text\">t2\u00f3 reserves the right to modify its Privacy Policy at the time it deems appropriate. For this reason, please check this privacy statement regularly to read the latest version of the t2\u00f3 Privacy Policy. If you have any questions about this Privacy Policy or the treatment of your data, please contact us. with us by email addressed to the Data Protection Officer at the following email address: <a href=\"mailto:dpo@t2o.com\">dpo@t2o.com<\/a><\/p>\n<h3 id=\"legal-clients\" class=\"legal-title\">Specific privacy policies applied to certain clients<\/h3>\n<p class=\"legal-text\">The following list contains some specific privacy policies, only applicable to certain clients due to the use of particular technologies developed by t2\u00f3 for operational and qualitative purposes in the deploy of the clients campaigns:<\/p>\n<ul>\n<li>Palladium Hotel Group: <a href=\"https:\/\/phgeulerian.t2omedia.com\/privacy-policy\">https:\/\/phgeulerian.t2omedia.com\/privacy-policy<\/a><\/li>\n<\/ul>\n<\/div>\n[\/vc_column_text][\/vc_column][\/vc_row]\n","protected":false},"excerpt":{"rendered":"<p>[vc_row type=&#8221;in_container&#8221; full_screen_row_position=&#8221;middle&#8221; column_margin=&#8221;default&#8221; scene_position=&#8221;center&#8221; text_color=&#8221;dark&#8221; text_align=&#8221;left&#8221; overlay_strength=&#8221;0.3&#8243; shape_divider_position=&#8221;bottom&#8221; bg_image_animation=&#8221;none&#8221;][vc_column column_padding=&#8221;no-extra-padding&#8221; column_padding_position=&#8221;all&#8221; background_color_opacity=&#8221;1&#8243; background_hover_color_opacity=&#8221;1&#8243; column_link_target=&#8221;_self&#8221; column_shadow=&#8221;none&#8221; column_border_radius=&#8221;none&#8221; width=&#8221;1\/1&#8243; tablet_width_inherit=&#8221;default&#8221; tablet_text_alignment=&#8221;default&#8221; phone_text_alignment=&#8221;default&#8221; overlay_strength=&#8221;0.3&#8243; column_border_width=&#8221;none&#8221; column_border_style=&#8221;solid&#8221; bg_image_animation=&#8221;none&#8221;][vc_row_inner column_margin=&#8221;default&#8221;&#8230;<\/p>\n","protected":false},"author":143,"featured_media":0,"parent":0,"menu_order":7,"comment_status":"closed","ping_status":"closed","template":"","meta":{"_acf_changed":false,"inline_featured_image":false,"footnotes":""},"acf":[],"yoast_head":"<!-- This site is optimized with the Yoast SEO plugin v22.2 - https:\/\/yoast.com\/wordpress\/plugins\/seo\/ -->\n<title>Privacy Policy. t2\u00f3<\/title>\n<meta name=\"description\" content=\"t2\u00f3 is very concerned on your privacy protection and your personal data. Thus, we comply with GDPR and we are certified under ISO27001\" \/>\n<meta name=\"robots\" content=\"index, follow, max-snippet:-1, max-image-preview:large, max-video-preview:-1\" \/>\n<link rel=\"canonical\" href=\"https:\/\/www.t2o.com\/en\/privacy-policy\/\" \/>\n<meta property=\"og:locale\" content=\"en_US\" \/>\n<meta property=\"og:type\" content=\"article\" \/>\n<meta property=\"og:title\" content=\"Privacy Policy. t2\u00f3\" \/>\n<meta property=\"og:description\" content=\"t2\u00f3 is very concerned on your privacy protection and your personal data. Thus, we comply with GDPR and we are certified under ISO27001\" \/>\n<meta property=\"og:url\" content=\"https:\/\/www.t2o.com\/en\/privacy-policy\/\" \/>\n<meta property=\"og:site_name\" content=\"t2\u00f3\" \/>\n<meta property=\"article:modified_time\" content=\"2020-04-23T17:47:28+00:00\" \/>\n<meta name=\"twitter:card\" content=\"summary_large_image\" \/>\n<meta name=\"twitter:label1\" content=\"Est. reading time\" \/>\n\t<meta name=\"twitter:data1\" content=\"9 minutes\" \/>\n<script type=\"application\/ld+json\" class=\"yoast-schema-graph\">{\"@context\":\"https:\/\/schema.org\",\"@graph\":[{\"@type\":\"WebPage\",\"@id\":\"https:\/\/www.t2o.com\/en\/privacy-policy\/\",\"url\":\"https:\/\/www.t2o.com\/en\/privacy-policy\/\",\"name\":\"Privacy Policy. t2\u00f3\",\"isPartOf\":{\"@id\":\"https:\/\/www.t2o.com\/en\/#website\"},\"datePublished\":\"2020-04-14T15:05:27+00:00\",\"dateModified\":\"2020-04-23T17:47:28+00:00\",\"description\":\"t2\u00f3 is very concerned on your privacy protection and your personal data. Thus, we comply with GDPR and we are certified under ISO27001\",\"breadcrumb\":{\"@id\":\"https:\/\/www.t2o.com\/en\/privacy-policy\/#breadcrumb\"},\"inLanguage\":\"en-US\",\"potentialAction\":[{\"@type\":\"ReadAction\",\"target\":[\"https:\/\/www.t2o.com\/en\/privacy-policy\/\"]}]},{\"@type\":\"BreadcrumbList\",\"@id\":\"https:\/\/www.t2o.com\/en\/privacy-policy\/#breadcrumb\",\"itemListElement\":[{\"@type\":\"ListItem\",\"position\":1,\"name\":\"Portada\",\"item\":\"https:\/\/www.t2o.com\/en\/\"},{\"@type\":\"ListItem\",\"position\":2,\"name\":\"Privacy Policy\"}]},{\"@type\":\"WebSite\",\"@id\":\"https:\/\/www.t2o.com\/en\/#website\",\"url\":\"https:\/\/www.t2o.com\/en\/\",\"name\":\"t2\u00f3\",\"description\":\"t2\u00f3 media agencia de medios digital independiente que dise\u00f1a y gestiona estrategias integrales de comunicaci\u00f3n y publicidad orientadas a resultados\",\"potentialAction\":[{\"@type\":\"SearchAction\",\"target\":{\"@type\":\"EntryPoint\",\"urlTemplate\":\"https:\/\/www.t2o.com\/en\/?s={search_term_string}\"},\"query-input\":\"required name=search_term_string\"}],\"inLanguage\":\"en-US\"}]}<\/script>\n<!-- \/ Yoast SEO plugin. -->","yoast_head_json":{"title":"Privacy Policy. t2\u00f3","description":"t2\u00f3 is very concerned on your privacy protection and your personal data. Thus, we comply with GDPR and we are certified under ISO27001","robots":{"index":"index","follow":"follow","max-snippet":"max-snippet:-1","max-image-preview":"max-image-preview:large","max-video-preview":"max-video-preview:-1"},"canonical":"https:\/\/www.t2o.com\/en\/privacy-policy\/","og_locale":"en_US","og_type":"article","og_title":"Privacy Policy. t2\u00f3","og_description":"t2\u00f3 is very concerned on your privacy protection and your personal data. Thus, we comply with GDPR and we are certified under ISO27001","og_url":"https:\/\/www.t2o.com\/en\/privacy-policy\/","og_site_name":"t2\u00f3","article_modified_time":"2020-04-23T17:47:28+00:00","twitter_card":"summary_large_image","twitter_misc":{"Est. reading time":"9 minutes"},"schema":{"@context":"https:\/\/schema.org","@graph":[{"@type":"WebPage","@id":"https:\/\/www.t2o.com\/en\/privacy-policy\/","url":"https:\/\/www.t2o.com\/en\/privacy-policy\/","name":"Privacy Policy. t2\u00f3","isPartOf":{"@id":"https:\/\/www.t2o.com\/en\/#website"},"datePublished":"2020-04-14T15:05:27+00:00","dateModified":"2020-04-23T17:47:28+00:00","description":"t2\u00f3 is very concerned on your privacy protection and your personal data. Thus, we comply with GDPR and we are certified under ISO27001","breadcrumb":{"@id":"https:\/\/www.t2o.com\/en\/privacy-policy\/#breadcrumb"},"inLanguage":"en-US","potentialAction":[{"@type":"ReadAction","target":["https:\/\/www.t2o.com\/en\/privacy-policy\/"]}]},{"@type":"BreadcrumbList","@id":"https:\/\/www.t2o.com\/en\/privacy-policy\/#breadcrumb","itemListElement":[{"@type":"ListItem","position":1,"name":"Portada","item":"https:\/\/www.t2o.com\/en\/"},{"@type":"ListItem","position":2,"name":"Privacy Policy"}]},{"@type":"WebSite","@id":"https:\/\/www.t2o.com\/en\/#website","url":"https:\/\/www.t2o.com\/en\/","name":"t2\u00f3","description":"t2\u00f3 media agencia de medios digital independiente que dise\u00f1a y gestiona estrategias integrales de comunicaci\u00f3n y publicidad orientadas a resultados","potentialAction":[{"@type":"SearchAction","target":{"@type":"EntryPoint","urlTemplate":"https:\/\/www.t2o.com\/en\/?s={search_term_string}"},"query-input":"required name=search_term_string"}],"inLanguage":"en-US"}]}},"_links":{"self":[{"href":"https:\/\/www.t2o.com\/en\/wp-json\/wp\/v2\/pages\/41909"}],"collection":[{"href":"https:\/\/www.t2o.com\/en\/wp-json\/wp\/v2\/pages"}],"about":[{"href":"https:\/\/www.t2o.com\/en\/wp-json\/wp\/v2\/types\/page"}],"author":[{"embeddable":true,"href":"https:\/\/www.t2o.com\/en\/wp-json\/wp\/v2\/users\/143"}],"replies":[{"embeddable":true,"href":"https:\/\/www.t2o.com\/en\/wp-json\/wp\/v2\/comments?post=41909"}],"version-history":[{"count":7,"href":"https:\/\/www.t2o.com\/en\/wp-json\/wp\/v2\/pages\/41909\/revisions"}],"predecessor-version":[{"id":42163,"href":"https:\/\/www.t2o.com\/en\/wp-json\/wp\/v2\/pages\/41909\/revisions\/42163"}],"wp:attachment":[{"href":"https:\/\/www.t2o.com\/en\/wp-json\/wp\/v2\/media?parent=41909"}],"curies":[{"name":"wp","href":"https:\/\/api.w.org\/{rel}","templated":true}]}}