{"id":41917,"date":"2020-04-14T17:08:12","date_gmt":"2020-04-14T15:08:12","guid":{"rendered":"http:\/\/52.31.238.78\/?page_id=41917"},"modified":"2020-04-14T18:15:41","modified_gmt":"2020-04-14T16:15:41","slug":"cookies-policy","status":"publish","type":"page","link":"https:\/\/www.t2o.com\/en\/cookies-policy\/","title":{"rendered":"Cookies Policy"},"content":{"rendered":"[vc_row type=&#8221;in_container&#8221; full_screen_row_position=&#8221;middle&#8221; column_margin=&#8221;default&#8221; scene_position=&#8221;center&#8221; text_color=&#8221;dark&#8221; text_align=&#8221;left&#8221; overlay_strength=&#8221;0.3&#8243; shape_divider_position=&#8221;bottom&#8221; bg_image_animation=&#8221;none&#8221;][vc_column column_padding=&#8221;no-extra-padding&#8221; column_padding_position=&#8221;all&#8221; background_color_opacity=&#8221;1&#8243; background_hover_color_opacity=&#8221;1&#8243; column_link_target=&#8221;_self&#8221; column_shadow=&#8221;none&#8221; column_border_radius=&#8221;none&#8221; width=&#8221;1\/1&#8243; tablet_width_inherit=&#8221;default&#8221; tablet_text_alignment=&#8221;default&#8221; phone_text_alignment=&#8221;default&#8221; overlay_strength=&#8221;0.3&#8243; column_border_width=&#8221;none&#8221; column_border_style=&#8221;solid&#8221; bg_image_animation=&#8221;none&#8221;][vc_row_inner column_margin=&#8221;default&#8221; text_align=&#8221;left&#8221;][vc_column_inner column_padding=&#8221;no-extra-padding&#8221; column_padding_position=&#8221;all&#8221; background_color_opacity=&#8221;1&#8243; background_hover_color_opacity=&#8221;1&#8243; column_shadow=&#8221;none&#8221; column_border_radius=&#8221;none&#8221; column_link_target=&#8221;_self&#8221; width=&#8221;2\/3&#8243; tablet_width_inherit=&#8221;default&#8221; overlay_strength=&#8221;0.3&#8243; column_border_width=&#8221;none&#8221; column_border_style=&#8221;solid&#8221; bg_image_animation=&#8221;none&#8221;][vc_custom_heading text=&#8221;Cookies<br \/>\nPolicy.&#8221; font_container=&#8221;tag:h1|font_size:120px|text_align:left|line_height:132px&#8221; use_theme_fonts=&#8221;yes&#8221; css_animation=&#8221;none&#8221;][\/vc_column_inner][vc_column_inner column_padding=&#8221;no-extra-padding&#8221; column_padding_position=&#8221;all&#8221; background_color_opacity=&#8221;1&#8243; background_hover_color_opacity=&#8221;1&#8243; column_shadow=&#8221;none&#8221; column_border_radius=&#8221;none&#8221; column_link_target=&#8221;_self&#8221; width=&#8221;1\/3&#8243; tablet_width_inherit=&#8221;default&#8221; overlay_strength=&#8221;0.3&#8243; column_border_width=&#8221;none&#8221; column_border_style=&#8221;solid&#8221; bg_image_animation=&#8221;none&#8221;][\/vc_column_inner][\/vc_row_inner][\/vc_column][\/vc_row][vc_row type=&#8221;in_container&#8221; full_screen_row_position=&#8221;middle&#8221; column_margin=&#8221;default&#8221; scene_position=&#8221;center&#8221; text_color=&#8221;dark&#8221; text_align=&#8221;left&#8221; top_padding=&#8221;8%&#8221; bottom_padding=&#8221;8%&#8221; overlay_strength=&#8221;0.3&#8243; shape_divider_position=&#8221;bottom&#8221; bg_image_animation=&#8221;none&#8221; shape_type=&#8221;&#8221;][vc_column column_padding=&#8221;no-extra-padding&#8221; column_padding_position=&#8221;all&#8221; background_color_opacity=&#8221;1&#8243; background_hover_color_opacity=&#8221;1&#8243; column_link_target=&#8221;_self&#8221; column_shadow=&#8221;none&#8221; column_border_radius=&#8221;none&#8221; el_class=&#8221;legales-menu&#8221; width=&#8221;1\/2&#8243; tablet_width_inherit=&#8221;default&#8221; tablet_text_alignment=&#8221;default&#8221; phone_text_alignment=&#8221;default&#8221; overlay_strength=&#8221;0.3&#8243; column_border_width=&#8221;none&#8221; column_border_style=&#8221;solid&#8221; bg_image_animation=&#8221;none&#8221;][vc_widget_sidebar enable_sticky=&#8221;true&#8221; sidebar_id=&#8221;nectar-extra-sidebar&#8221; el_class=&#8221;legal-menu&#8221;][\/vc_column][vc_column column_padding=&#8221;no-extra-padding&#8221; column_padding_position=&#8221;all&#8221; background_color_opacity=&#8221;1&#8243; background_hover_color_opacity=&#8221;1&#8243; column_link_target=&#8221;_self&#8221; column_shadow=&#8221;none&#8221; column_border_radius=&#8221;none&#8221; width=&#8221;1\/2&#8243; tablet_width_inherit=&#8221;default&#8221; tablet_text_alignment=&#8221;default&#8221; phone_text_alignment=&#8221;default&#8221; overlay_strength=&#8221;0.3&#8243; column_border_width=&#8221;none&#8221; column_border_style=&#8221;solid&#8221; bg_image_animation=&#8221;none&#8221;][vc_column_text]\n<div class=\"legal-page\">\n<h3 id=\"cookies-concept\" class=\"legal-title\">Concepto de Cookies<\/h3>\n<p class=\"legal-text\">Las cookies son peque\u00f1os archivos de texto que se descargan y almacenan en el terminal (ordenador\/smartphone\/tablet) del usuario al acceder a determinadas p\u00e1ginas web y que permiten al sitio web recordar preferencias de navegaci\u00f3n y navegar de manera eficiente, haciendo que la interacci\u00f3n entre el usuario y el sitio web sea m\u00e1s r\u00e1pida y f\u00e1cil.<\/p>\n<p class=\"legal-text\">La informaci\u00f3n recogida por las cookies es an\u00f3nima y no contiene ninguna informaci\u00f3n sensible (como el nombre, direcci\u00f3n o detalles bancarios) ya que \u00e9stas no recogen datos que puedan identificar personalmente al usuario.<\/p>\n<h3 id=\"cookies-types\" class=\"legal-title\">Tipos de Cookies utilizadas<\/h3>\n<p class=\"legal-text\">El Sitio Web utiliza cookies, p\u00edxeles u otros dispositivos de almacenamiento y recuperaci\u00f3n de informaci\u00f3n para realizar un seguimiento de las interacciones de los usuarios en el Sitio Web. Los tipos de cookies que utiliza el Sitio Web son los siguientes:<\/p>\n<h4 class=\"legal-subtitle\">Cookies Propias<\/h4>\n<p class=\"legal-text\">Estas cookies permiten que el sitio Web funcione correctamente por lo que son esenciales para que el usuario pueda usar todas las opciones del Sitio Web y pueda moverse por el mismo con normalidad:<\/p>\n<ul class=\"legal-list\">\n<li><strong>cookiesT2O:<\/strong> Cookie propia con la que guardamos la informaci\u00f3n de si el usuario ya hab\u00eda visitado la web. Es una cookie que caduca el 23 de Diciembre.<\/li>\n<\/ul>\n<h4 class=\"legal-subtitle\">Cookies de Terceros<\/h4>\n<p class=\"legal-text\">Son aqu\u00e9llas que se env\u00edan al equipo terminal del usuario desde un equipo o dominio que no es gestionado por el editor, sino por otra entidad que trata los datos obtenidos trav\u00e9s de las cookies:<\/p>\n<ul class=\"legal-list\">\n<li><strong>_hjUserId:<\/strong>Cookie de Hotjar, para medir, analizar y mejorar el uso de la web. Es una cookie que caduca en 1 a\u00f1o.<\/li>\n<li><strong>_hjIncludedInSample:<\/strong>Cookie de Hotjar, para medir, analizar y mejorar el uso de la web. Es una cookie de sesi\u00f3n y caduca al terminar la sesi\u00f3n.<\/li>\n<li><strong>_gat_UA-15416839-2:<\/strong>Cookie de Analytics que permite concentrar nuestros esfuerzos en mejorar las \u00e1reas m\u00e1s visitadas y hacer que el usuario encuentre m\u00e1s f\u00e1cilmente lo que busca. Es una cookie de sesi\u00f3n y caduca al terminar la sesi\u00f3n.<br \/>\nM\u00e1s informaci\u00f3n en <a href=\"http:\/\/goo.gl\/Udz8xJ\" target=\"_blank\" rel=\"noopener noreferrer\">http:\/\/goo.gl\/Udz8xJ<\/a><\/li>\n<li><strong>_ga:<\/strong>Cookie de Analytics que permite concentrar nuestros esfuerzos en mejorar las \u00e1reas m\u00e1s visitadas y hacer que el usuario encuentre m\u00e1s f\u00e1cilmente lo que busca. Es una cookie que caduca en 2 a\u00f1os.<br \/>\nM\u00e1s informaci\u00f3n en <a href=\"http:\/\/goo.gl\/P0mUX2\" target=\"_blank\" rel=\"noopener noreferrer\">http:\/\/goo.gl\/P0mUX2<\/a><\/li>\n<li><strong>Prum_episodes:<\/strong>Cookie de Pingdom, para analizar el funcionamiento de la web. Es una cookie de sesi\u00f3n y caduca al terminar la sesi\u00f3n.<\/li>\n<li><strong>MCEvilPopUpClosed:<\/strong>Cookie de Mailchimp que permite saber si ha saltado o no el PopUp al usuario. Es una cookie que caduca en 1 a\u00f1o.<\/li>\n<li><strong>NID:<\/strong>Cookie de google, permite recordar datos sobre la web como el idioma, regi\u00f3n, tama\u00f1o del texto. 6 meses.<br \/>\nM\u00e1s informaci\u00f3n en <a href=\"http:\/\/goo.gl\/hLdRlz\" target=\"_blank\" rel=\"noopener noreferrer\">http:\/\/goo.gl\/hLdRlz<\/a><\/li>\n<li><strong>PREF:<\/strong>Cookie de google, para la navegaci\u00f3n segura. Es una cookie que caduca a finales de a\u00f1o.<br \/>\nM\u00e1s informaci\u00f3n en <a href=\"http:\/\/goo.gl\/IBXmsl\" target=\"_blank\" rel=\"noopener noreferrer\">http:\/\/goo.gl\/IBXmsl<\/a><\/li>\n<li><strong>Bcookie:<\/strong>Cookie de Linkedin, para compartir contenidos en Linkedln. Es una cookie que caduca en 2 a\u00f1os.<\/li>\n<li><strong>Lidc:<\/strong>Cookie de Linkedin, para compartir contenidos en Linkedln. Es una cookie que caduca en 1 d\u00eda.<\/li>\n<li><strong>IN_Hash:<\/strong>Cookie de Linkedin, para compartir contenidos en Linkedln. Es una cookie de sesi\u00f3n y caduca al terminar la sesi\u00f3n.<\/li>\n<li><strong>L1e:<\/strong>Cookie de Linkedin, para compartir contenidos en Linkedln. Es una cookie de sesi\u00f3n y caduca al terminar la sesi\u00f3n.<\/li>\n<li><strong>guest_id:<\/strong>Cookie de Twiter, identificador \u00fanico para compartir contenidos de la web. Es una cookie que caduca en 2 a\u00f1os.<\/li>\n<li><strong>datr:<\/strong>Cookie de Facebook, comprueba si la cuenta de usuario de Facebook est\u00e1 siendo utilizada por un tercero. Es una cookie que caduca en 2 a\u00f1os.<\/li>\n<li><strong>locale:<\/strong>Cookie de Facebook, que comprueba y ajusta el lenguaje. Es una cookie que caduca en 7 d\u00edas.<\/li>\n<li><strong>reg_ext_ref:<\/strong>Cookie de Facebook, que guarda la referencia externa desde la que se accedi\u00f3 a Facebook. Es una cookie de sesi\u00f3n y caduca al terminar la sesi\u00f3n.<\/li>\n<li><strong>reg_fb:gate:<\/strong>Cookie de Facebook, que almacena la direcci\u00f3n web como identificador y punto de entrada, as\u00ed como el estado e informaci\u00f3n. Es una cookie de sesi\u00f3n y caduca al terminar la sesi\u00f3n.<\/li>\n<li><strong>reg_fb_ref:<\/strong>Cookie de Facebook, que almacena la direcci\u00f3n web como identificador y punto de salida, as\u00ed como el estado e informaci\u00f3n. Es una cookie de sesi\u00f3n y caduca al terminar la sesi\u00f3n.<\/li>\n<\/ul>\n<h3 id=\"cookies-disable\" class=\"legal-title\">C\u00f3mo deshabilitar las cookies<\/h3>\n<p class=\"legal-text\">La mayor\u00eda de navegadores web permiten gestionar las preferencias de cookies, para tener un control m\u00e1s preciso sobre la privacidad.<\/p>\n<p class=\"legal-text\">Los siguientes links muestran las instrucciones para desactivar la configuraci\u00f3n de las cookies en cada navegador:<\/p>\n<h4 class=\"legal-subtitle\">Internet Explorer (<a href=\"http:\/\/goo.gl\/vFM6gb\" target=\"_blank\" rel=\"noopener noreferrer\">http:\/\/goo.gl\/vFM6gb<\/a>)<\/h4>\n<ul class=\"legal-list\">\n<li>En el men\u00fa de herramientas, seleccione \u201cOpciones de Internet\u201d.<\/li>\n<li>Haga clic en la pesta\u00f1a de privacidad.<\/li>\n<li>Podr\u00e1 configurar la privacidad con un cursor con seis posiciones que le permite controlar la cantidad de cookies que se instalar\u00e1n: Bloquear todas las cookies, Alta, Media Alto, Media (nivel por defecto), Baja, y Aceptar todas las cookies.<\/li>\n<\/ul>\n<h4 class=\"legal-subtitle\">Mozilla Firefox (<a href=\"http:\/\/goo.gl\/QXWYmv\" target=\"_blank\" rel=\"noopener noreferrer\">http:\/\/goo.gl\/QXWYmv<\/a>)<\/h4>\n<ul class=\"legal-list\">\n<li>En la parte superior de la ventana de Firefox hacer clic en el men\u00fa Herramientas.<\/li>\n<li>Seleccionar Opciones.<\/li>\n<li>Seleccionar el panel Privacidad.<\/li>\n<li>En la opci\u00f3n Firefox podr\u00e1 elegir Usar una configuraci\u00f3n personalizada para el historial para configurar las opciones.<\/li>\n<\/ul>\n<h4 class=\"legal-subtitle\">Google Chrome (<a href=\"http:\/\/goo.gl\/fQnkSB\" target=\"_blank\" rel=\"noopener noreferrer\">http:\/\/goo.gl\/fQnkSB<\/a>)<\/h4>\n<ul class=\"legal-list\">\n<li>Hacer clic en el men\u00fa situado en la barra de herramientas.<\/li>\n<li>Seleccionar Configuraci\u00f3n.<\/li>\n<li>Hacer clic en Mostar opciones avanzadas.<\/li>\n<li>En la secci\u00f3n \u2018Privacidad\u2019 hacer clic en el bot\u00f3n Configuraci\u00f3n de contenido.<\/li>\n<li>En la secci\u00f3n de \u2018Cookies\u2019 se pueden configurar las opciones.<\/li>\n<\/ul>\n<h4 class=\"legal-subtitle\">Safari (<a href=\"http:\/\/goo.gl\/PCjEm3\">http:\/\/goo.gl\/PCjEm3<\/a> \/<a href=\"http:\/\/goo.gl\/dQywEo\">http:\/\/goo.gl\/dQywEo<\/a>)<\/h4>\n<ul class=\"legal-list\">\n<li>En el men\u00fa de configuraci\u00f3n, seleccione la opci\u00f3n de \u201cpreferencias\u201d.<\/li>\n<li>Abra la pesta\u00f1a de privacidad.<\/li>\n<li>Seleccione la opci\u00f3n que quiera de la secci\u00f3n de \u201cbloquear cookies\u201d.<\/li>\n<li>Recuerde que ciertas funciones y la plena funcionalidad del Sitio pueden no estar disponibles despu\u00e9s de deshabilitar los cookies.<\/li>\n<\/ul>\n<p class=\"legal-text\">Si desea no ser rastreado por las cookies, Google ha desarrollado un complemento para instalar en su navegador al que puede acceder en el siguiente enlace: <a href=\"http:\/\/goo.gl\/up4ND\">http:\/\/goo.gl\/up4ND<\/a><\/p>\n<h3 id=\"cookies-mobile\" class=\"legal-title\">Cookies en los Dispositivos M\u00f3viles<\/h3>\n<p class=\"legal-text\">El Sitio Web tambi\u00e9n usa cookies u otros dispositivos de almacenamiento en dispositivos m\u00f3viles. En este caso, al igual que sucede en los navegadores de ordenadores, los navegadores de los dispositivos m\u00f3viles permiten configurar las opciones o ajustes de privacidad para desactivar o eliminar las cookies.<\/p>\n<p class=\"legal-text\">Si desea modificar las opciones de privacidad siga las instrucciones especificadas por el desarrollador de su navegador para dispositivo m\u00f3vil.<\/p>\n<p class=\"legal-text\">Asimismo, a continuaci\u00f3n podr\u00e1 encontrar algunos ejemplos de los links que le guiar\u00e1n para modificar las opciones de privacidad en su dispositivo m\u00f3vil:<\/p>\n<ul class=\"legal-list\">\n<li>IOS: (<a href=\"http:\/\/goo.gl\/61xevS\" target=\"_blank\" rel=\"noopener noreferrer\">http:\/\/goo.gl\/61xevS<\/a>).<\/li>\n<li>Windows Phone: (<a href=\"http:\/\/goo.gl\/Rx8QQ\">http:\/\/goo.gl\/Rx8QQ<\/a>).<\/li>\n<li>Chrome Mobile: (<a href=\"http:\/\/goo.gl\/XJp7N\">http:\/\/goo.gl\/XJp7N<\/a>).<\/li>\n<li>Opera Mobile: (<a href=\"http:\/\/goo.gl\/Nzr8s7\">http:\/\/goo.gl\/Nzr8s7<\/a>).<\/li>\n<\/ul>\n<h3 id=\"cookies-accept\" class=\"legal-title\">Aceptaci\u00f3n de Cookies<\/h3>\n<p class=\"legal-text\">Si usted contin\u00faa su navegaci\u00f3n, entenderemos que acepta la utilizaci\u00f3n de las cookies por parte del Sitio web.<\/p>\n<p class=\"legal-text\">Le informamos que en el caso de bloquear o no aceptar la instalaci\u00f3n de cookies, es posible que ciertos servicios no est\u00e9n disponibles sin la utilizaci\u00f3n de \u00e9stas o que no pueda acceder a determinados servicios ni tampoco aprovechar por completo todo lo que este Sitio Web le ofrece.<\/p>\n<p class=\"legal-text\">Para m\u00e1s informaci\u00f3n, puede consultar la <a href=\"https:\/\/www.agpd.es\/portalwebAGPD\/canaldocumentacion\/publicaciones\/common\/Guias\/Guia_Cookies.pdf\" target=\"_blank\" rel=\"noopener noreferrer\">gu\u00eda sobre el uso de las cookies<\/a> de la Agencia Espa\u00f1ola de Protecci\u00f3n de Datos o nuestro <a href=\"https:\/\/www.t2o.com\/ideas\/actualidad\/ley-cookies\/\" target=\"_blank\" rel=\"noopener noreferrer\">post sobre qu\u00e9 debes saber sobre la nueva ley de cookies<\/a>.<\/p>\n<\/div>\n[\/vc_column_text][\/vc_column][\/vc_row]\n","protected":false},"excerpt":{"rendered":"<p>[vc_row type=&#8221;in_container&#8221; full_screen_row_position=&#8221;middle&#8221; column_margin=&#8221;default&#8221; scene_position=&#8221;center&#8221; text_color=&#8221;dark&#8221; text_align=&#8221;left&#8221; overlay_strength=&#8221;0.3&#8243; shape_divider_position=&#8221;bottom&#8221; bg_image_animation=&#8221;none&#8221;][vc_column column_padding=&#8221;no-extra-padding&#8221; column_padding_position=&#8221;all&#8221; background_color_opacity=&#8221;1&#8243; background_hover_color_opacity=&#8221;1&#8243; column_link_target=&#8221;_self&#8221; column_shadow=&#8221;none&#8221; column_border_radius=&#8221;none&#8221; width=&#8221;1\/1&#8243; tablet_width_inherit=&#8221;default&#8221; tablet_text_alignment=&#8221;default&#8221; phone_text_alignment=&#8221;default&#8221; overlay_strength=&#8221;0.3&#8243; column_border_width=&#8221;none&#8221; column_border_style=&#8221;solid&#8221; bg_image_animation=&#8221;none&#8221;][vc_row_inner column_margin=&#8221;default&#8221;&#8230;<\/p>\n","protected":false},"author":143,"featured_media":0,"parent":0,"menu_order":9,"comment_status":"closed","ping_status":"closed","template":"","meta":{"_acf_changed":false,"inline_featured_image":false,"footnotes":""},"acf":[],"yoast_head":"<!-- This site is optimized with the Yoast SEO plugin v22.2 - https:\/\/yoast.com\/wordpress\/plugins\/seo\/ -->\n<title>Cookies Policy - t2\u00f3<\/title>\n<meta name=\"robots\" content=\"index, follow, max-snippet:-1, max-image-preview:large, max-video-preview:-1\" \/>\n<link rel=\"canonical\" href=\"https:\/\/www.t2o.com\/en\/cookies-policy\/\" \/>\n<meta property=\"og:locale\" content=\"en_US\" \/>\n<meta property=\"og:type\" content=\"article\" \/>\n<meta property=\"og:title\" content=\"Cookies Policy - t2\u00f3\" \/>\n<meta property=\"og:description\" content=\"[vc_row type=&#8221;in_container&#8221; full_screen_row_position=&#8221;middle&#8221; column_margin=&#8221;default&#8221; scene_position=&#8221;center&#8221; text_color=&#8221;dark&#8221; text_align=&#8221;left&#8221; overlay_strength=&#8221;0.3&#8243; shape_divider_position=&#8221;bottom&#8221; bg_image_animation=&#8221;none&#8221;][vc_column column_padding=&#8221;no-extra-padding&#8221; column_padding_position=&#8221;all&#8221; background_color_opacity=&#8221;1&#8243; background_hover_color_opacity=&#8221;1&#8243; column_link_target=&#8221;_self&#8221; column_shadow=&#8221;none&#8221; column_border_radius=&#8221;none&#8221; width=&#8221;1\/1&#8243; tablet_width_inherit=&#8221;default&#8221; tablet_text_alignment=&#8221;default&#8221; phone_text_alignment=&#8221;default&#8221; overlay_strength=&#8221;0.3&#8243; column_border_width=&#8221;none&#8221; column_border_style=&#8221;solid&#8221; bg_image_animation=&#8221;none&#8221;][vc_row_inner column_margin=&#8221;default&#8221;...\" \/>\n<meta property=\"og:url\" content=\"https:\/\/www.t2o.com\/en\/cookies-policy\/\" \/>\n<meta property=\"og:site_name\" content=\"t2\u00f3\" \/>\n<meta property=\"article:modified_time\" content=\"2020-04-14T16:15:41+00:00\" \/>\n<meta name=\"twitter:card\" content=\"summary_large_image\" \/>\n<meta name=\"twitter:label1\" content=\"Est. reading time\" \/>\n\t<meta name=\"twitter:data1\" content=\"9 minutes\" \/>\n<script type=\"application\/ld+json\" class=\"yoast-schema-graph\">{\"@context\":\"https:\/\/schema.org\",\"@graph\":[{\"@type\":\"WebPage\",\"@id\":\"https:\/\/www.t2o.com\/en\/cookies-policy\/\",\"url\":\"https:\/\/www.t2o.com\/en\/cookies-policy\/\",\"name\":\"Cookies Policy - t2\u00f3\",\"isPartOf\":{\"@id\":\"https:\/\/www.t2o.com\/en\/#website\"},\"datePublished\":\"2020-04-14T15:08:12+00:00\",\"dateModified\":\"2020-04-14T16:15:41+00:00\",\"breadcrumb\":{\"@id\":\"https:\/\/www.t2o.com\/en\/cookies-policy\/#breadcrumb\"},\"inLanguage\":\"en-US\",\"potentialAction\":[{\"@type\":\"ReadAction\",\"target\":[\"https:\/\/www.t2o.com\/en\/cookies-policy\/\"]}]},{\"@type\":\"BreadcrumbList\",\"@id\":\"https:\/\/www.t2o.com\/en\/cookies-policy\/#breadcrumb\",\"itemListElement\":[{\"@type\":\"ListItem\",\"position\":1,\"name\":\"Portada\",\"item\":\"https:\/\/www.t2o.com\/en\/\"},{\"@type\":\"ListItem\",\"position\":2,\"name\":\"Cookies Policy\"}]},{\"@type\":\"WebSite\",\"@id\":\"https:\/\/www.t2o.com\/en\/#website\",\"url\":\"https:\/\/www.t2o.com\/en\/\",\"name\":\"t2\u00f3\",\"description\":\"t2\u00f3 media agencia de medios digital independiente que dise\u00f1a y gestiona estrategias integrales de comunicaci\u00f3n y publicidad orientadas a resultados\",\"potentialAction\":[{\"@type\":\"SearchAction\",\"target\":{\"@type\":\"EntryPoint\",\"urlTemplate\":\"https:\/\/www.t2o.com\/en\/?s={search_term_string}\"},\"query-input\":\"required name=search_term_string\"}],\"inLanguage\":\"en-US\"}]}<\/script>\n<!-- \/ Yoast SEO plugin. -->","yoast_head_json":{"title":"Cookies Policy - t2\u00f3","robots":{"index":"index","follow":"follow","max-snippet":"max-snippet:-1","max-image-preview":"max-image-preview:large","max-video-preview":"max-video-preview:-1"},"canonical":"https:\/\/www.t2o.com\/en\/cookies-policy\/","og_locale":"en_US","og_type":"article","og_title":"Cookies Policy - t2\u00f3","og_description":"[vc_row type=&#8221;in_container&#8221; full_screen_row_position=&#8221;middle&#8221; column_margin=&#8221;default&#8221; scene_position=&#8221;center&#8221; text_color=&#8221;dark&#8221; text_align=&#8221;left&#8221; overlay_strength=&#8221;0.3&#8243; shape_divider_position=&#8221;bottom&#8221; bg_image_animation=&#8221;none&#8221;][vc_column column_padding=&#8221;no-extra-padding&#8221; column_padding_position=&#8221;all&#8221; background_color_opacity=&#8221;1&#8243; background_hover_color_opacity=&#8221;1&#8243; column_link_target=&#8221;_self&#8221; column_shadow=&#8221;none&#8221; column_border_radius=&#8221;none&#8221; width=&#8221;1\/1&#8243; tablet_width_inherit=&#8221;default&#8221; tablet_text_alignment=&#8221;default&#8221; phone_text_alignment=&#8221;default&#8221; overlay_strength=&#8221;0.3&#8243; column_border_width=&#8221;none&#8221; column_border_style=&#8221;solid&#8221; bg_image_animation=&#8221;none&#8221;][vc_row_inner column_margin=&#8221;default&#8221;...","og_url":"https:\/\/www.t2o.com\/en\/cookies-policy\/","og_site_name":"t2\u00f3","article_modified_time":"2020-04-14T16:15:41+00:00","twitter_card":"summary_large_image","twitter_misc":{"Est. reading time":"9 minutes"},"schema":{"@context":"https:\/\/schema.org","@graph":[{"@type":"WebPage","@id":"https:\/\/www.t2o.com\/en\/cookies-policy\/","url":"https:\/\/www.t2o.com\/en\/cookies-policy\/","name":"Cookies Policy - t2\u00f3","isPartOf":{"@id":"https:\/\/www.t2o.com\/en\/#website"},"datePublished":"2020-04-14T15:08:12+00:00","dateModified":"2020-04-14T16:15:41+00:00","breadcrumb":{"@id":"https:\/\/www.t2o.com\/en\/cookies-policy\/#breadcrumb"},"inLanguage":"en-US","potentialAction":[{"@type":"ReadAction","target":["https:\/\/www.t2o.com\/en\/cookies-policy\/"]}]},{"@type":"BreadcrumbList","@id":"https:\/\/www.t2o.com\/en\/cookies-policy\/#breadcrumb","itemListElement":[{"@type":"ListItem","position":1,"name":"Portada","item":"https:\/\/www.t2o.com\/en\/"},{"@type":"ListItem","position":2,"name":"Cookies Policy"}]},{"@type":"WebSite","@id":"https:\/\/www.t2o.com\/en\/#website","url":"https:\/\/www.t2o.com\/en\/","name":"t2\u00f3","description":"t2\u00f3 media agencia de medios digital independiente que dise\u00f1a y gestiona estrategias integrales de comunicaci\u00f3n y publicidad orientadas a resultados","potentialAction":[{"@type":"SearchAction","target":{"@type":"EntryPoint","urlTemplate":"https:\/\/www.t2o.com\/en\/?s={search_term_string}"},"query-input":"required name=search_term_string"}],"inLanguage":"en-US"}]}},"_links":{"self":[{"href":"https:\/\/www.t2o.com\/en\/wp-json\/wp\/v2\/pages\/41917"}],"collection":[{"href":"https:\/\/www.t2o.com\/en\/wp-json\/wp\/v2\/pages"}],"about":[{"href":"https:\/\/www.t2o.com\/en\/wp-json\/wp\/v2\/types\/page"}],"author":[{"embeddable":true,"href":"https:\/\/www.t2o.com\/en\/wp-json\/wp\/v2\/users\/143"}],"replies":[{"embeddable":true,"href":"https:\/\/www.t2o.com\/en\/wp-json\/wp\/v2\/comments?post=41917"}],"version-history":[{"count":4,"href":"https:\/\/www.t2o.com\/en\/wp-json\/wp\/v2\/pages\/41917\/revisions"}],"predecessor-version":[{"id":41965,"href":"https:\/\/www.t2o.com\/en\/wp-json\/wp\/v2\/pages\/41917\/revisions\/41965"}],"wp:attachment":[{"href":"https:\/\/www.t2o.com\/en\/wp-json\/wp\/v2\/media?parent=41917"}],"curies":[{"name":"wp","href":"https:\/\/api.w.org\/{rel}","templated":true}]}}