{"id":315131,"date":"2020-03-31T11:00:03","date_gmt":"2020-03-31T11:00:03","guid":{"rendered":"https:\/\/www.t2o.com\/t2open\/"},"modified":"2025-07-23T10:49:37","modified_gmt":"2025-07-23T08:49:37","slug":"t2open","status":"publish","type":"page","link":"https:\/\/www.t2o.com\/it\/t2open\/","title":{"rendered":"T2\u00f3pen"},"content":{"rendered":"[vc_row type=&#8221;in_container&#8221; full_screen_row_position=&#8221;middle&#8221; column_margin=&#8221;default&#8221; scene_position=&#8221;center&#8221; text_color=&#8221;dark&#8221; text_align=&#8221;left&#8221; overlay_strength=&#8221;0.3&#8243; shape_divider_position=&#8221;bottom&#8221; bg_image_animation=&#8221;none&#8221;][vc_column column_padding=&#8221;no-extra-padding&#8221; column_padding_position=&#8221;all&#8221; background_color_opacity=&#8221;1&#8243; background_hover_color_opacity=&#8221;1&#8243; column_link_target=&#8221;_self&#8221; column_shadow=&#8221;none&#8221; column_border_radius=&#8221;none&#8221; width=&#8221;1\/1&#8243; tablet_width_inherit=&#8221;default&#8221; tablet_text_alignment=&#8221;default&#8221; phone_text_alignment=&#8221;default&#8221; overlay_strength=&#8221;0.3&#8243; column_border_width=&#8221;none&#8221; column_border_style=&#8221;solid&#8221; bg_image_animation=&#8221;none&#8221;][vc_row_inner column_margin=&#8221;default&#8221; top_padding=&#8221;6%&#8221; text_align=&#8221;left&#8221;][vc_column_inner column_padding=&#8221;no-extra-padding&#8221; column_padding_position=&#8221;all&#8221; background_color_opacity=&#8221;1&#8243; background_hover_color_opacity=&#8221;1&#8243; column_shadow=&#8221;none&#8221; column_border_radius=&#8221;none&#8221; column_link_target=&#8221;_self&#8221; width=&#8221;1\/1&#8243; tablet_width_inherit=&#8221;default&#8221; overlay_strength=&#8221;0.3&#8243; column_border_width=&#8221;none&#8221; column_border_style=&#8221;solid&#8221; bg_image_animation=&#8221;none&#8221;][vc_custom_heading text=&#8221;Insights, news, eventi e<br \/>\narticoli.&#8221; font_container=&#8221;tag:h1|font_size:120px|text_align:left|line_height:120px&#8221; use_theme_fonts=&#8221;yes&#8221;][\/vc_column_inner][\/vc_row_inner][vc_row_inner column_margin=&#8221;default&#8221; bottom_padding=&#8221;12%&#8221; text_align=&#8221;left&#8221;][vc_column_inner column_padding=&#8221;no-extra-padding&#8221; column_padding_position=&#8221;top&#8221; background_color_opacity=&#8221;1&#8243; background_hover_color_opacity=&#8221;1&#8243; column_shadow=&#8221;none&#8221; column_border_radius=&#8221;none&#8221; column_link_target=&#8221;_self&#8221; width=&#8221;2\/3&#8243; tablet_width_inherit=&#8221;default&#8221; overlay_strength=&#8221;0.3&#8243; column_border_width=&#8221;none&#8221; column_border_style=&#8221;solid&#8221; bg_image_animation=&#8221;none&#8221;][vc_raw_html]JTNDYSUyMGNsYXNzJTNEJTIycG9wbWFrZS0zMTc4ODUlMjBuZWN0YXItYnV0dG9uJTIwbi1zYy1idXR0b24lMjBqdW1ibyUyMHNlZS10aHJvdWdoJTIwaGFzLWljb24lMjIlMjBzdHlsZSUzRCUyMnZpc2liaWxpdHklM0ElMjB2aXNpYmxlJTNCJTIwY29sb3IlM0ElMjAlMjM0Yjg2ZmUlM0IlMjBib3JkZXItY29sb3IlM0ElMjByZ2JhJTI4NzUlMkMlMjAxMzQlMkMlMjAyNTQlMkMlMjAwLjc1JTI5JTNCJTIyJTIwaHJlZiUzRCUyMiUyMyUyMiUyMGRhdGEtY29sb3Itb3ZlcnJpZGUlM0QlMjIlMjM0Yjg2ZmUlMjIlMjBkYXRhLWhvdmVyLWNvbG9yLW92ZXJyaWRlJTNEJTIyZmFsc2UlMjIlMjBkYXRhLWhvdmVyLXRleHQtY29sb3Itb3ZlcnJpZGUlM0QlMjIlMjM0Yjg2ZmUlMjIlM0UlM0NzcGFuJTNFSXNjcml2aXRpJTIwcGVyJTIwcmljZXZlcmUlMjBub3RpemllJTIwZSUyMGluc2lnaHRzJTIwZGElMjB0MiVDMyVCMyUzQyUyRnNwYW4lM0UlM0NpJTIwY2xhc3MlM0QlMjJpY29uLWJ1dHRvbi1hcnJvdyUyMiUyMHN0eWxlJTNEJTIyY29sb3IlM0ElMjAlMjM0Yjg2ZmUlM0IlMjIlM0UlM0MlMkZpJTNFJTNDJTJGYSUzRQ==[\/vc_raw_html][\/vc_column_inner][vc_column_inner column_padding=&#8221;no-extra-padding&#8221; column_padding_position=&#8221;all&#8221; background_color_opacity=&#8221;1&#8243; background_hover_color_opacity=&#8221;1&#8243; column_shadow=&#8221;none&#8221; column_border_radius=&#8221;none&#8221; column_link_target=&#8221;_self&#8221; width=&#8221;1\/3&#8243; tablet_width_inherit=&#8221;default&#8221; overlay_strength=&#8221;0.3&#8243; column_border_width=&#8221;none&#8221; column_border_style=&#8221;solid&#8221; bg_image_animation=&#8221;none&#8221;][vc_widget_sidebar sidebar_id=&#8221;blog-sidebar&#8221;][\/vc_column_inner][\/vc_row_inner][vc_row_inner column_margin=&#8221;default&#8221; text_align=&#8221;left&#8221;][vc_column_inner column_padding=&#8221;padding-10-percent&#8221; column_padding_position=&#8221;left-right&#8221; background_color_opacity=&#8221;1&#8243; background_hover_color_opacity=&#8221;1&#8243; column_shadow=&#8221;none&#8221; column_border_radius=&#8221;none&#8221; column_link_target=&#8221;_self&#8221; width=&#8221;1\/1&#8243; tablet_width_inherit=&#8221;default&#8221; overlay_strength=&#8221;0.3&#8243; column_border_width=&#8221;none&#8221; column_border_style=&#8221;solid&#8221; bg_image_animation=&#8221;none&#8221;][divider line_type=&#8221;Full Width Line&#8221; line_thickness=&#8221;2&#8243; divider_color=&#8221;accent-color&#8221; custom_height=&#8221;46&#8243;][\/vc_column_inner][\/vc_row_inner][\/vc_column][\/vc_row][vc_row type=&#8221;in_container&#8221; full_screen_row_position=&#8221;middle&#8221; column_margin=&#8221;default&#8221; scene_position=&#8221;center&#8221; text_color=&#8221;dark&#8221; text_align=&#8221;left&#8221; overlay_strength=&#8221;0.3&#8243; shape_divider_position=&#8221;bottom&#8221; bg_image_animation=&#8221;none&#8221;][vc_column column_padding=&#8221;no-extra-padding&#8221; column_padding_position=&#8221;all&#8221; background_color_opacity=&#8221;1&#8243; background_hover_color_opacity=&#8221;1&#8243; column_link_target=&#8221;_self&#8221; column_shadow=&#8221;none&#8221; column_border_radius=&#8221;none&#8221; width=&#8221;1\/1&#8243; tablet_width_inherit=&#8221;default&#8221; tablet_text_alignment=&#8221;default&#8221; phone_text_alignment=&#8221;default&#8221; overlay_strength=&#8221;0.3&#8243; column_border_width=&#8221;none&#8221; column_border_style=&#8221;solid&#8221; bg_image_animation=&#8221;none&#8221;][vc_row_inner column_margin=&#8221;default&#8221; text_align=&#8221;left&#8221;][vc_column_inner column_padding=&#8221;padding-8-percent&#8221; column_padding_position=&#8221;left-right&#8221; background_color_opacity=&#8221;1&#8243; background_hover_color_opacity=&#8221;1&#8243; column_shadow=&#8221;none&#8221; column_border_radius=&#8221;none&#8221; column_link_target=&#8221;_self&#8221; width=&#8221;1\/1&#8243; tablet_width_inherit=&#8221;default&#8221; overlay_strength=&#8221;0.3&#8243; column_border_width=&#8221;none&#8221; column_border_style=&#8221;solid&#8221; bg_image_animation=&#8221;none&#8221;][nectar_blog layout=&#8221;masonry-blog-fullwidth&#8221; blog_masonry_style=&#8221;classic_enhanced&#8221; category=&#8221;all&#8221; enable_pagination=&#8221;true&#8221; pagination_type=&#8221;default&#8221; load_in_animation=&#8221;fade_in_from_bottom&#8221; order=&#8221;DESC&#8221; orderby=&#8221;date&#8221; posts_per_page=&#8221;10&#8243;][vc_raw_html]JTNDc3R5bGUlM0UlMEEucG9zdHMtY29udGFpbmVyJTIwYXJ0aWNsZSUyMC5pbm5lci13cmFwLmFuaW1hdGVkJTJDJTIwLnBvc3RzLWNvbnRhaW5lciU1QmRhdGEtbG9hZC1hbmltYXRpb24lM0RmYWRlX2luJTVEJTIwYXJ0aWNsZSUyMC5pbm5lci13cmFwLmFuaW1hdGVkJTdCJTBBb3BhY2l0eSUzQTElM0IlMEElN0QlMEElM0MlMkZzdHlsZSUzRQ==[\/vc_raw_html][\/vc_column_inner][\/vc_row_inner][\/vc_column][\/vc_row]\n","protected":false},"excerpt":{"rendered":"<p>[vc_row type=&#8221;in_container&#8221; full_screen_row_position=&#8221;middle&#8221; column_margin=&#8221;default&#8221; scene_position=&#8221;center&#8221; text_color=&#8221;dark&#8221; text_align=&#8221;left&#8221; overlay_strength=&#8221;0.3&#8243; shape_divider_position=&#8221;bottom&#8221; bg_image_animation=&#8221;none&#8221;][vc_column column_padding=&#8221;no-extra-padding&#8221; column_padding_position=&#8221;all&#8221; background_color_opacity=&#8221;1&#8243; background_hover_color_opacity=&#8221;1&#8243; column_link_target=&#8221;_self&#8221; column_shadow=&#8221;none&#8221; column_border_radius=&#8221;none&#8221; width=&#8221;1\/1&#8243; tablet_width_inherit=&#8221;default&#8221; tablet_text_alignment=&#8221;default&#8221; phone_text_alignment=&#8221;default&#8221; overlay_strength=&#8221;0.3&#8243; column_border_width=&#8221;none&#8221; column_border_style=&#8221;solid&#8221; bg_image_animation=&#8221;none&#8221;][vc_row_inner column_margin=&#8221;default&#8221;&#8230;<\/p>\n","protected":false},"author":144,"featured_media":0,"parent":0,"menu_order":4,"comment_status":"closed","ping_status":"closed","template":"","meta":{"_acf_changed":false,"inline_featured_image":false,"footnotes":""},"acf":[],"yoast_head":"<!-- This site is optimized with the Yoast SEO plugin v22.2 - https:\/\/yoast.com\/wordpress\/plugins\/seo\/ -->\n<title>News e articoli, eventi, insight - T2\u00f3pen<\/title>\n<meta name=\"description\" content=\"Con t2\u00f3pen puoi tenerti aggiornato su tutte le novit\u00e0 rilevanti nel settore del marketing digitale, nonch\u00e9 scoprire tutti i nostri eventi.\" \/>\n<meta name=\"robots\" content=\"index, follow, max-snippet:-1, max-image-preview:large, max-video-preview:-1\" \/>\n<link rel=\"canonical\" href=\"https:\/\/www.t2o.com\/it\/t2open\/\" \/>\n<meta property=\"og:locale\" content=\"it_IT\" \/>\n<meta property=\"og:type\" content=\"article\" \/>\n<meta property=\"og:title\" content=\"News e articoli, eventi, insight - T2\u00f3pen\" \/>\n<meta property=\"og:description\" content=\"Con t2\u00f3pen puoi tenerti aggiornato su tutte le novit\u00e0 rilevanti nel settore del marketing digitale, nonch\u00e9 scoprire tutti i nostri eventi.\" \/>\n<meta property=\"og:url\" content=\"https:\/\/www.t2o.com\/it\/t2open\/\" \/>\n<meta property=\"og:site_name\" content=\"t2\u00f3\" \/>\n<meta property=\"article:modified_time\" content=\"2025-07-23T08:49:37+00:00\" \/>\n<meta name=\"twitter:card\" content=\"summary_large_image\" \/>\n<meta name=\"twitter:label1\" content=\"Tempo di lettura stimato\" \/>\n\t<meta name=\"twitter:data1\" content=\"1 minuto\" \/>\n<script type=\"application\/ld+json\" class=\"yoast-schema-graph\">{\"@context\":\"https:\/\/schema.org\",\"@graph\":[{\"@type\":\"WebPage\",\"@id\":\"https:\/\/www.t2o.com\/it\/t2open\/\",\"url\":\"https:\/\/www.t2o.com\/it\/t2open\/\",\"name\":\"News e articoli, eventi, insight - T2\u00f3pen\",\"isPartOf\":{\"@id\":\"https:\/\/www.t2o.com\/it\/#website\"},\"datePublished\":\"2020-03-31T11:00:03+00:00\",\"dateModified\":\"2025-07-23T08:49:37+00:00\",\"description\":\"Con t2\u00f3pen puoi tenerti aggiornato su tutte le novit\u00e0 rilevanti nel settore del marketing digitale, nonch\u00e9 scoprire tutti i nostri eventi.\",\"breadcrumb\":{\"@id\":\"https:\/\/www.t2o.com\/it\/t2open\/#breadcrumb\"},\"inLanguage\":\"it-IT\",\"potentialAction\":[{\"@type\":\"ReadAction\",\"target\":[\"https:\/\/www.t2o.com\/it\/t2open\/\"]}]},{\"@type\":\"BreadcrumbList\",\"@id\":\"https:\/\/www.t2o.com\/it\/t2open\/#breadcrumb\",\"itemListElement\":[{\"@type\":\"ListItem\",\"position\":1,\"name\":\"Portada\",\"item\":\"https:\/\/www.t2o.com\/it\/\"},{\"@type\":\"ListItem\",\"position\":2,\"name\":\"T2\u00f3pen\"}]},{\"@type\":\"WebSite\",\"@id\":\"https:\/\/www.t2o.com\/it\/#website\",\"url\":\"https:\/\/www.t2o.com\/it\/\",\"name\":\"t2\u00f3\",\"description\":\"t2\u00f3 es una consultora de Marketing, Ventas y Estrategia Digital\",\"potentialAction\":[{\"@type\":\"SearchAction\",\"target\":{\"@type\":\"EntryPoint\",\"urlTemplate\":\"https:\/\/www.t2o.com\/it\/?s={search_term_string}\"},\"query-input\":\"required name=search_term_string\"}],\"inLanguage\":\"it-IT\"}]}<\/script>\n<!-- \/ Yoast SEO plugin. -->","yoast_head_json":{"title":"News e articoli, eventi, insight - T2\u00f3pen","description":"Con t2\u00f3pen puoi tenerti aggiornato su tutte le novit\u00e0 rilevanti nel settore del marketing digitale, nonch\u00e9 scoprire tutti i nostri eventi.","robots":{"index":"index","follow":"follow","max-snippet":"max-snippet:-1","max-image-preview":"max-image-preview:large","max-video-preview":"max-video-preview:-1"},"canonical":"https:\/\/www.t2o.com\/it\/t2open\/","og_locale":"it_IT","og_type":"article","og_title":"News e articoli, eventi, insight - T2\u00f3pen","og_description":"Con t2\u00f3pen puoi tenerti aggiornato su tutte le novit\u00e0 rilevanti nel settore del marketing digitale, nonch\u00e9 scoprire tutti i nostri eventi.","og_url":"https:\/\/www.t2o.com\/it\/t2open\/","og_site_name":"t2\u00f3","article_modified_time":"2025-07-23T08:49:37+00:00","twitter_card":"summary_large_image","twitter_misc":{"Tempo di lettura stimato":"1 minuto"},"schema":{"@context":"https:\/\/schema.org","@graph":[{"@type":"WebPage","@id":"https:\/\/www.t2o.com\/it\/t2open\/","url":"https:\/\/www.t2o.com\/it\/t2open\/","name":"News e articoli, eventi, insight - T2\u00f3pen","isPartOf":{"@id":"https:\/\/www.t2o.com\/it\/#website"},"datePublished":"2020-03-31T11:00:03+00:00","dateModified":"2025-07-23T08:49:37+00:00","description":"Con t2\u00f3pen puoi tenerti aggiornato su tutte le novit\u00e0 rilevanti nel settore del marketing digitale, nonch\u00e9 scoprire tutti i nostri eventi.","breadcrumb":{"@id":"https:\/\/www.t2o.com\/it\/t2open\/#breadcrumb"},"inLanguage":"it-IT","potentialAction":[{"@type":"ReadAction","target":["https:\/\/www.t2o.com\/it\/t2open\/"]}]},{"@type":"BreadcrumbList","@id":"https:\/\/www.t2o.com\/it\/t2open\/#breadcrumb","itemListElement":[{"@type":"ListItem","position":1,"name":"Portada","item":"https:\/\/www.t2o.com\/it\/"},{"@type":"ListItem","position":2,"name":"T2\u00f3pen"}]},{"@type":"WebSite","@id":"https:\/\/www.t2o.com\/it\/#website","url":"https:\/\/www.t2o.com\/it\/","name":"t2\u00f3","description":"t2\u00f3 es una consultora de Marketing, Ventas y Estrategia Digital","potentialAction":[{"@type":"SearchAction","target":{"@type":"EntryPoint","urlTemplate":"https:\/\/www.t2o.com\/it\/?s={search_term_string}"},"query-input":"required name=search_term_string"}],"inLanguage":"it-IT"}]}},"_links":{"self":[{"href":"https:\/\/www.t2o.com\/it\/wp-json\/wp\/v2\/pages\/315131"}],"collection":[{"href":"https:\/\/www.t2o.com\/it\/wp-json\/wp\/v2\/pages"}],"about":[{"href":"https:\/\/www.t2o.com\/it\/wp-json\/wp\/v2\/types\/page"}],"author":[{"embeddable":true,"href":"https:\/\/www.t2o.com\/it\/wp-json\/wp\/v2\/users\/144"}],"replies":[{"embeddable":true,"href":"https:\/\/www.t2o.com\/it\/wp-json\/wp\/v2\/comments?post=315131"}],"version-history":[{"count":6,"href":"https:\/\/www.t2o.com\/it\/wp-json\/wp\/v2\/pages\/315131\/revisions"}],"predecessor-version":[{"id":401698,"href":"https:\/\/www.t2o.com\/it\/wp-json\/wp\/v2\/pages\/315131\/revisions\/401698"}],"wp:attachment":[{"href":"https:\/\/www.t2o.com\/it\/wp-json\/wp\/v2\/media?parent=315131"}],"curies":[{"name":"wp","href":"https:\/\/api.w.org\/{rel}","templated":true}]}}