{"id":316878,"date":"2020-03-10T12:31:26","date_gmt":"2020-03-10T10:31:26","guid":{"rendered":"https:\/\/www.t2o.com\/aviso-legal\/"},"modified":"2023-05-02T12:20:35","modified_gmt":"2023-05-02T10:20:35","slug":"termini-di-utilizzo","status":"publish","type":"page","link":"https:\/\/www.t2o.com\/it\/termini-di-utilizzo\/","title":{"rendered":"Termini di utilizzo"},"content":{"rendered":"[vc_row type=&#8221;in_container&#8221; full_screen_row_position=&#8221;middle&#8221; column_margin=&#8221;default&#8221; scene_position=&#8221;center&#8221; text_color=&#8221;dark&#8221; text_align=&#8221;left&#8221; overlay_strength=&#8221;0.3&#8243; shape_divider_position=&#8221;bottom&#8221; bg_image_animation=&#8221;none&#8221;][vc_column column_padding=&#8221;no-extra-padding&#8221; column_padding_position=&#8221;all&#8221; background_color_opacity=&#8221;1&#8243; background_hover_color_opacity=&#8221;1&#8243; column_link_target=&#8221;_self&#8221; column_shadow=&#8221;none&#8221; column_border_radius=&#8221;none&#8221; width=&#8221;1\/1&#8243; tablet_width_inherit=&#8221;default&#8221; tablet_text_alignment=&#8221;default&#8221; phone_text_alignment=&#8221;default&#8221; overlay_strength=&#8221;0.3&#8243; column_border_width=&#8221;none&#8221; column_border_style=&#8221;solid&#8221; bg_image_animation=&#8221;none&#8221;][vc_row_inner column_margin=&#8221;default&#8221; text_align=&#8221;left&#8221;][vc_column_inner column_padding=&#8221;no-extra-padding&#8221; column_padding_position=&#8221;all&#8221; background_color_opacity=&#8221;1&#8243; background_hover_color_opacity=&#8221;1&#8243; column_shadow=&#8221;none&#8221; column_border_radius=&#8221;none&#8221; column_link_target=&#8221;_self&#8221; width=&#8221;2\/3&#8243; tablet_width_inherit=&#8221;small_desktop&#8221; overlay_strength=&#8221;0.3&#8243; column_border_width=&#8221;none&#8221; column_border_style=&#8221;solid&#8221; bg_image_animation=&#8221;none&#8221;][vc_custom_heading text=&#8221;Termini di utilizzo.&#8221; font_container=&#8221;tag:h1|font_size:120px|text_align:left|line_height:132px&#8221; use_theme_fonts=&#8221;yes&#8221; css_animation=&#8221;none&#8221;][\/vc_column_inner][vc_column_inner column_padding=&#8221;no-extra-padding&#8221; column_padding_position=&#8221;all&#8221; background_color_opacity=&#8221;1&#8243; background_hover_color_opacity=&#8221;1&#8243; column_shadow=&#8221;none&#8221; column_border_radius=&#8221;none&#8221; column_link_target=&#8221;_self&#8221; width=&#8221;1\/3&#8243; tablet_width_inherit=&#8221;default&#8221; overlay_strength=&#8221;0.3&#8243; column_border_width=&#8221;none&#8221; column_border_style=&#8221;solid&#8221; bg_image_animation=&#8221;none&#8221; offset=&#8221;vc_hidden-sm vc_hidden-xs&#8221;][\/vc_column_inner][\/vc_row_inner][\/vc_column][\/vc_row][vc_row type=&#8221;in_container&#8221; full_screen_row_position=&#8221;middle&#8221; column_margin=&#8221;default&#8221; scene_position=&#8221;center&#8221; text_color=&#8221;dark&#8221; text_align=&#8221;left&#8221; top_padding=&#8221;8%&#8221; bottom_padding=&#8221;8%&#8221; overlay_strength=&#8221;0.3&#8243; shape_divider_position=&#8221;bottom&#8221; bg_image_animation=&#8221;none&#8221; shape_type=&#8221;&#8221;][vc_column column_padding=&#8221;no-extra-padding&#8221; column_padding_position=&#8221;all&#8221; background_color_opacity=&#8221;1&#8243; background_hover_color_opacity=&#8221;1&#8243; column_link_target=&#8221;_self&#8221; column_shadow=&#8221;none&#8221; column_border_radius=&#8221;none&#8221; el_class=&#8221;legales-menu&#8221; width=&#8221;1\/2&#8243; tablet_width_inherit=&#8221;default&#8221; tablet_text_alignment=&#8221;default&#8221; phone_text_alignment=&#8221;default&#8221; overlay_strength=&#8221;0.3&#8243; column_border_width=&#8221;none&#8221; column_border_style=&#8221;solid&#8221; bg_image_animation=&#8221;none&#8221;][vc_widget_sidebar enable_sticky=&#8221;true&#8221; sidebar_id=&#8221;woocommerce-sidebar&#8221; el_class=&#8221;legal-menu&#8221;][\/vc_column][vc_column column_padding=&#8221;no-extra-padding&#8221; column_padding_position=&#8221;all&#8221; background_color_opacity=&#8221;1&#8243; background_hover_color_opacity=&#8221;1&#8243; column_link_target=&#8221;_self&#8221; column_shadow=&#8221;none&#8221; column_border_radius=&#8221;none&#8221; width=&#8221;1\/2&#8243; tablet_width_inherit=&#8221;default&#8221; tablet_text_alignment=&#8221;default&#8221; phone_text_alignment=&#8221;default&#8221; overlay_strength=&#8221;0.3&#8243; column_border_width=&#8221;none&#8221; column_border_style=&#8221;solid&#8221; bg_image_animation=&#8221;none&#8221;][vc_column_text]\n<div class=\"legal-page\">\n<h3 id=\"legal-inforight\" class=\"legal-title\"><strong>Diritto all&#8217;informazione<\/strong><\/h3>\n<p>In ottemperanza al dovere di informazione previsto dall&#8217;articolo 10 della Legge 34\/2002, dell&#8217;11 luglio, sui servizi della societ\u00e0 dell&#8217;informazione e del commercio elettronico, si informa che il sito web \u00e8 di propriet\u00e0 della societ\u00e0 T2O AdMedia Services, S.L. (in seguito denominata t2\u00f3), una societ\u00e0 commerciale costituita in conformit\u00e0 con la legislazione spagnola, con CIF B-83859850, con sede legale in Edificio Eurocentro &#8211; Calle Poeta Joan Maragall 1, 4\u00aa Planta, 28020 Madrid, e registrata presso il Registro Mercantile di Madrid, al Tomo 19.627, Foglio 1, Sezione 8\u00aa, Scheda M-345.040.<\/p>\n<p>Puoi contattarci all&#8217;indirizzo email seguente <a href=\"mailto:info@t2o.com\">info@t2o.com<\/a>.<\/p>\n<h3 id=\"legal-users\" class=\"legal-title\"><strong>Utenti<\/strong><\/h3>\n<p>L&#8217;accesso e\/o l&#8217;utilizzo del sito web attribuisce allo stesso la condizione di Utente e accetta, dall&#8217;accesso e\/o utilizzo dello stesso, i presenti Termini di Servizio.<\/p>\n<h3 id=\"legal-usage\" class=\"legal-title\"><strong>Utilizzo del sito web<\/strong><\/h3>\n<p>Il sito web pu\u00f2 fornire l&#8217;accesso a una moltitudine di testi, grafici, disegni, progetti, codici, software, fotografie, musica, video, suoni, basi di dati, immagini, espressioni e informazioni (di seguito &#8220;Contenuti&#8221;) appartenenti a t2\u00f3 o a terzi ai quali l&#8217;Utente pu\u00f2 accedere.<\/p>\n<p>L&#8217;Utente assume la responsabilit\u00e0 dell&#8217;utilizzo del sito web. Tale responsabilit\u00e0 si estende alla registrazione che, se necessaria per accedere ai Contenuti o ai servizi forniti dal sito web.<\/p>\n<p>L&#8217;Utente si impegna a fare un uso adeguato dei Contenuti e dei servizi offerti attraverso il sito web e con carattere esemplificativo ma non limitativo gli utenti non devono:<\/p>\n<ol>\n<li>Registrarsi o comunicare dati che non siano veri, precisi, completi e\/o aggiornati n\u00e9 accedere al sito web utilizzando il nome, i dati identificativi o la password di un altro utente o sostituire qualsiasi persona o identit\u00e0.<\/li>\n<li>Utilizzare il sito web per scopi fraudolenti o relativi a reati penali o attivit\u00e0 illecite di qualsiasi tipo.<\/li>\n<li>Creare un profilo o utilizzare il sito web per inviare, utilizzare o riutilizzare materiale o contenuti che contengano informazioni illegali, offensive, pornografiche, abusive, indecenti, diffamatorie, oscene o minacciose di qualsiasi tipo o che costituiscano una violazione dei diritti d&#8217;autore , marchi registrati o riservatezza, privacy o qualsiasi altro diritto o che sia altrimenti offensivo o censurabile per terzi parti o il cui contenuto contenga virus informatici , propaganda politica , contenuti pubblicitari , catene di posta , invio massivo di posta elettronica o qualsiasi altro tipo di &#8220;spam&#8221; e in generale qualsiasi tipo di fastidio o inconveniente inutile.<\/li>\n<li>Scaricare , inviare o distribuire in qualsiasi altro modo contenuti o applicazioni che possano violare qualsiasi legislazione vigente o che possano costituire una violazione dei diritti di qualsiasi parte.<\/li>\n<\/ol>\n<p>t2\u00f3 avr\u00e0 il diritto di indagare e denunciare qualsiasi delle condotte menzionate in conformit\u00e0 con la legge e collaborare con le autorit\u00e0 nell&#8217;indagine di tali azioni.<\/p>\n<p>t2\u00f3 si riserva il diritto di negare qualsiasi tentativo di accesso al sito web , cancellare account , eliminare o modificare contenuti , oppure cancellare la fornitura dei servizi nel caso si produca una situazione di uso non corretto del sito web.<\/p>\n<h3 id=\"legal-copyright\" class=\"legal-title\"><strong>Propriet\u00e0 intellettuale<\/strong><\/h3>\n<p>Tutti i diritti di propriet\u00e0 intellettuale dei contenuti di questo sito Web e del suo design grafico sono di propriet\u00e0 esclusiva di t2\u00f3 ed \u00e8 a questa che spetta l&#8217;esercizio esclusivo dei diritti di sfruttamento degli stessi.<\/p>\n<p>Pertanto, e in virt\u00f9 di quanto previsto dal Decreto Legislativo 1\/1996, del 12 aprile, con cui si approva il Testo Unico della legge sulla propriet\u00e0 intellettuale, nonch\u00e9 dalla legge 17\/2001, del 7 dicembre, sui marchi e dalla legislazione complementare in materia di propriet\u00e0 intellettuale e industriale, \u00e8 vietata la riproduzione, la trasmissione, l&#8217;adattamento, la traduzione, la distribuzione, la comunicazione pubblica, compresa la modalit\u00e0 di messa a disposizione o qualsiasi altra forma di sfruttamento e\/o modifica totale o parziale senza il previo consenso espresso di t2\u00f3 di qualsiasi contenuto incluso nel sito Web.<\/p>\n<p>t2\u00f3 non concede alcuna licenza o autorizzazione d&#8217;uso di alcun tipo sui suoi diritti di propriet\u00e0 intellettuale e industriale o su qualsiasi altra propriet\u00e0 o diritto correlato al sito Web, ai servizi o ai contenuti dello stesso.<\/p>\n<h3 id=\"legal-warranty\" class=\"legal-title\"><strong>Responsabilit\u00e0 e garanzie<\/strong><\/h3>\n<p><strong><u>Informazioni disponibili tramite il sito Web<\/u><\/strong><\/p>\n<p>Le informazioni fornite da t2\u00f3 attraverso il suo sito Web devono essere considerate dall&#8217;utente come indicative e non possono essere considerate come elemento determinante per la presa di decisioni. t2\u00f3 declina ogni responsabilit\u00e0 per l&#8217;uso che pu\u00f2 essere fatto delle stesse in tal senso e in modo specifico deve essere inteso che tali informazioni non sono rivolte agli utenti che operano sotto altre giurisdizioni degli Stati che richiedono il rispetto di requisiti diversi per la messa a disposizione, divulgazione o pubblicit\u00e0 dei servizi e\/o prodotti pubblicitari online.<\/p>\n<p>Le informazioni contenute nel sito Web sono quelle in vigore alla data dell&#8217;ultima modifica. t2\u00f3 si riserva il diritto di aggiornare, modificare o eliminare le informazioni contenute nel sito Web, potendo anche limitare o non consentire l&#8217;accesso a tali informazioni senza preavviso. In particolare, t2\u00f3 si riserva il diritto di eliminare, limitare o impedire l&#8217;accesso al suo sito Web quando sorgono difficolt\u00e0 tecniche per fatti o circostanze estranee a t2\u00f3 che a suo giudizio riducono o annullano i livelli di sicurezza standard adottati per il corretto funzionamento del sito Web.<\/p>\n<p>t2\u00f3 non \u00e8 responsabile dell&#8217;uso che gli utenti possono fare dei contenuti e dei servizi inclusi nel sito Web. Di conseguenza, t2\u00f3 non garantisce che l&#8217;uso che gli utenti possono fare dei contenuti e dei servizi eventualmente inclusi nel sito Web sia conforme al presente Avviso legale n\u00e9 che lo facciano diligentemente.<\/p>\n<p><strong><u>Misure di sicurezza<\/u><\/strong><\/p>\n<p>t2\u00f3 dichiara di aver adottato le misure necessarie che, entro le sue possibilit\u00e0 e lo stato della tecnologia, consentano il corretto funzionamento del suo sito Web cos\u00ec come l&#8217;assenza di virus e componenti dannosi. Tuttavia, t2\u00f3 non pu\u00f2 essere ritenuta responsabile per: (i) la continuit\u00e0 e disponibilit\u00e0 dei contenuti e dei servizi; (ii) l&#8217;assenza di errori in tali contenuti n\u00e9 la correzione di eventuali difetti che potrebbero verificarsi; (iii) l&#8217;assenza di virus e\/o altri componenti dannosi; (iv) i danni o le perdite causati da chiunque violi i sistemi di sicurezza di t2\u00f3.<\/p>\n<p><strong><u>Sospensione dei servizi<\/u><\/strong><\/p>\n<p>t2\u00f3 pu\u00f2 sospendere temporaneamente e senza preavviso l&#8217;accessibilit\u00e0 al sito Web per operazioni di manutenzione, riparazione, aggiornamento o miglioramento. Tuttavia, ogni volta che le circostanze lo consentono, t2\u00f3 comunicher\u00e0 all&#8217;Utente con sufficiente anticipo la data prevista per la sospensione dei servizi.<\/p>\n<p><strong><u>Iperlink<\/u><\/strong><\/p>\n<p>t2\u00f3 non assume alcuna responsabilit\u00e0 per i collegamenti ad altre pagine web presenti sul sito Web, che possono portare l&#8217;Utente ad altri siti web sui quali t2\u00f3 non ha alcun controllo. Pertanto, l&#8217;Utente accede sotto la propria esclusiva responsabilit\u00e0 ai contenuti e alle condizioni d&#8217;uso che regolano gli stessi.<\/p>\n<p><strong><u>Posta elettronica<\/u><\/strong><\/p>\n<p>I messaggi di posta elettronica inviati da t2\u00f3 sono destinati esclusivamente al destinatario e possono contenere informazioni riservate e\/o dati personali, la cui diffusione \u00e8 regolata dalla Legge 3\/2018 (LOPD) e dalla Legge 34\/2002 (LSSI). Se Lei (il destinatario) non \u00e8 il destinatario o il responsabile della consegna dello stesso, non deve copiare o consegnare questo messaggio o i suoi allegati a terzi in nessun caso. Se il destinatario ha ricevuto questo messaggio per errore o lo ha ottenuto in altro modo, La preghiamo di comunicarcelo immediatamente tramite questa stessa via e di procedere alla sua immediata ed irreversibile eliminazione.<\/p>\n<p>La informiamo che l&#8217;invio di informazioni tramite Internet non consente di garantirne la riservatezza e l&#8217;integrit\u00e0 a meno che non vengano utilizzate tecniche di crittografia; pertanto non assumiamo alcuna responsabilit\u00e0 in caso di accesso da parte di terzi ai contenuti del presente messaggio. Se non desidera comunicare con la nostra entit\u00e0 tramite email o desidera farlo in modo crittografato, La preghiamo di inviarci una email a <a href=\"mailto:info@t2o.com\">info@t2o.com<\/a>.<\/p>\n<h3 id=\"legal-comments\" class=\"legal-title\"><strong>Commenti e pubblicazioni<\/strong><\/h3>\n<p>Commenti e opinioni che consentono di effettuare valutazioni non devono contenere espressioni che non siano adatte a tutti i pubblici, compresi quindi testi indecorosi o che non vengano considerati appropriati o che offendano la sensibilit\u00e0 generale.<\/p>\n<p>In particolare non saranno consentite:<\/p>\n<ol>\n<li>Espressioni inadeguate: \u00e8 espressamente vietato che le pubblicazioni contemplino espressioni che non siano adatte a tutti i pubblici, compresi i testi indecorosi che non vengano considerati appropriati e che offendano la sensibilit\u00e0 generale.<\/li>\n<li>Pubblicazioni discriminatorie: in nessun caso saranno consentite pubblicazioni che vadano contro un particolare e che violino i principi del diritto all&#8217;onore, alla vita privata e familiare, all&#8217;immagine propria e alla dignit\u00e0 della persona. \u00c8 vietato qualsiasi tipo di pubblicazione discriminatoria sia per motivi di razza, sesso, religione, opinione, nazionalit\u00e0, disabilit\u00e0 o qualsiasi altra circostanza personale o sociale.<\/li>\n<li>Contenuto degradante: non sono consentite quelle pubblicazioni che siano intimidatorie, minacciose degradanti o che in qualsiasi modo promuovano la violenza contro una persona o un collettivo determinato.<\/li>\n<\/ol>\n<p>Inoltre, l&#8217;Utente accetta espressamente che i commenti e le pubblicazioni effettuati possano risultare non pubblicati o eliminati, in funzione del criterio di t2\u00f3.<\/p>\n<h3 id=\"legal-duration\" class=\"legal-title\"><strong>Durata e modifica<\/strong><\/h3>\n<p>Le condizioni delle presenti Termini di Utilizzo saranno vigenti fino a quando non saranno modificate, potendo t2\u00f3 effettuare queste modifiche che saranno comunicate all&#8217;Utente.<\/p>\n<p>t2\u00f3 potr\u00e0 sopprimere, aggiungere o modificare sia i contenuti che i servizi che presta, cos\u00ec come anche la forma in cui gli stessi appaiono localizzati o presentati. Si intendono come vigenti le condizioni che siano pubblicate nel momento in cui l&#8217;utente accede al sito Web di t2\u00f3.<\/p>\n<p>Nonostante quanto precede, t2\u00f3 notificher\u00e0 agli utenti le modifiche introdotte nel presente Avviso Legale cos\u00ec come nella sua Politica sulla Privacy.<\/p>\n<p>L&#8217;accesso e\/o l&#8217;uso del Sito Web si intenderanno come una accettazione da parte dell&#8217;utente delle condizioni del presente Avviso Legale e, se del caso, le modifiche effettuate alle stesse.&#8221; valide fino a quando non saranno modificate; t2\u00f3<\/p>\n<\/div>\n[\/vc_column_text][\/vc_column][\/vc_row][vc_row type=&#8221;in_container&#8221; full_screen_row_position=&#8221;middle&#8221; column_margin=&#8221;default&#8221; scene_position=&#8221;center&#8221; text_color=&#8221;dark&#8221; text_align=&#8221;left&#8221; overlay_strength=&#8221;0.3&#8243; shape_divider_position=&#8221;bottom&#8221; bg_image_animation=&#8221;none&#8221;][vc_column column_padding=&#8221;no-extra-padding&#8221; column_padding_position=&#8221;all&#8221; background_color_opacity=&#8221;1&#8243; background_hover_color_opacity=&#8221;1&#8243; column_link_target=&#8221;_self&#8221; column_shadow=&#8221;none&#8221; column_border_radius=&#8221;none&#8221; width=&#8221;1\/1&#8243; tablet_width_inherit=&#8221;default&#8221; tablet_text_alignment=&#8221;default&#8221; phone_text_alignment=&#8221;default&#8221; overlay_strength=&#8221;0.3&#8243; column_border_width=&#8221;none&#8221; column_border_style=&#8221;solid&#8221; bg_image_animation=&#8221;none&#8221;][vc_column_text]\n[\/vc_column_text][\/vc_column][\/vc_row]\n","protected":false},"excerpt":{"rendered":"<p>[vc_row type=&#8221;in_container&#8221; full_screen_row_position=&#8221;middle&#8221; column_margin=&#8221;default&#8221; scene_position=&#8221;center&#8221; text_color=&#8221;dark&#8221; text_align=&#8221;left&#8221; overlay_strength=&#8221;0.3&#8243; shape_divider_position=&#8221;bottom&#8221; bg_image_animation=&#8221;none&#8221;][vc_column column_padding=&#8221;no-extra-padding&#8221; column_padding_position=&#8221;all&#8221; background_color_opacity=&#8221;1&#8243; background_hover_color_opacity=&#8221;1&#8243; column_link_target=&#8221;_self&#8221; column_shadow=&#8221;none&#8221; column_border_radius=&#8221;none&#8221; width=&#8221;1\/1&#8243; tablet_width_inherit=&#8221;default&#8221; tablet_text_alignment=&#8221;default&#8221; phone_text_alignment=&#8221;default&#8221; overlay_strength=&#8221;0.3&#8243; column_border_width=&#8221;none&#8221; column_border_style=&#8221;solid&#8221; bg_image_animation=&#8221;none&#8221;][vc_row_inner column_margin=&#8221;default&#8221;&#8230;<\/p>\n","protected":false},"author":144,"featured_media":0,"parent":0,"menu_order":8,"comment_status":"closed","ping_status":"closed","template":"","meta":{"_acf_changed":false,"inline_featured_image":false,"footnotes":""},"acf":[],"yoast_head":"<!-- This site is optimized with the Yoast SEO plugin v22.2 - https:\/\/yoast.com\/wordpress\/plugins\/seo\/ -->\n<title>Termini di utilizzo. t2\u00f3<\/title>\n<meta name=\"description\" content=\"I presenti Termini di Utilizzo regolano l&#039;accesso e la navigazione del nostro sito web. In t2\u00f3 consideriamo il campo legale come una necessit\u00e0 nell&#039;ecosistema digitale.\" \/>\n<meta name=\"robots\" content=\"index, follow, max-snippet:-1, max-image-preview:large, max-video-preview:-1\" \/>\n<link rel=\"canonical\" href=\"https:\/\/www.t2o.com\/it\/termini-di-utilizzo\/\" \/>\n<meta property=\"og:locale\" content=\"it_IT\" \/>\n<meta property=\"og:type\" content=\"article\" \/>\n<meta property=\"og:title\" content=\"Termini di utilizzo. t2\u00f3\" \/>\n<meta property=\"og:description\" content=\"I presenti Termini di Utilizzo regolano l&#039;accesso e la navigazione del nostro sito web. In t2\u00f3 consideriamo il campo legale come una necessit\u00e0 nell&#039;ecosistema digitale.\" \/>\n<meta property=\"og:url\" content=\"https:\/\/www.t2o.com\/it\/termini-di-utilizzo\/\" \/>\n<meta property=\"og:site_name\" content=\"t2\u00f3\" \/>\n<meta property=\"article:modified_time\" content=\"2023-05-02T10:20:35+00:00\" \/>\n<meta name=\"twitter:card\" content=\"summary_large_image\" \/>\n<meta name=\"twitter:label1\" content=\"Tempo di lettura stimato\" \/>\n\t<meta name=\"twitter:data1\" content=\"9 minuti\" \/>\n<script type=\"application\/ld+json\" class=\"yoast-schema-graph\">{\"@context\":\"https:\/\/schema.org\",\"@graph\":[{\"@type\":\"WebPage\",\"@id\":\"https:\/\/www.t2o.com\/it\/termini-di-utilizzo\/\",\"url\":\"https:\/\/www.t2o.com\/it\/termini-di-utilizzo\/\",\"name\":\"Termini di utilizzo. t2\u00f3\",\"isPartOf\":{\"@id\":\"https:\/\/www.t2o.com\/it\/#website\"},\"datePublished\":\"2020-03-10T10:31:26+00:00\",\"dateModified\":\"2023-05-02T10:20:35+00:00\",\"description\":\"I presenti Termini di Utilizzo regolano l'accesso e la navigazione del nostro sito web. In t2\u00f3 consideriamo il campo legale come una necessit\u00e0 nell'ecosistema digitale.\",\"breadcrumb\":{\"@id\":\"https:\/\/www.t2o.com\/it\/termini-di-utilizzo\/#breadcrumb\"},\"inLanguage\":\"it-IT\",\"potentialAction\":[{\"@type\":\"ReadAction\",\"target\":[\"https:\/\/www.t2o.com\/it\/termini-di-utilizzo\/\"]}]},{\"@type\":\"BreadcrumbList\",\"@id\":\"https:\/\/www.t2o.com\/it\/termini-di-utilizzo\/#breadcrumb\",\"itemListElement\":[{\"@type\":\"ListItem\",\"position\":1,\"name\":\"Portada\",\"item\":\"https:\/\/www.t2o.com\/it\/\"},{\"@type\":\"ListItem\",\"position\":2,\"name\":\"Termini di utilizzo\"}]},{\"@type\":\"WebSite\",\"@id\":\"https:\/\/www.t2o.com\/it\/#website\",\"url\":\"https:\/\/www.t2o.com\/it\/\",\"name\":\"t2\u00f3\",\"description\":\"t2\u00f3 es una consultora de Marketing, Ventas y Estrategia Digital\",\"potentialAction\":[{\"@type\":\"SearchAction\",\"target\":{\"@type\":\"EntryPoint\",\"urlTemplate\":\"https:\/\/www.t2o.com\/it\/?s={search_term_string}\"},\"query-input\":\"required name=search_term_string\"}],\"inLanguage\":\"it-IT\"}]}<\/script>\n<!-- \/ Yoast SEO plugin. -->","yoast_head_json":{"title":"Termini di utilizzo. t2\u00f3","description":"I presenti Termini di Utilizzo regolano l'accesso e la navigazione del nostro sito web. In t2\u00f3 consideriamo il campo legale come una necessit\u00e0 nell'ecosistema digitale.","robots":{"index":"index","follow":"follow","max-snippet":"max-snippet:-1","max-image-preview":"max-image-preview:large","max-video-preview":"max-video-preview:-1"},"canonical":"https:\/\/www.t2o.com\/it\/termini-di-utilizzo\/","og_locale":"it_IT","og_type":"article","og_title":"Termini di utilizzo. t2\u00f3","og_description":"I presenti Termini di Utilizzo regolano l'accesso e la navigazione del nostro sito web. In t2\u00f3 consideriamo il campo legale come una necessit\u00e0 nell'ecosistema digitale.","og_url":"https:\/\/www.t2o.com\/it\/termini-di-utilizzo\/","og_site_name":"t2\u00f3","article_modified_time":"2023-05-02T10:20:35+00:00","twitter_card":"summary_large_image","twitter_misc":{"Tempo di lettura stimato":"9 minuti"},"schema":{"@context":"https:\/\/schema.org","@graph":[{"@type":"WebPage","@id":"https:\/\/www.t2o.com\/it\/termini-di-utilizzo\/","url":"https:\/\/www.t2o.com\/it\/termini-di-utilizzo\/","name":"Termini di utilizzo. t2\u00f3","isPartOf":{"@id":"https:\/\/www.t2o.com\/it\/#website"},"datePublished":"2020-03-10T10:31:26+00:00","dateModified":"2023-05-02T10:20:35+00:00","description":"I presenti Termini di Utilizzo regolano l'accesso e la navigazione del nostro sito web. In t2\u00f3 consideriamo il campo legale come una necessit\u00e0 nell'ecosistema digitale.","breadcrumb":{"@id":"https:\/\/www.t2o.com\/it\/termini-di-utilizzo\/#breadcrumb"},"inLanguage":"it-IT","potentialAction":[{"@type":"ReadAction","target":["https:\/\/www.t2o.com\/it\/termini-di-utilizzo\/"]}]},{"@type":"BreadcrumbList","@id":"https:\/\/www.t2o.com\/it\/termini-di-utilizzo\/#breadcrumb","itemListElement":[{"@type":"ListItem","position":1,"name":"Portada","item":"https:\/\/www.t2o.com\/it\/"},{"@type":"ListItem","position":2,"name":"Termini di utilizzo"}]},{"@type":"WebSite","@id":"https:\/\/www.t2o.com\/it\/#website","url":"https:\/\/www.t2o.com\/it\/","name":"t2\u00f3","description":"t2\u00f3 es una consultora de Marketing, Ventas y Estrategia Digital","potentialAction":[{"@type":"SearchAction","target":{"@type":"EntryPoint","urlTemplate":"https:\/\/www.t2o.com\/it\/?s={search_term_string}"},"query-input":"required name=search_term_string"}],"inLanguage":"it-IT"}]}},"_links":{"self":[{"href":"https:\/\/www.t2o.com\/it\/wp-json\/wp\/v2\/pages\/316878"}],"collection":[{"href":"https:\/\/www.t2o.com\/it\/wp-json\/wp\/v2\/pages"}],"about":[{"href":"https:\/\/www.t2o.com\/it\/wp-json\/wp\/v2\/types\/page"}],"author":[{"embeddable":true,"href":"https:\/\/www.t2o.com\/it\/wp-json\/wp\/v2\/users\/144"}],"replies":[{"embeddable":true,"href":"https:\/\/www.t2o.com\/it\/wp-json\/wp\/v2\/comments?post=316878"}],"version-history":[{"count":10,"href":"https:\/\/www.t2o.com\/it\/wp-json\/wp\/v2\/pages\/316878\/revisions"}],"predecessor-version":[{"id":318541,"href":"https:\/\/www.t2o.com\/it\/wp-json\/wp\/v2\/pages\/316878\/revisions\/318541"}],"wp:attachment":[{"href":"https:\/\/www.t2o.com\/it\/wp-json\/wp\/v2\/media?parent=316878"}],"curies":[{"name":"wp","href":"https:\/\/api.w.org\/{rel}","templated":true}]}}