{"id":316915,"date":"2020-02-27T12:33:07","date_gmt":"2020-02-27T12:33:07","guid":{"rendered":"https:\/\/www.t2o.com\/politica-privacidad\/"},"modified":"2023-05-02T12:18:42","modified_gmt":"2023-05-02T10:18:42","slug":"privacy-policy","status":"publish","type":"page","link":"https:\/\/www.t2o.com\/it\/privacy-policy\/","title":{"rendered":"Privacy policy"},"content":{"rendered":"[vc_row type=&#8221;in_container&#8221; full_screen_row_position=&#8221;middle&#8221; column_margin=&#8221;default&#8221; scene_position=&#8221;center&#8221; text_color=&#8221;dark&#8221; text_align=&#8221;left&#8221; overlay_strength=&#8221;0.3&#8243; shape_divider_position=&#8221;bottom&#8221; bg_image_animation=&#8221;none&#8221;][vc_column column_padding=&#8221;no-extra-padding&#8221; column_padding_position=&#8221;all&#8221; background_color_opacity=&#8221;1&#8243; background_hover_color_opacity=&#8221;1&#8243; column_link_target=&#8221;_self&#8221; column_shadow=&#8221;none&#8221; column_border_radius=&#8221;none&#8221; width=&#8221;1\/1&#8243; tablet_width_inherit=&#8221;default&#8221; tablet_text_alignment=&#8221;default&#8221; phone_text_alignment=&#8221;default&#8221; overlay_strength=&#8221;0.3&#8243; column_border_width=&#8221;none&#8221; column_border_style=&#8221;solid&#8221; bg_image_animation=&#8221;none&#8221;][vc_row_inner column_margin=&#8221;default&#8221; text_align=&#8221;left&#8221;][vc_column_inner column_padding=&#8221;no-extra-padding&#8221; column_padding_position=&#8221;all&#8221; background_color_opacity=&#8221;1&#8243; background_hover_color_opacity=&#8221;1&#8243; column_shadow=&#8221;none&#8221; column_border_radius=&#8221;none&#8221; column_link_target=&#8221;_self&#8221; width=&#8221;2\/3&#8243; tablet_width_inherit=&#8221;default&#8221; overlay_strength=&#8221;0.3&#8243; column_border_width=&#8221;none&#8221; column_border_style=&#8221;solid&#8221; bg_image_animation=&#8221;none&#8221;][vc_custom_heading text=&#8221;Privacy<br \/>\npolicy.&#8221; font_container=&#8221;tag:h1|font_size:120px|text_align:left|line_height:132px&#8221; use_theme_fonts=&#8221;yes&#8221; css_animation=&#8221;none&#8221;][\/vc_column_inner][vc_column_inner column_padding=&#8221;no-extra-padding&#8221; column_padding_position=&#8221;all&#8221; background_color_opacity=&#8221;1&#8243; background_hover_color_opacity=&#8221;1&#8243; column_shadow=&#8221;none&#8221; column_border_radius=&#8221;none&#8221; column_link_target=&#8221;_self&#8221; width=&#8221;1\/3&#8243; tablet_width_inherit=&#8221;default&#8221; overlay_strength=&#8221;0.3&#8243; column_border_width=&#8221;none&#8221; column_border_style=&#8221;solid&#8221; bg_image_animation=&#8221;none&#8221;][\/vc_column_inner][\/vc_row_inner][\/vc_column][\/vc_row][vc_row type=&#8221;in_container&#8221; full_screen_row_position=&#8221;middle&#8221; column_margin=&#8221;default&#8221; scene_position=&#8221;center&#8221; text_color=&#8221;dark&#8221; text_align=&#8221;left&#8221; top_padding=&#8221;8%&#8221; bottom_padding=&#8221;8%&#8221; overlay_strength=&#8221;0.3&#8243; shape_divider_position=&#8221;bottom&#8221; bg_image_animation=&#8221;none&#8221; shape_type=&#8221;&#8221;][vc_column column_padding=&#8221;no-extra-padding&#8221; column_padding_position=&#8221;all&#8221; background_color_opacity=&#8221;1&#8243; background_hover_color_opacity=&#8221;1&#8243; column_link_target=&#8221;_self&#8221; column_shadow=&#8221;none&#8221; column_border_radius=&#8221;none&#8221; el_class=&#8221;legales-menu&#8221; width=&#8221;1\/2&#8243; tablet_width_inherit=&#8221;default&#8221; tablet_text_alignment=&#8221;default&#8221; phone_text_alignment=&#8221;default&#8221; overlay_strength=&#8221;0.3&#8243; column_border_width=&#8221;none&#8221; column_border_style=&#8221;solid&#8221; bg_image_animation=&#8221;none&#8221;][vc_widget_sidebar enable_sticky=&#8221;true&#8221; sidebar_id=&#8221;page-sidebar&#8221; el_class=&#8221;legal-menu&#8221;][\/vc_column][vc_column column_padding=&#8221;no-extra-padding&#8221; column_padding_position=&#8221;all&#8221; background_color_opacity=&#8221;1&#8243; background_hover_color_opacity=&#8221;1&#8243; column_link_target=&#8221;_self&#8221; column_shadow=&#8221;none&#8221; column_border_radius=&#8221;none&#8221; width=&#8221;1\/2&#8243; tablet_width_inherit=&#8221;default&#8221; tablet_text_alignment=&#8221;default&#8221; phone_text_alignment=&#8221;default&#8221; overlay_strength=&#8221;0.3&#8243; column_border_width=&#8221;none&#8221; column_border_style=&#8221;solid&#8221; bg_image_animation=&#8221;none&#8221;][vc_column_text]\n<div class=\"legal-page\">\n<h3 id=\"legal-responsible\" class=\"legal-title\">Qual \u00e8 l&#8217;azienda responsabile del trattamento dei tuoi dati?<\/h3>\n<p class=\"legal-text\">L&#8217;azienda responsabile del trattamento dei tuoi dati \u00e8 T2O AdMedia Services, S.L. (in seguito, t2\u00f3), con CIF B-83859850 e con sede legale in Calle del Poeta Joan Maragall 1, 28020 Madrid, e registrata presso il Registro Mercantil di Madrid, al Tomo 19.627, Foglio 1, Sezione 8\u00aa, Foglio M-345.040. La presente politica di protezione dei dati regola l&#8217;accesso e l&#8217;uso del servizio del sito Web (in seguito, il Sito Web) che t2\u00f3 mette a disposizione degli Utenti interessati ai servizi offerti da t2\u00f3.<\/p>\n<h3 id=\"legal-recomendations\" class=\"legal-title\">Raccomandazioni<\/h3>\n<p class=\"legal-text\">Si prega di leggere attentamente e seguire le raccomandazioni:<\/p>\n<ul>\n<li class=\"legal-text\">Utilizzare password con una lunghezza minima di 8 caratteri, alfanumerici e con uso di maiuscole e minuscole.<\/li>\n<li class=\"legal-text\">Mantenere sul proprio computer un software antivirus installato e adeguatamente aggiornato, che garantisca che il proprio computer sia privo di software maligni, cos\u00ec come di applicazioni spyware che mettono a rischio la navigazione in Internet e la sicurezza delle informazioni contenute nel computer.<\/li>\n<li class=\"legal-text\">Rivedere e leggere i testi legali che t2\u00f3 mette a disposizione sul Sito Web.<\/li>\n<\/ul>\n<h3 id=\"legal-legit\" class=\"legal-title\">Perch\u00e9 t2\u00f3 \u00e8 legittimata a trattare i tuoi dati?<\/h3>\n<p>t2\u00f3 ha la legittimazione per il trattamento dei tuoi dati per la fornitura dei Servizi offerti sul Sito Web.<\/p>\n<p>La comunicazione dei dati personali da parte dell&#8217;Utente a t2\u00f3 \u00e8 un requisito necessario per la fornitura dei Servizi offerti sul Sito Web; pertanto, l&#8217;omissione delle informazioni impedir\u00e0 la fornitura dei Servizi da parte di t2\u00f3.<\/p>\n<p>t2\u00f3 prende molto seriamente la protezione della tua privacy e dei tuoi dati personali. Pertanto, le tue informazioni personali sono conservate in modo sicuro e trattate con la massima cura.<\/p>\n<h3 id=\"legal-veracity\" class=\"legal-title\">Carattere obbligatorio o facoltativo delle informazioni fornite dall&#8217;Utente e veridicit\u00e0 dei dati<\/h3>\n<p>L&#8217;Utente garantisce che i dati personali forniti sono veritieri e si assume la responsabilit\u00e0 di comunicare a t2\u00f3 qualsiasi modifica degli stessi. L&#8217;Utente risponder\u00e0 in ogni caso della veridicit\u00e0 dei dati forniti, riservandosi t2\u00f3 il diritto di escludere dai servizi registrati ogni Utente che abbia fornito dati falsi, senza pregiudizio delle altre azioni che possano essere intraprese ai sensi della legge.<\/p>\n<h4 class=\"legal-subtitle\">Trattamento dei dati personali da parte di t2\u00f3.<\/h4>\n<p>I tuoi dati personali raccolti da t2\u00f3 possono essere utilizzati per le seguenti finalit\u00e0:<\/p>\n<ul>\n<li>Consentire la fornitura dei servizi offerti attraverso il Sito Web.<\/li>\n<li>Identificarti nel caso di registrazione come utente.<\/li>\n<li>Inviarti newsletter e informazioni commerciali sui prodotti e servizi di t2\u00f3.<\/li>\n<\/ul>\n<p>In particolare, i tuoi dati personali saranno utilizzati per inviarti newsletter e comunicazioni commerciali e promozionali relative ai servizi di t2\u00f3 tramite posta ordinaria, telefono, posta elettronica, SMS\/MMS o altri mezzi di comunicazione elettronica equivalenti ai sensi della normativa applicabile in materia di privacy e comunicazioni commerciali via Internet.<\/p>\n<p>I dati raccolti da t2\u00f3 saranno conservati finch\u00e9 non si richieda la loro cancellazione da parte dell&#8217;Interessato.<\/p>\n<p>Ti informiamo che puoi opporsi in qualsiasi momento al trattamento dei tuoi dati per scopi pubblicitari e di prospezione commerciale e che puoi richiedere ulteriori informazioni sul trattamento dei tuoi dati personali inviando un&#8217;e-mail a <a href=\"mailto:protecciondatos@t2o.com\">protecciondatos@t2o.com<\/a> o utilizzando i mezzi specifici riconosciuti nelle comunicazioni commerciali stesse.<\/p>\n<p>In conformit\u00e0 al principio di limitazione della finalit\u00e0 dei dati contenuto nel Regolamento (UE) 2016\/679 del Parlamento europeo e del Consiglio, del 27 aprile 2016, relativo alla protezione delle persone fisiche con riguardo al trattamento dei dati personali e alla libera circolazione di tali dati (di seguito &#8220;RGPD&#8221;), si informa l&#8217;Utente che i suoi dati saranno raccolti esclusivamente per le finalit\u00e0 esposte nei paragrafi precedenti e non saranno trattati in modo incompatibile con tali finalit\u00e0.<\/p>\n<h4 class=\"legal-text\">Trattamento dei dati a fini statistici e di segmentazione.<\/h4>\n<p>Inoltre, si informa che l&#8217;Utente acconsente al trattamento dei propri dati per la creazione di profili, nonch\u00e9 per la segmentazione dei propri dati. Tali trattamenti possono avere come finalit\u00e0 sia l&#8217;analisi e la realizzazione di statistiche per conoscere il traffico e l&#8217;utilizzo del Sito Web da parte degli Utenti, sia la determinazione dei loro gusti e preferenze per inviare loro informazioni in linea con i loro interessi.<\/p>\n<p>In particolare, accettando la presente Informativa sulla privacy, l&#8217;Utente acconsente al fatto che i propri dati possano essere associati a identificatori online forniti dai propri dispositivi, applicazioni, strumenti e protocolli, come gli indirizzi dei protocolli Internet, gli identificatori di sessione sotto forma di &#8220;cookie&#8221; o altri identificatori. Ci\u00f2 pu\u00f2 lasciare tracce che, in particolare quando combinate con identificatori univoci e altri dati ricevuti dai server, possono essere utilizzate per creare profili.<\/p>\n<p>In questo senso, l&#8217;Utente acconsente esplicitamente al fatto che i propri dati possano essere utilizzati per la creazione di profili e attivit\u00e0 di segmentazione.<\/p>\n<h3 id=\"legal-notallowed\" class=\"legal-title\">Pratiche non consentite<\/h3>\n<p>t2\u00f3 annuller\u00e0 la registrazione o i commenti degli utenti che: (i) includano o promuovano materiale illecito, immorale, osceno o nocivo; (ii) promuovano qualsiasi tipo di discriminazione; (iii) inviino &#8220;bulk (posta in massa), junk (posta spazzatura) o spam e-mail (posta indesiderata)&#8221; o &#8220;newsgroup communications&#8221; quando non richiesti; (iv) violino un diritto di propriet\u00e0 intellettuale o industriale di terzi. Inoltre, l&#8217;utente si impegna a non utilizzare e raccogliere dati da elenchi di distribuzione ai quali si pu\u00f2 accedere attraverso le informazioni e i servizi contenuti nel Sito Web per la realizzazione di attivit\u00e0 a scopo promozionale o pubblicitario, nonch\u00e9 per inviare comunicazioni commerciali di qualsiasi tipo e attraverso qualsiasi supporto non richieste n\u00e9 preventivamente autorizzate da t2\u00f3 e\/o dagli utenti del Sito Web.<\/p>\n<h3 id=\"legal-rights\" class=\"legal-title\">Diritti degli utenti<\/h3>\n<p>L&#8217;Utente ha il diritto di (i) accedere ai propri dati personali, nonch\u00e9 di (ii) richiedere la rettifica dei dati inesatti o incompleti o, se del caso, (iii) richiederne la cancellazione, (iv) richiedere la limitazione del trattamento dei propri dati, (v) opporsi al trattamento dei propri dati (vi) esercitare il diritto all&#8217;oblio e (vii) richiederne la portabilit\u00e0.<br \/>\nPotrai esercitare in qualsiasi momento i tuoi diritti all&#8217;indirizzo e-mail <a href=\"mailto:protecciondatos@t2o.com\">protecciondatos@t2o.com<\/a> o per posta ordinaria all&#8217;indirizzo fornito nella sezione 1 della presente Informativa sulla privacy. Per esercitare tali diritti sar\u00e0 necessario allegare una fotocopia del tuo documento d&#8217;identit\u00e0 nazionale o qualsiasi altro mezzo valido ai sensi della legge.<br \/>\nIn determinate circostanze, gli Utenti potranno richiedere la limitazione del trattamento dei propri dati, nel qual caso saranno conservati solo per l&#8217;esercizio o la difesa delle rivendicazioni.<br \/>\nGli Utenti potranno revocare il consenso prestato per l&#8217;utilizzo dei propri dati con la finalit\u00e0 di invio di Newsletter o informazioni commerciali in qualsiasi momento.<br \/>\nFatto salvo qualsiasi altro ricorso amministrativo o azione giudiziaria, gli Utenti avranno il diritto di presentare un reclamo presso un&#8217;Autorit\u00e0 di controllo, nell&#8217;Utente dello Stato membro in cui ha la sua residenza abituale, il luogo di lavoro o il luogo della presunta violazione, qualora ritenga che il trattamento dei suoi dati personali non sia conforme alla normativa vigente, nonch\u00e9 nel caso in cui non sia soddisfatto dell&#8217;esercizio dei suoi diritti. L&#8217;autorit\u00e0 di controllo presso cui \u00e8 stato presentato il reclamo informer\u00e0 il reclamante sull&#8217;esito del reclamo.&#8221;<\/p>\n<h3 id=\"legal-security\" class=\"legal-title\">Misure di sicurezza<\/h3>\n<p class=\"legal-text\">t2\u00f3 mantiene i livelli di sicurezza per la protezione dei dati personali conformi alla normativa applicabile in materia di protezione dei dati e ha stabilito tutti i mezzi tecnici a sua disposizione per evitare la perdita, l&#8217;uso improprio, l&#8217;alterazione, l&#8217;accesso non autorizzato e il furto dei dati che l&#8217;Utente fornisce attraverso il sito Web, ci\u00f2 tuttavia va informato che le misure di sicurezza su Internet non sono impenetrabili.<\/p>\n<p class=\"legal-text\">t2\u00f3 si impegna a rispettare il dovere di segretezza e riservatezza riguardo ai dati personali contenuti nel file automatizzato in conformit\u00e0 con la legislazione applicabile, nonch\u00e9 a conferire loro un trattamento sicuro nelle cessioni che, se del caso, possono verificarsi.<\/p>\n<h3 id=\"legal-questions\" class=\"legal-title\">Modifiche alla Politica sulla Privacy e domande<\/h3>\n<p>t2\u00f3 si riserva il diritto di modificare la sua Politica sulla Privacy quando lo ritiene opportuno. Per questo motivo, ti chiediamo di controllare regolarmente questa dichiarazione sulla privacy per leggere la versione pi\u00f9 recente della Politica sulla Privacy di t2\u00f3.<\/p>\n<p>Se hai domande su questa Politica sulla Privacy o sul trattamento dei tuoi dati, ti preghiamo di contattarci tramite e-mail rivolta al Delegato per la Protezione dei Dati all&#8217;indirizzo e-mail seguente: <a href=\"mailto:dpo@t2o.com\">dpo@t2o.com<\/a><\/p>\n<h3 id=\"legal-consent\" class=\"legal-title\"><strong>Accettazione e consenso<\/strong><\/h3>\n<p>L&#8217;Utente dichiara di essere stato informato delle condizioni sulla protezione dei dati personali, accettando e acconsentendo al trattamento degli stessi da parte di t2\u00f3, nella forma e per le finalit\u00e0 indicate nella presente Politica sulla Privacy.<\/p>\n<\/div>\n[\/vc_column_text][\/vc_column][\/vc_row]\n","protected":false},"excerpt":{"rendered":"<p>[vc_row type=&#8221;in_container&#8221; full_screen_row_position=&#8221;middle&#8221; column_margin=&#8221;default&#8221; scene_position=&#8221;center&#8221; text_color=&#8221;dark&#8221; text_align=&#8221;left&#8221; overlay_strength=&#8221;0.3&#8243; shape_divider_position=&#8221;bottom&#8221; bg_image_animation=&#8221;none&#8221;][vc_column column_padding=&#8221;no-extra-padding&#8221; column_padding_position=&#8221;all&#8221; background_color_opacity=&#8221;1&#8243; background_hover_color_opacity=&#8221;1&#8243; column_link_target=&#8221;_self&#8221; column_shadow=&#8221;none&#8221; column_border_radius=&#8221;none&#8221; width=&#8221;1\/1&#8243; tablet_width_inherit=&#8221;default&#8221; tablet_text_alignment=&#8221;default&#8221; phone_text_alignment=&#8221;default&#8221; overlay_strength=&#8221;0.3&#8243; column_border_width=&#8221;none&#8221; column_border_style=&#8221;solid&#8221; bg_image_animation=&#8221;none&#8221;][vc_row_inner column_margin=&#8221;default&#8221;&#8230;<\/p>\n","protected":false},"author":144,"featured_media":0,"parent":0,"menu_order":7,"comment_status":"closed","ping_status":"closed","template":"","meta":{"_acf_changed":false,"inline_featured_image":false,"footnotes":""},"acf":[],"yoast_head":"<!-- This site is optimized with the Yoast SEO plugin v22.2 - https:\/\/yoast.com\/wordpress\/plugins\/seo\/ -->\n<title>Privacy policy. t2\u00f3<\/title>\n<meta name=\"description\" content=\"t2\u00f3 prende molto sul serio la protezione della tua privacy e dei tuoi dati personali. Quindi rispettiamo il GDPR e siamo certificati ISO27001\" \/>\n<meta name=\"robots\" content=\"index, follow, max-snippet:-1, max-image-preview:large, max-video-preview:-1\" \/>\n<link rel=\"canonical\" href=\"https:\/\/www.t2o.com\/it\/privacy-policy\/\" \/>\n<meta property=\"og:locale\" content=\"it_IT\" \/>\n<meta property=\"og:type\" content=\"article\" \/>\n<meta property=\"og:title\" content=\"Privacy policy. t2\u00f3\" \/>\n<meta property=\"og:description\" content=\"t2\u00f3 prende molto sul serio la protezione della tua privacy e dei tuoi dati personali. Quindi rispettiamo il GDPR e siamo certificati ISO27001\" \/>\n<meta property=\"og:url\" content=\"https:\/\/www.t2o.com\/it\/privacy-policy\/\" \/>\n<meta property=\"og:site_name\" content=\"t2\u00f3\" \/>\n<meta property=\"article:modified_time\" content=\"2023-05-02T10:18:42+00:00\" \/>\n<meta name=\"twitter:card\" content=\"summary_large_image\" \/>\n<meta name=\"twitter:label1\" content=\"Tempo di lettura stimato\" \/>\n\t<meta name=\"twitter:data1\" content=\"8 minuti\" \/>\n<script type=\"application\/ld+json\" class=\"yoast-schema-graph\">{\"@context\":\"https:\/\/schema.org\",\"@graph\":[{\"@type\":\"WebPage\",\"@id\":\"https:\/\/www.t2o.com\/it\/privacy-policy\/\",\"url\":\"https:\/\/www.t2o.com\/it\/privacy-policy\/\",\"name\":\"Privacy policy. t2\u00f3\",\"isPartOf\":{\"@id\":\"https:\/\/www.t2o.com\/it\/#website\"},\"datePublished\":\"2020-02-27T12:33:07+00:00\",\"dateModified\":\"2023-05-02T10:18:42+00:00\",\"description\":\"t2\u00f3 prende molto sul serio la protezione della tua privacy e dei tuoi dati personali. Quindi rispettiamo il GDPR e siamo certificati ISO27001\",\"breadcrumb\":{\"@id\":\"https:\/\/www.t2o.com\/it\/privacy-policy\/#breadcrumb\"},\"inLanguage\":\"it-IT\",\"potentialAction\":[{\"@type\":\"ReadAction\",\"target\":[\"https:\/\/www.t2o.com\/it\/privacy-policy\/\"]}]},{\"@type\":\"BreadcrumbList\",\"@id\":\"https:\/\/www.t2o.com\/it\/privacy-policy\/#breadcrumb\",\"itemListElement\":[{\"@type\":\"ListItem\",\"position\":1,\"name\":\"Portada\",\"item\":\"https:\/\/www.t2o.com\/it\/\"},{\"@type\":\"ListItem\",\"position\":2,\"name\":\"Privacy policy\"}]},{\"@type\":\"WebSite\",\"@id\":\"https:\/\/www.t2o.com\/it\/#website\",\"url\":\"https:\/\/www.t2o.com\/it\/\",\"name\":\"t2\u00f3\",\"description\":\"t2\u00f3 es una consultora de Marketing, Ventas y Estrategia Digital\",\"potentialAction\":[{\"@type\":\"SearchAction\",\"target\":{\"@type\":\"EntryPoint\",\"urlTemplate\":\"https:\/\/www.t2o.com\/it\/?s={search_term_string}\"},\"query-input\":\"required name=search_term_string\"}],\"inLanguage\":\"it-IT\"}]}<\/script>\n<!-- \/ Yoast SEO plugin. -->","yoast_head_json":{"title":"Privacy policy. t2\u00f3","description":"t2\u00f3 prende molto sul serio la protezione della tua privacy e dei tuoi dati personali. Quindi rispettiamo il GDPR e siamo certificati ISO27001","robots":{"index":"index","follow":"follow","max-snippet":"max-snippet:-1","max-image-preview":"max-image-preview:large","max-video-preview":"max-video-preview:-1"},"canonical":"https:\/\/www.t2o.com\/it\/privacy-policy\/","og_locale":"it_IT","og_type":"article","og_title":"Privacy policy. t2\u00f3","og_description":"t2\u00f3 prende molto sul serio la protezione della tua privacy e dei tuoi dati personali. Quindi rispettiamo il GDPR e siamo certificati ISO27001","og_url":"https:\/\/www.t2o.com\/it\/privacy-policy\/","og_site_name":"t2\u00f3","article_modified_time":"2023-05-02T10:18:42+00:00","twitter_card":"summary_large_image","twitter_misc":{"Tempo di lettura stimato":"8 minuti"},"schema":{"@context":"https:\/\/schema.org","@graph":[{"@type":"WebPage","@id":"https:\/\/www.t2o.com\/it\/privacy-policy\/","url":"https:\/\/www.t2o.com\/it\/privacy-policy\/","name":"Privacy policy. t2\u00f3","isPartOf":{"@id":"https:\/\/www.t2o.com\/it\/#website"},"datePublished":"2020-02-27T12:33:07+00:00","dateModified":"2023-05-02T10:18:42+00:00","description":"t2\u00f3 prende molto sul serio la protezione della tua privacy e dei tuoi dati personali. Quindi rispettiamo il GDPR e siamo certificati ISO27001","breadcrumb":{"@id":"https:\/\/www.t2o.com\/it\/privacy-policy\/#breadcrumb"},"inLanguage":"it-IT","potentialAction":[{"@type":"ReadAction","target":["https:\/\/www.t2o.com\/it\/privacy-policy\/"]}]},{"@type":"BreadcrumbList","@id":"https:\/\/www.t2o.com\/it\/privacy-policy\/#breadcrumb","itemListElement":[{"@type":"ListItem","position":1,"name":"Portada","item":"https:\/\/www.t2o.com\/it\/"},{"@type":"ListItem","position":2,"name":"Privacy policy"}]},{"@type":"WebSite","@id":"https:\/\/www.t2o.com\/it\/#website","url":"https:\/\/www.t2o.com\/it\/","name":"t2\u00f3","description":"t2\u00f3 es una consultora de Marketing, Ventas y Estrategia Digital","potentialAction":[{"@type":"SearchAction","target":{"@type":"EntryPoint","urlTemplate":"https:\/\/www.t2o.com\/it\/?s={search_term_string}"},"query-input":"required name=search_term_string"}],"inLanguage":"it-IT"}]}},"_links":{"self":[{"href":"https:\/\/www.t2o.com\/it\/wp-json\/wp\/v2\/pages\/316915"}],"collection":[{"href":"https:\/\/www.t2o.com\/it\/wp-json\/wp\/v2\/pages"}],"about":[{"href":"https:\/\/www.t2o.com\/it\/wp-json\/wp\/v2\/types\/page"}],"author":[{"embeddable":true,"href":"https:\/\/www.t2o.com\/it\/wp-json\/wp\/v2\/users\/144"}],"replies":[{"embeddable":true,"href":"https:\/\/www.t2o.com\/it\/wp-json\/wp\/v2\/comments?post=316915"}],"version-history":[{"count":3,"href":"https:\/\/www.t2o.com\/it\/wp-json\/wp\/v2\/pages\/316915\/revisions"}],"predecessor-version":[{"id":317930,"href":"https:\/\/www.t2o.com\/it\/wp-json\/wp\/v2\/pages\/316915\/revisions\/317930"}],"wp:attachment":[{"href":"https:\/\/www.t2o.com\/it\/wp-json\/wp\/v2\/media?parent=316915"}],"curies":[{"name":"wp","href":"https:\/\/api.w.org\/{rel}","templated":true}]}}