{"id":317660,"date":"2020-03-10T12:59:44","date_gmt":"2020-03-10T10:59:44","guid":{"rendered":"https:\/\/www.t2o.com\/politica-de-cookies\/"},"modified":"2024-09-13T13:02:30","modified_gmt":"2024-09-13T11:02:30","slug":"politica-sui-cookie","status":"publish","type":"page","link":"https:\/\/www.t2o.com\/it\/politica-sui-cookie\/","title":{"rendered":"Politica sui cookie"},"content":{"rendered":"[vc_row type=&#8221;in_container&#8221; full_screen_row_position=&#8221;middle&#8221; column_margin=&#8221;default&#8221; scene_position=&#8221;center&#8221; text_color=&#8221;dark&#8221; text_align=&#8221;left&#8221; overlay_strength=&#8221;0.3&#8243; shape_divider_position=&#8221;bottom&#8221; bg_image_animation=&#8221;none&#8221;][vc_column column_padding=&#8221;no-extra-padding&#8221; column_padding_position=&#8221;all&#8221; background_color_opacity=&#8221;1&#8243; background_hover_color_opacity=&#8221;1&#8243; column_link_target=&#8221;_self&#8221; column_shadow=&#8221;none&#8221; column_border_radius=&#8221;none&#8221; width=&#8221;1\/1&#8243; tablet_width_inherit=&#8221;default&#8221; tablet_text_alignment=&#8221;default&#8221; phone_text_alignment=&#8221;default&#8221; overlay_strength=&#8221;0.3&#8243; column_border_width=&#8221;none&#8221; column_border_style=&#8221;solid&#8221; bg_image_animation=&#8221;none&#8221;][vc_row_inner column_margin=&#8221;default&#8221; text_align=&#8221;left&#8221;][vc_column_inner column_padding=&#8221;no-extra-padding&#8221; column_padding_position=&#8221;all&#8221; background_color_opacity=&#8221;1&#8243; background_hover_color_opacity=&#8221;1&#8243; column_shadow=&#8221;none&#8221; column_border_radius=&#8221;none&#8221; column_link_target=&#8221;_self&#8221; width=&#8221;2\/3&#8243; tablet_width_inherit=&#8221;default&#8221; overlay_strength=&#8221;0.3&#8243; column_border_width=&#8221;none&#8221; column_border_style=&#8221;solid&#8221; bg_image_animation=&#8221;none&#8221;][vc_custom_heading text=&#8221;Politica<br \/>\nsui cookie.&#8221; font_container=&#8221;tag:h1|font_size:120px|text_align:left|line_height:132px&#8221; use_theme_fonts=&#8221;yes&#8221; css_animation=&#8221;none&#8221;][\/vc_column_inner][vc_column_inner column_padding=&#8221;no-extra-padding&#8221; column_padding_position=&#8221;all&#8221; background_color_opacity=&#8221;1&#8243; background_hover_color_opacity=&#8221;1&#8243; column_shadow=&#8221;none&#8221; column_border_radius=&#8221;none&#8221; column_link_target=&#8221;_self&#8221; width=&#8221;1\/3&#8243; tablet_width_inherit=&#8221;default&#8221; overlay_strength=&#8221;0.3&#8243; column_border_width=&#8221;none&#8221; column_border_style=&#8221;solid&#8221; bg_image_animation=&#8221;none&#8221;][\/vc_column_inner][\/vc_row_inner][\/vc_column][\/vc_row][vc_row type=&#8221;in_container&#8221; full_screen_row_position=&#8221;middle&#8221; column_margin=&#8221;default&#8221; scene_position=&#8221;center&#8221; text_color=&#8221;dark&#8221; text_align=&#8221;left&#8221; top_padding=&#8221;8%&#8221; bottom_padding=&#8221;8%&#8221; overlay_strength=&#8221;0.3&#8243; shape_divider_position=&#8221;bottom&#8221; bg_image_animation=&#8221;none&#8221; shape_type=&#8221;&#8221;][vc_column column_padding=&#8221;no-extra-padding&#8221; column_padding_position=&#8221;all&#8221; background_color_opacity=&#8221;1&#8243; background_hover_color_opacity=&#8221;1&#8243; column_link_target=&#8221;_self&#8221; column_shadow=&#8221;none&#8221; column_border_radius=&#8221;none&#8221; el_class=&#8221;legales-menu&#8221; width=&#8221;1\/2&#8243; tablet_width_inherit=&#8221;default&#8221; tablet_text_alignment=&#8221;default&#8221; phone_text_alignment=&#8221;default&#8221; overlay_strength=&#8221;0.3&#8243; column_border_width=&#8221;none&#8221; column_border_style=&#8221;solid&#8221; bg_image_animation=&#8221;none&#8221;][vc_widget_sidebar enable_sticky=&#8221;true&#8221; sidebar_id=&#8221;nectar-extra-sidebar&#8221; el_class=&#8221;legal-menu&#8221;][\/vc_column][vc_column column_padding=&#8221;no-extra-padding&#8221; column_padding_position=&#8221;all&#8221; background_color_opacity=&#8221;1&#8243; background_hover_color_opacity=&#8221;1&#8243; column_link_target=&#8221;_self&#8221; column_shadow=&#8221;none&#8221; column_border_radius=&#8221;none&#8221; width=&#8221;1\/2&#8243; tablet_width_inherit=&#8221;default&#8221; tablet_text_alignment=&#8221;default&#8221; phone_text_alignment=&#8221;default&#8221; overlay_strength=&#8221;0.3&#8243; column_border_width=&#8221;none&#8221; column_border_style=&#8221;solid&#8221; bg_image_animation=&#8221;none&#8221;][vc_column_text]\n<div class=\"legal-page\">\n<h3 id=\"cookies-concept\" class=\"legal-title\">Cosa sono i cookie?<\/h3>\n<p>I cookie sono file o documenti che vengono scaricati sul computer\/smartphone\/tablet dell&#8217;Utente quando si accede a determinate pagine web e applicazioni che consentono di memorizzare le preferenze di navigazione dell&#8217;Utente, rendendo l&#8217;interazione tra l&#8217;Utente e il Sito Web pi\u00f9 veloce e facile.<br \/>\nLe informazioni raccolte dai cookie sono anonime e non contengono alcuna informazione sensibile in quanto non raccolgono dati che possano identificare personalmente l&#8217;Utente. In ogni caso, l&#8217;Utente pu\u00f2 accedere alle impostazioni del proprio browser per modificare e\/o bloccare l&#8217;installazione dei cookie inviati dal Sito Web, senza che ci\u00f2 impedisca l&#8217;accesso ai contenuti.<\/p>\n<h3 id=\"cookies-types\" class=\"legal-title\">Per cosa utilizza t2\u00f3 i cookie?<\/h3>\n<p>In conformit\u00e0 con l&#8217;articolo 22 della Legge sui Servizi della Societ\u00e0 dell&#8217;Informazione e del Commercio Elettronico, nonch\u00e9 nella Considerando (30) del Regolamento Generale sulla Protezione dei Dati (di seguito &#8220;RGPD&#8221;), il presente Sito Web utilizza cookie o altri dispositivi di archiviazione e recupero delle informazioni per tracciare le interazioni degli Utenti con i servizi offerti nel Sito Web.<\/p>\n<p>I cookie consentono di riconoscere il browser di un Utente, nonch\u00e9 il tipo di dispositivo da cui si accede al Sito Web, e vengono utilizzati per facilitare la prossima visita dell&#8217;Utente e rendere il Sito Web pi\u00f9 utile.<\/p>\n<p>t2\u00f3 utilizza i cookie per:<\/p>\n<ul>\n<li>Ottimizzare la navigazione dell&#8217;Utente tracciando la sessione.<\/li>\n<li>Raccogliere informazioni per ottimizzare la navigazione e migliorare il Sito Web.<\/li>\n<\/ul>\n<p>Il Sito Web utilizza i seguenti tipi di cookie:<\/p>\n<ul>\n<li><strong>Obbligatori<\/strong>: Cookie strettamente necessari per fornire un servizio o contenuto richiesto dall&#8217;utente. Si occupano di aspetti tecnici come l&#8217;identificazione dei registri e la gestione delle preferenze degli strumenti nell&#8217;uso, nell&#8217;interazione e nella localizzazione dell&#8217;accesso ai contenuti.<\/li>\n<\/ul>\n<ul>\n<li><strong>Funzionali<\/strong>: I cookie funzionali forniscono all&#8217;utente informazioni che arricchiscono l&#8217;esperienza di navigazione come ad esempio mostrare le previsioni del tempo basate sulla sua posizione.<\/li>\n<\/ul>\n<ul>\n<li><strong>Statistiche\/analitiche<\/strong>: Questi cookie raccolgono informazioni relative all&#8217;utilizzo della pagina come la permanenza nella pagina e i contenuti visitati dai lettori per misurarne le prestazioni e migliorare la navigazione.<\/li>\n<\/ul>\n<p>Gli obiettivi principali che si perseguono con questo tipo di cookie sono:<\/p>\n<ul>\n<li>Consentire l&#8217;identificazione anonima degli Utenti naviganti e quindi la contabilizzazione approssimativa del numero di visitatori.<\/li>\n<li>Identificare in modo anonimo i contenuti pi\u00f9 visitati.<\/li>\n<li>Sapere se l&#8217;Utente che sta accedendo \u00e8 nuovo o ripete la visita.<\/li>\n<\/ul>\n<ul>\n<li><strong>Pubblicitari<\/strong>: Questi cookie ottengono informazioni sulla navigazione dell&#8217;utente per gestire gli spazi pubblicitari e offrire un contenuto pi\u00f9 rilevante e di qualit\u00e0 a partire dai suoi gusti.<\/li>\n<\/ul>\n<h3 id=\"cookies-types\" class=\"legal-title\">Come disattivare i cookie?<\/h3>\n<p>I cookie che non sono obbligatori per la navigazione del presente Sito Web possono essere disattivati nella sezione &#8220;Configura i cookie qui&#8221;.<\/p>\n<p>Queste impostazioni si trovano nel pi\u00e8 di pagina del Sito Web. Inoltre, tutti i browser consentono di apportare modifiche per disattivare le impostazioni dei cookie.<\/p>\n<p>Questo \u00e8 il motivo per cui la maggior parte dei browser offre la possibilit\u00e0 di gestire i cookie, per ottenere un controllo pi\u00f9 preciso sulla privacy.<\/p>\n<p>Queste impostazioni si trovano nelle &#8220;opzioni&#8221; o &#8220;preferenze&#8221; del menu del tuo browser.<\/p>\n<p>Di seguito troverai i link di ogni browser per disattivare i cookie seguendo le istruzioni:<\/p>\n<p><strong>Internet Explorer<\/strong> (<a href=\"https:\/\/goo.gl\/iU2wh2\" target=\"_blank\" rel=\"noopener noreferrer\">https:\/\/goo.gl\/iU2wh2<\/a> )<\/p>\n<ul>\n<li>Nel menu degli strumenti, selezionare &#8220;Opzioni Internet&#8221;.<\/li>\n<li>Fare clic sulla scheda Privacy.<\/li>\n<li>\u00c8 possibile configurare la privacy con un cursore a sei posizioni che consente di controllare la quantit\u00e0 di cookie che verranno installati:<\/li>\n<li>Blocca tutti i cookie, Alto, Medio Alto, Medio (livello predefinito), Basso e Accetta tutti i cookie.<\/li>\n<\/ul>\n<p><strong>Mozilla Firefox<\/strong> (<a href=\"http:\/\/goo.gl\/QXWYmv\" target=\"_blank\" rel=\"noopener noreferrer\">http:\/\/goo.gl\/QXWYmv<\/a>)<\/p>\n<ul>\n<li>Nella parte superiore della finestra di Firefox fare clic sul menu Strumenti.<\/li>\n<li>Selezionare Opzioni.<\/li>\n<li>Selezionare il pannello Privacy.<\/li>\n<\/ul>\n<p><strong>Google Chrome<\/strong> (<a href=\"http:\/\/goo.gl\/fQnkSB\" target=\"_blank\" rel=\"noopener noreferrer\">http:\/\/goo.gl\/fQnkSB<\/a>)<\/p>\n<ul>\n<li>Hacer clic en el men\u00fa situado en la barra de herramientas.<\/li>\n<li>Seleccionar Configuraci\u00f3n.<\/li>\n<li>Hacer clic en Mostar opciones avanzadas.<\/li>\n<li>En la selecci\u00f3n \u201cPrivacidad\u201d hacer clic en el bot\u00f3n Configuraci\u00f3n de contenido.<\/li>\n<li>En la selecci\u00f3n de Cookies, se pueden configurar las opciones.<\/li>\n<li>En la opci\u00f3n Firefox podr\u00e1 elegir Usar una configuraci\u00f3n personalizada de su historial, as\u00ed como otras cuestiones relacionadas con su Privacidad.<\/li>\n<\/ul>\n<p><strong>Safari<\/strong> (<a href=\"https:\/\/goo.gl\/PCjEm3\" target=\"_blank\" rel=\"noopener noreferrer\">https:\/\/goo.gl\/PcjEm3<\/a>)<\/p>\n<ul>\n<li>Nel menu delle impostazioni selezionare l&#8217;opzione &#8220;Preferenze&#8221;.<\/li>\n<li>Aprire la scheda Privacy.<\/li>\n<li>Selezionare l&#8217;opzione che si desidera dalla sezione &#8220;blocca i cookie&#8221;.<\/li>\n<li>Ricorda che alcune funzioni e la piena funzionalit\u00e0 del Sito Web potrebbero non essere disponibili dopo la disattivazione dei cookie.<\/li>\n<\/ul>\n<p>Se non si desidera essere tracciati dai cookie, Google ha sviluppato un plug-in da installare nel proprio browser a cui si pu\u00f2 accedere al seguente link: : \u00a0<a href=\"http:\/\/goo.gl\/up4ND\" target=\"_blank\" rel=\"noopener noreferrer\">http:\/\/goo.gl\/up4ND<\/a>.<\/p>\n<h3 id=\"cookies-types\" class=\"legal-title\">Cookies sui dispositivi mobili<\/h3>\n<p>Il sito web di t2\u00f3 utilizza anche cookie o altri dispositivi di archiviazione sui dispositivi mobili.<\/p>\n<p>I cookie che non sono obbligatori per la navigazione del presente Sito Web possono essere disattivati nella sezione &#8220;Configura i cookie qui&#8221;.<\/p>\n<p>Queste impostazioni si trovano nel pi\u00e8 di pagina del Sito Web. Inoltre, come accade nei browser dei computer, i browser dei dispositivi mobili consentono di apportare modifiche alle opzioni o alle impostazioni sulla privacy per disattivare o eliminare i cookie.<\/p>\n<p>Se si desidera modificare le opzioni sulla privacy, seguire le istruzioni specificate dallo sviluppatore del proprio browser per il dispositivo mobile.<\/p>\n<p>Di seguito sono riportati alcuni esempi di link che guideranno l&#8217;utente nella modifica delle opzioni sulla privacy sul proprio dispositivo mobile:<\/p>\n<ul>\n<li><strong>IOS<\/strong>: (<a href=\"http:\/\/goo.gl\/61xevS\" target=\"_blank\" rel=\"noopener noreferrer\">http:\/\/goo.gl\/61xevS<\/a>)<\/li>\n<li><strong>Windows Phone<\/strong>: (<a href=\"https:\/\/goo.gl\/tKyb0y\" target=\"_blank\" rel=\"noopener noreferrer\">https:\/\/goo.gl\/tKyb0y<\/a>)<\/li>\n<li><strong>Chrome Mobile<\/strong>: (<a href=\"http:\/\/goo.gl\/XJp7N\" target=\"_blank\" rel=\"noopener noreferrer\">http:\/\/goo.gl\/XJp7N<\/a>)<\/li>\n<li><strong>Opera Mobile<\/strong>: (<a href=\"https:\/\/shorturl.at\/RX8ty\" target=\"_blank\" rel=\"noopener\">shorturl.at\/RX8ty<\/a>)<\/li>\n<\/ul>\n<h3 id=\"cookies-types\" class=\"legal-title\">Accettazione dei cookie<\/h3>\n<p>Il presente Sito Web non installa i nostri cookie sui dispositivi degli utenti fino a quando questi non hanno accettato l&#8217;installazione degli stessi.<\/p>\n<p>Si informa che nel caso in cui non si accetti l&#8217;installazione dei cookie o si disattivi uno di questi nella configurazione, \u00e8 possibile che alcuni servizi non siano disponibili senza l&#8217;utilizzo di questi o che non si possa accedere a determinati servizi n\u00e9 sfruttare appieno tutto ci\u00f2 che questo Sito Web offre.<\/p>\n<\/div>\n[\/vc_column_text][\/vc_column][\/vc_row]\n","protected":false},"excerpt":{"rendered":"<p>[vc_row type=&#8221;in_container&#8221; full_screen_row_position=&#8221;middle&#8221; column_margin=&#8221;default&#8221; scene_position=&#8221;center&#8221; text_color=&#8221;dark&#8221; text_align=&#8221;left&#8221; overlay_strength=&#8221;0.3&#8243; shape_divider_position=&#8221;bottom&#8221; bg_image_animation=&#8221;none&#8221;][vc_column column_padding=&#8221;no-extra-padding&#8221; column_padding_position=&#8221;all&#8221; background_color_opacity=&#8221;1&#8243; background_hover_color_opacity=&#8221;1&#8243; column_link_target=&#8221;_self&#8221; column_shadow=&#8221;none&#8221; column_border_radius=&#8221;none&#8221; width=&#8221;1\/1&#8243; tablet_width_inherit=&#8221;default&#8221; tablet_text_alignment=&#8221;default&#8221; phone_text_alignment=&#8221;default&#8221; overlay_strength=&#8221;0.3&#8243; column_border_width=&#8221;none&#8221; column_border_style=&#8221;solid&#8221; bg_image_animation=&#8221;none&#8221;][vc_row_inner column_margin=&#8221;default&#8221;&#8230;<\/p>\n","protected":false},"author":144,"featured_media":0,"parent":0,"menu_order":9,"comment_status":"closed","ping_status":"closed","template":"","meta":{"_acf_changed":false,"inline_featured_image":false,"footnotes":""},"acf":[],"yoast_head":"<!-- This site is optimized with the Yoast SEO plugin v22.2 - https:\/\/yoast.com\/wordpress\/plugins\/seo\/ -->\n<title>Politica sui cookie. t2\u00f3<\/title>\n<meta name=\"description\" content=\"In t2\u00f3 utilizziamo i cookie per tracciare le interazioni dell&#039;utente, migliorare l&#039;esperienza sul nostro sito Web e per scopi commerciali.\" \/>\n<meta name=\"robots\" content=\"index, follow, max-snippet:-1, max-image-preview:large, max-video-preview:-1\" \/>\n<link rel=\"canonical\" href=\"https:\/\/www.t2o.com\/it\/politica-sui-cookie\/\" \/>\n<meta property=\"og:locale\" content=\"it_IT\" \/>\n<meta property=\"og:type\" content=\"article\" \/>\n<meta property=\"og:title\" content=\"Politica sui cookie. t2\u00f3\" \/>\n<meta property=\"og:description\" content=\"In t2\u00f3 utilizziamo i cookie per tracciare le interazioni dell&#039;utente, migliorare l&#039;esperienza sul nostro sito Web e per scopi commerciali.\" \/>\n<meta property=\"og:url\" content=\"https:\/\/www.t2o.com\/it\/politica-sui-cookie\/\" \/>\n<meta property=\"og:site_name\" content=\"t2\u00f3\" \/>\n<meta property=\"article:modified_time\" content=\"2024-09-13T11:02:30+00:00\" \/>\n<meta name=\"twitter:card\" content=\"summary_large_image\" \/>\n<meta name=\"twitter:label1\" content=\"Tempo di lettura stimato\" \/>\n\t<meta name=\"twitter:data1\" content=\"5 minuti\" \/>\n<script type=\"application\/ld+json\" class=\"yoast-schema-graph\">{\"@context\":\"https:\/\/schema.org\",\"@graph\":[{\"@type\":\"WebPage\",\"@id\":\"https:\/\/www.t2o.com\/it\/politica-sui-cookie\/\",\"url\":\"https:\/\/www.t2o.com\/it\/politica-sui-cookie\/\",\"name\":\"Politica sui cookie. t2\u00f3\",\"isPartOf\":{\"@id\":\"https:\/\/www.t2o.com\/it\/#website\"},\"datePublished\":\"2020-03-10T10:59:44+00:00\",\"dateModified\":\"2024-09-13T11:02:30+00:00\",\"description\":\"In t2\u00f3 utilizziamo i cookie per tracciare le interazioni dell'utente, migliorare l'esperienza sul nostro sito Web e per scopi commerciali.\",\"breadcrumb\":{\"@id\":\"https:\/\/www.t2o.com\/it\/politica-sui-cookie\/#breadcrumb\"},\"inLanguage\":\"it-IT\",\"potentialAction\":[{\"@type\":\"ReadAction\",\"target\":[\"https:\/\/www.t2o.com\/it\/politica-sui-cookie\/\"]}]},{\"@type\":\"BreadcrumbList\",\"@id\":\"https:\/\/www.t2o.com\/it\/politica-sui-cookie\/#breadcrumb\",\"itemListElement\":[{\"@type\":\"ListItem\",\"position\":1,\"name\":\"Portada\",\"item\":\"https:\/\/www.t2o.com\/it\/\"},{\"@type\":\"ListItem\",\"position\":2,\"name\":\"Politica sui cookie\"}]},{\"@type\":\"WebSite\",\"@id\":\"https:\/\/www.t2o.com\/it\/#website\",\"url\":\"https:\/\/www.t2o.com\/it\/\",\"name\":\"t2\u00f3\",\"description\":\"t2\u00f3 es una consultora de Marketing, Ventas y Estrategia Digital\",\"potentialAction\":[{\"@type\":\"SearchAction\",\"target\":{\"@type\":\"EntryPoint\",\"urlTemplate\":\"https:\/\/www.t2o.com\/it\/?s={search_term_string}\"},\"query-input\":\"required name=search_term_string\"}],\"inLanguage\":\"it-IT\"}]}<\/script>\n<!-- \/ Yoast SEO plugin. -->","yoast_head_json":{"title":"Politica sui cookie. t2\u00f3","description":"In t2\u00f3 utilizziamo i cookie per tracciare le interazioni dell'utente, migliorare l'esperienza sul nostro sito Web e per scopi commerciali.","robots":{"index":"index","follow":"follow","max-snippet":"max-snippet:-1","max-image-preview":"max-image-preview:large","max-video-preview":"max-video-preview:-1"},"canonical":"https:\/\/www.t2o.com\/it\/politica-sui-cookie\/","og_locale":"it_IT","og_type":"article","og_title":"Politica sui cookie. t2\u00f3","og_description":"In t2\u00f3 utilizziamo i cookie per tracciare le interazioni dell'utente, migliorare l'esperienza sul nostro sito Web e per scopi commerciali.","og_url":"https:\/\/www.t2o.com\/it\/politica-sui-cookie\/","og_site_name":"t2\u00f3","article_modified_time":"2024-09-13T11:02:30+00:00","twitter_card":"summary_large_image","twitter_misc":{"Tempo di lettura stimato":"5 minuti"},"schema":{"@context":"https:\/\/schema.org","@graph":[{"@type":"WebPage","@id":"https:\/\/www.t2o.com\/it\/politica-sui-cookie\/","url":"https:\/\/www.t2o.com\/it\/politica-sui-cookie\/","name":"Politica sui cookie. t2\u00f3","isPartOf":{"@id":"https:\/\/www.t2o.com\/it\/#website"},"datePublished":"2020-03-10T10:59:44+00:00","dateModified":"2024-09-13T11:02:30+00:00","description":"In t2\u00f3 utilizziamo i cookie per tracciare le interazioni dell'utente, migliorare l'esperienza sul nostro sito Web e per scopi commerciali.","breadcrumb":{"@id":"https:\/\/www.t2o.com\/it\/politica-sui-cookie\/#breadcrumb"},"inLanguage":"it-IT","potentialAction":[{"@type":"ReadAction","target":["https:\/\/www.t2o.com\/it\/politica-sui-cookie\/"]}]},{"@type":"BreadcrumbList","@id":"https:\/\/www.t2o.com\/it\/politica-sui-cookie\/#breadcrumb","itemListElement":[{"@type":"ListItem","position":1,"name":"Portada","item":"https:\/\/www.t2o.com\/it\/"},{"@type":"ListItem","position":2,"name":"Politica sui cookie"}]},{"@type":"WebSite","@id":"https:\/\/www.t2o.com\/it\/#website","url":"https:\/\/www.t2o.com\/it\/","name":"t2\u00f3","description":"t2\u00f3 es una consultora de Marketing, Ventas y Estrategia Digital","potentialAction":[{"@type":"SearchAction","target":{"@type":"EntryPoint","urlTemplate":"https:\/\/www.t2o.com\/it\/?s={search_term_string}"},"query-input":"required name=search_term_string"}],"inLanguage":"it-IT"}]}},"_links":{"self":[{"href":"https:\/\/www.t2o.com\/it\/wp-json\/wp\/v2\/pages\/317660"}],"collection":[{"href":"https:\/\/www.t2o.com\/it\/wp-json\/wp\/v2\/pages"}],"about":[{"href":"https:\/\/www.t2o.com\/it\/wp-json\/wp\/v2\/types\/page"}],"author":[{"embeddable":true,"href":"https:\/\/www.t2o.com\/it\/wp-json\/wp\/v2\/users\/144"}],"replies":[{"embeddable":true,"href":"https:\/\/www.t2o.com\/it\/wp-json\/wp\/v2\/comments?post=317660"}],"version-history":[{"count":7,"href":"https:\/\/www.t2o.com\/it\/wp-json\/wp\/v2\/pages\/317660\/revisions"}],"predecessor-version":[{"id":374501,"href":"https:\/\/www.t2o.com\/it\/wp-json\/wp\/v2\/pages\/317660\/revisions\/374501"}],"wp:attachment":[{"href":"https:\/\/www.t2o.com\/it\/wp-json\/wp\/v2\/media?parent=317660"}],"curies":[{"name":"wp","href":"https:\/\/api.w.org\/{rel}","templated":true}]}}